{"id":19,"date":"2016-05-17T12:42:59","date_gmt":"2016-05-17T15:42:59","guid":{"rendered":"http:\/\/wwwt.his.puc-rio.br\/his\/corpo-docente\/"},"modified":"2026-03-17T09:53:03","modified_gmt":"2026-03-17T12:53:03","slug":"corpo-docente","status":"publish","type":"page","link":"https:\/\/www.his.puc-rio.br\/en\/corpo-docente\/","title":{"rendered":"CORPO DOCENTE"},"content":{"rendered":"<p><\/p>\n<h2><span style=\"color: #000000;\">Mainboard Professors<\/span><\/h2>\n<p>&nbsp;<\/p>\n<p>&nbsp;<\/p>\n<p><span style=\"color: #000000;\"><strong>CRISLAYNE GLOSS MAR\u00c3O ALFAGALI<\/strong> &#8211; Doutora em Hist\u00f3ria Social (UNICAMP)<\/span><\/p>\n<h5><span style=\"color: #0000ff;\"><a style=\"color: #0000ff;\" href=\"http:\/\/buscatextual.cnpq.br\/buscatextual\/visualizacv.do?id=K4216644Y6\" target=\"_blank\" rel=\"noopener\">Curr\u00edculo Lattes<\/a><\/span><\/h5>\n<h5><span style=\"color: #000000;\">crisalfagali@puc-rio.br<\/span><\/h5>\n<p>&nbsp;<\/p>\n<p><span style=\"color: #000000;\"><strong>DIEGO ANTONIO GALEANO<\/strong> \u2013 Doutor em Hist\u00f3ria Social (UFRJ)<\/span><\/p>\n<h5><span style=\"text-decoration: underline; color: #0000ff;\"><a style=\"color: #0000ff; text-decoration: underline;\" href=\"http:\/\/lattes.cnpq.br\/4681964247453265\" target=\"_blank\" rel=\"noopener\">Curr\u00edculo Lattes<\/a><\/span><\/h5>\n<h5><span style=\"color: #000000;\">dgaleano@puc-rio.br<\/span><\/h5>\n<p>&nbsp;<\/p>\n<p><span style=\"color: #000000;\"><strong>EDUARDO WRIGHT CARDOSO<\/strong> &#8211;\u00a0Doutor em Hist\u00f3ria (PUC-Rio)<\/span><\/p>\n<h5><span style=\"color: #0000ff;\"><a style=\"color: #0000ff;\" href=\"http:\/\/buscatextual.cnpq.br\/buscatextual\/visualizacv.do?id=K4559638H4\" target=\"_blank\" rel=\"noopener\">Curr\u00edculo Lattes<\/a><\/span><\/h5>\n<h5><span style=\"color: #000000;\">ecardoso@puc-rio.br<\/span><\/h5>\n<p>&nbsp;<\/p>\n<p><span style=\"color: #000000;\"><strong>HENRIQUE ESTRADA RODRIGUES<\/strong> \u2013 Doutor em Filosofia (USP)<\/span><\/p>\n<h5><span style=\"text-decoration: underline; color: #0000ff;\"><a style=\"color: #0000ff; text-decoration: underline;\" href=\"http:\/\/lattes.cnpq.br\/0735137446842082\" target=\"_blank\" rel=\"noopener\">Curr\u00edculo Lattes<\/a><\/span><\/h5>\n<h5><span style=\"color: #000000;\">henrique-estrada@puc-rio.br<\/span><\/h5>\n<p>&nbsp;<\/p>\n<p><span style=\"color: #000000;\"><strong>JO\u00c3O DE AZEVEDO E DIAS DUARTE<\/strong> &#8211; Doutor em Hist\u00f3ria (PUC-Rio)<\/span><\/p>\n<h5><span style=\"text-decoration: underline; color: #0000ff;\"><a style=\"color: #0000ff; text-decoration: underline;\" href=\"http:\/\/buscatextual.cnpq.br\/buscatextual\/visualizacv.do?id=K4247345P0\" target=\"_blank\" rel=\"noopener\">Curr\u00edculo Lattes<\/a><\/span><\/h5>\n<h5><span style=\"color: #000000;\">jadduarte@puc-rio.br<\/span><span style=\"text-decoration: underline;\"><a href=\"http:\/\/buscatextual.cnpq.br\/buscatextual\/visualizacv.do?id=K4247345P0\" target=\"_blank\" rel=\"noopener\"><br \/>\n<\/a><\/span><\/h5>\n<p>&nbsp;<\/p>\n<p><span style=\"color: #000000;\"><strong>JO\u00c3O MASAO KAMITA<\/strong> \u2013 Doutor em Arquitetura e Urbanismo (USP)<\/span><\/p>\n<h5><span style=\"text-decoration: underline; color: #0000ff;\"><a style=\"color: #0000ff; text-decoration: underline;\" href=\"http:\/\/lattes.cnpq.br\/3375529151382237\" target=\"_blank\" rel=\"noopener\">Curr\u00edculo Lattes<\/a><\/span><\/h5>\n<h5><span style=\"color: #000000;\">masao@puc-rio.br<\/span><\/h5>\n<p>&nbsp;<\/p>\n<p><span style=\"color: #000000;\"><strong>JU\u00c7ARA DA SILVA BARBOSA DE MELLO<\/strong> \u2013 Doutora em Hist\u00f3ria(PUC-Rio)<\/span><\/p>\n<h5><span style=\"text-decoration: underline; color: #0000ff;\"><a style=\"color: #0000ff; text-decoration: underline;\" href=\"http:\/\/lattes.cnpq.br\/9246461933404984\" target=\"_blank\" rel=\"noopener\">Curr\u00edculo Lattes<\/a><\/span><\/h5>\n<h5><span style=\"color: #000000;\">jsbmello@puc-rio.br<\/span><\/h5>\n<p>&nbsp;<\/p>\n<p><span style=\"color: #000000;\"><strong>LARISSA ROSA CORR\u00caA<\/strong> \u2013 Doutora em Hist\u00f3ria Social (<\/span><span style=\"color: #000000;\">UNICAMP<\/span><span style=\"color: #000000;\">)<\/span><\/p>\n<h5><span style=\"text-decoration: underline; color: #0000ff;\"><a style=\"color: #0000ff; text-decoration: underline;\" href=\"http:\/\/lattes.cnpq.br\/8242698091108462\" target=\"_blank\" rel=\"noopener\">Curr\u00edculo Lattes<\/a><\/span><\/h5>\n<h5><span style=\"color: #000000;\">larissa_correa@puc-rio.br<\/span><\/h5>\n<p>&nbsp;<\/p>\n<p><span style=\"color: #000000;\"><strong>LEONARDO AFFONSO DE MIRANDA PEREIRA<\/strong> \u2013 Doutor em Hist\u00f3ria Social (UNICAMP)<\/span><\/p>\n<h5><span style=\"text-decoration: underline; color: #0000ff;\"><a style=\"color: #0000ff; text-decoration: underline;\" href=\"http:\/\/lattes.cnpq.br\/2161915999307006\" target=\"_blank\" rel=\"noopener\">Curr\u00edculo Lattes<\/a><\/span><\/h5>\n<h5><span style=\"color: #000000;\">leonardo@puc-rio.br<\/span><\/h5>\n<p>&nbsp;<\/p>\n<p><span style=\"color: #000000;\"><strong>MARCELO GANTUS JASMIN<\/strong> \u2013 Doutor em Ci\u00eancia Pol\u00edtica (IUPERJ)<\/span><\/p>\n<h5><span style=\"text-decoration: underline; color: #0000ff;\"><a style=\"color: #0000ff; text-decoration: underline;\" href=\"http:\/\/lattes.cnpq.br\/0635042395741656\" target=\"_blank\" rel=\"noopener\">Curr\u00edculo Lattes<\/a><\/span><\/h5>\n<h5><span style=\"color: #000000;\">jasmin@puc-rio.br<\/span><\/h5>\n<p>&nbsp;<\/p>\n<p><span style=\"color: #000000;\"><strong>MARCO ANTONIO VILLELA PAMPLONA<\/strong> \u2013 Doutor em Hist\u00f3ria (Columbia University, NYC)<\/span><\/p>\n<h5><span style=\"text-decoration: underline; color: #0000ff;\"><a style=\"color: #0000ff; text-decoration: underline;\" href=\"http:\/\/lattes.cnpq.br\/7039083349183840\" target=\"_blank\" rel=\"noopener\">Curr\u00edculo Lattes<\/a><\/span><\/h5>\n<h5><span style=\"color: #000000;\">pamplona@puc-rio.br<\/span><\/h5>\n<p>&nbsp;<\/p>\n<p><span style=\"color: #000000;\"><strong>MARIA ELISA NORONHA DE S\u00c1<\/strong> \u2013 Doutora em Hist\u00f3ria (UFF)<\/span><\/p>\n<h5><span style=\"text-decoration: underline; color: #0000ff;\"><a style=\"color: #0000ff; text-decoration: underline;\" href=\"http:\/\/lattes.cnpq.br\/9019487528363359\" target=\"_blank\" rel=\"noopener\">Curr\u00edculo Lattes<\/a><\/span><\/h5>\n<h5><span style=\"color: #000000;\">maisa@puc-rio.br<\/span><\/h5>\n<p>&nbsp;<\/p>\n<p><span style=\"color: #000000;\"><strong>MAUR\u00cdCIO BARRETO ALVAREZ PARADA<\/strong> \u2013 Doutor em Hist\u00f3ria (UFRJ)\u00a0<\/span><\/p>\n<h5><span style=\"text-decoration: underline; color: #0000ff;\"><a style=\"color: #0000ff; text-decoration: underline;\" href=\"http:\/\/lattes.cnpq.br\/3496123001709391\" target=\"_blank\" rel=\"noopener\">Curr\u00edculo Lattes<\/a><\/span><\/h5>\n<h5><span style=\"color: #000000;\">mauricioparada@puc-rio.br<\/span><\/h5>\n<p>&nbsp;<\/p>\n<p><span style=\"color: #000000;\"><strong>REGIANE AUGUSTO DE MATTOS<\/strong> \u2013 Doutora em Hist\u00f3ria Social (USP)<\/span><\/p>\n<h5><span style=\"text-decoration: underline; color: #0000ff;\"><a style=\"color: #0000ff; text-decoration: underline;\" href=\"http:\/\/lattes.cnpq.br\/7616207179319016\" target=\"_blank\" rel=\"noopener\">Curr\u00edculo Lattes<\/a><\/span><\/h5>\n<h5><span style=\"color: #000000;\">regianemattos@puc-rio.br<\/span><\/h5>\n<h5><\/h5>\n<p>&nbsp;<\/p>\n<p><span style=\"color: #000000;\"><strong>S\u00c9RGIO BRUNO GUIMAR\u00c3ES MARTINS<\/strong> \u2013 Doutor em Hist\u00f3ria da Arte (University College London).<\/span><\/p>\n<h5><span style=\"text-decoration: underline; color: #0000ff;\"><a style=\"color: #0000ff; text-decoration: underline;\" href=\"http:\/\/lattes.cnpq.br\/6071317439862025\" target=\"_blank\" rel=\"noopener\">Curr\u00edculo Lattes<\/a><\/span><\/h5>\n<h5><span style=\"color: #000000;\">sergiomartins@puc-rio.br<\/span><\/h5>\n<p>&nbsp;<\/p>\n<h2><span style=\"font-weight: bold; color: #000000;\">Permanent Professors of the Graduate Program<\/span><\/h2>\n<p><span style=\"color: #000000;\"><strong>OTAVIO LEONIDIO RIBEIRO<\/strong>\u00a0\u2013 Doutor em Hist\u00f3ria (PUC-Rio)<\/span><\/p>\n<h5><a href=\"http:\/\/buscatextual.cnpq.br\/buscatextual\/visualizacv.do?id=K4164135T6&amp;tokenCaptchar=03AGdBq26umuKF-ZTQjkJD_UFPurGAd-ct_kq9OnWB7Mg5vqPZf5MuZYlN9cigL-H6qFGCmXWQwG6PDK5eHHNcLGHqOBlr7QnFEacNDzsRqh4JjAS2-jkOaiuFT2_LFiFrdGiqpZytMh7xt9Go6lEJbKtU4miIaIRJDwC-c2xHMjyV0ejcpLnOCZSVndcqxU0TpNdhR3xdlASf2PB7U5EVtm_2MKUK7QYweXyZDCJIyDE2kXWfC5FRuM76ZejslGLUXF5pJ-eABH3yJ6VJf85DQ_LQewy2ub8zCMijq0kPdNAz8c6EGhvsVULrduvfwNA3fdqOhCNuoMOt6trIzZfjG55DYCbsNBhg5sjGyFhaXamMCQ1TBbBGDe8AfvfrughpDcqnpax_1oPAKtdscAsGYfamcrS3tkGax26lBo5Jl-w-UnplieQu1pCFuykgq2QAtmYgupRoSmySmnCBcbXfJemgN7zzhyIctQ\" target=\"_blank\" rel=\"noopener\"><span style=\"color: #0000ff;\">Curr\u00edculo Lattes<\/span><\/a><\/h5>\n<p>&nbsp;<\/p>\n<p>&nbsp;<\/p>\n<h2><span style=\"color: #000000;\">Teachers of the Complementary Framework of the History Department<\/span><\/h2>\n<p>&nbsp;<\/p>\n<p>&nbsp;<\/p>\n<p><span style=\"color: #000000;\"><strong>ANTONIO EDMILSON MARTINS RODRIGUES<\/strong> \u2013 Livre Docente (UERJ<\/span>)<\/p>\n<h5><span style=\"text-decoration: underline; color: #0000ff;\"><a style=\"color: #0000ff; text-decoration: underline;\" href=\"http:\/\/lattes.cnpq.br\/2656428185505030\" target=\"_blank\" rel=\"noopener\">Curr\u00edculo Lattes<\/a><\/span><\/h5>\n<h5><span style=\"color: #000000;\">edmilson@puc-rio.br<\/span><\/h5>\n<p>&nbsp;<\/p>\n<p><span style=\"color: #000000;\"><strong>DEIVISON GON\u00c7ALVES AMARAL<\/strong> &#8211; Doutor em Hist\u00f3ria Social (UNICAMP)<\/span><\/p>\n<h5><span style=\"color: #0000ff;\"><a style=\"color: #0000ff;\" href=\"http:\/\/buscatextual.cnpq.br\/buscatextual\/visualizacv.do?id=K4739343J1\" target=\"_blank\" rel=\"noopener\">Curr\u00edculo Lattes<\/a><\/span><\/h5>\n<h5><span style=\"color: #000000;\">damaral@puc-rio.br<\/span><\/h5>\n<p>&nbsp;<\/p>\n<p><span style=\"color: #000000;\"><strong>DENISE CHINI SOLOT<\/strong> \u2013 Doutora em Hist\u00f3ria (PUC-Rio)<\/span><\/p>\n<h5><span style=\"text-decoration: underline; color: #0000ff;\"><a style=\"color: #0000ff; text-decoration: underline;\" href=\"http:\/\/lattes.cnpq.br\/7280514973295378\" target=\"_blank\" rel=\"noopener\">Curr\u00edculo Lattes<\/a><\/span><\/h5>\n<h5><span style=\"color: #000000;\">denise.solot@gmail.com<\/span><\/h5>\n<p>&nbsp;<\/p>\n<p><span style=\"color: #000000;\"><strong>HELOISA MEIRELES GESTEIRA<\/strong> \u2013 Doutora em Hist\u00f3ria (UFF)<\/span><\/p>\n<h5><span style=\"text-decoration: underline; color: #0000ff;\"><a style=\"color: #0000ff; text-decoration: underline;\" href=\"http:\/\/lattes.cnpq.br\/6279701912425584\" target=\"_blank\" rel=\"noopener\">Curr\u00edculo Lattes<\/a><\/span><\/h5>\n<h5><span style=\"color: #000000;\">heloisagesteira@mast.br<\/span><\/h5>\n<p>&nbsp;<\/p>\n<p><span style=\"color: #000000;\"><strong>IAMARA DA SILVA VIANA<\/strong> \u2013 Doutora em Hist\u00f3ria Social (UERJ)<\/span><\/p>\n<h5><span style=\"text-decoration: underline; color: #0000ff;\"><a style=\"color: #0000ff; text-decoration: underline;\" href=\"http:\/\/lattes.cnpq.br\/8734218761246193\" target=\"_blank\" rel=\"noopener\">Curr\u00edculo Lattes<\/a><\/span><\/h5>\n<h5><span style=\"color: #000000;\">ia.sviana@gmail.com<\/span><\/h5>\n<p>&nbsp;<\/p>\n<p><span style=\"color: #000000;\"><strong>IVANA STOLZE LIMA<\/strong> \u2013\u00a0 Doutora em Hist\u00f3ria (UFF)<\/span><\/p>\n<h5><span style=\"text-decoration: underline; color: #0000ff;\"><a style=\"color: #0000ff; text-decoration: underline;\" href=\"http:\/\/lattes.cnpq.br\/5955973975215372\" target=\"_blank\" rel=\"noopener\">Curr\u00edculo Lattes<\/a><\/span><\/h5>\n<h5><span style=\"color: #000000;\">ivanasl@puc-rio.br<\/span><\/h5>\n<p>&nbsp;<\/p>\n<p><span style=\"color: #000000;\"><strong>LEONARDO DE CARVALHO AUGUSTO<\/strong> \u2013 Mestre em Hist\u00f3ria (PUC-Rio)<\/span><\/p>\n<h5><span style=\"text-decoration: underline; color: #0000ff;\"><a style=\"color: #0000ff; text-decoration: underline;\" href=\"http:\/\/lattes.cnpq.br\/4144190001433998\" target=\"_blank\" rel=\"noopener\">Curr\u00edculo Lattes<\/a><\/span><\/h5>\n<h5><span style=\"color: #000000;\">leonardodecarvalhoaugusto@hotmail.com<\/span><\/h5>\n<p>&nbsp;<\/p>\n<p><span style=\"color: #000000;\"><strong>LUCIANA BORGERTH VIAL CORR\u00caA<\/strong> \u2013 Mestre em Educa\u00e7\u00e3o (PUC-Rio)<\/span><\/p>\n<h5><span style=\"text-decoration: underline; color: #0000ff;\"><a style=\"color: #0000ff; text-decoration: underline;\" href=\"http:\/\/lattes.cnpq.br\/6878778664965335\" target=\"_blank\" rel=\"noopener\">Curr\u00edculo Lattes<\/a><\/span><\/h5>\n<h5><span style=\"color: #000000;\">lbvcorrea@uol.com.br<\/span><\/h5>\n<p>&nbsp;<\/p>\n<p><span style=\"color: #000000;\"><strong>MARCOS GUEDES VENEU<\/strong> \u2013 Mestre em Antropologia Social (UFRJ)\u00a0<\/span><\/p>\n<h5><span style=\"text-decoration: underline; color: #0000ff;\"><a style=\"color: #0000ff; text-decoration: underline;\" href=\"http:\/\/lattes.cnpq.br\/0302589429897705\" target=\"_blank\" rel=\"noopener\">Curr\u00edculo Lattes<\/a><\/span><\/h5>\n<h5><span style=\"color: #000000;\">marcos.veneu@puc-rio.br<\/span><span style=\"text-decoration: underline;\"><br \/>\n<\/span><\/h5>\n<p>&nbsp;<\/p>\n<p><span style=\"color: #000000;\"><strong>MARIA GABRIELA CARNEIRO CARVALHO<\/strong> \u2013 Mestre em Hist\u00f3ria (PUC-Rio)<\/span><\/p>\n<h5><span style=\"text-decoration: underline; color: #0000ff;\"><a style=\"color: #0000ff; text-decoration: underline;\" href=\"http:\/\/lattes.cnpq.br\/4738592061406487\" target=\"_blank\" rel=\"noopener\">Curr\u00edculo Lattes<\/a><\/span><\/h5>\n<h5><span style=\"color: #000000;\">mgabrielaccarvalho@gmail.com<\/span><\/h5>\n<p>&nbsp;<\/p>\n<p><span style=\"color: #000000;\"><strong>MARIO \u00c2NGELO BRAND\u00c3O DE OLIVEIRA MIRANDA<\/strong> \u2013 Doutor em Hist\u00f3ria (PUC-Rio)<\/span><\/p>\n<h5><span style=\"text-decoration: underline; color: #0000ff;\"><a style=\"color: #0000ff; text-decoration: underline;\" href=\"http:\/\/lattes.cnpq.br\/2516783776536781\" target=\"_blank\" rel=\"noopener\">Curr\u00edculo Lattes<\/a><\/span><\/h5>\n<h5><span style=\"color: #000000;\">marioangelomiranda@gmail.com<\/span><\/h5>\n<p>&nbsp;<\/p>\n<p><span style=\"color: #000000;\"><strong>PEDRO FELIPE NEVES DE MU\u00d1OZ<\/strong> &#8211; Doutor em Hist\u00f3ria das Ci\u00eancias (FIOCRUZ)<\/span><\/p>\n<h5><span style=\"color: #0000ff;\"><a style=\"color: #0000ff;\" href=\"http:\/\/buscatextual.cnpq.br\/buscatextual\/visualizacv.do?id=K4268000Z9\" target=\"_blank\" rel=\"noopener\">Curr\u00edculo Lattes<\/a><\/span><\/h5>\n<h5><span style=\"color: #000000;\">pedromunoz@puc-rio.br<\/span><\/h5>\n<p>&nbsp;<\/p>\n<p><span style=\"color: #000000;\"><strong>R\u00d4MULO COSTA MATTOS<\/strong> \u2013 Doutor em Hist\u00f3ria (UFF)<\/span><\/p>\n<h5><span style=\"text-decoration: underline; color: #0000ff;\"><a style=\"color: #0000ff; text-decoration: underline;\" href=\"http:\/\/lattes.cnpq.br\/3717744398205428\" target=\"_blank\" rel=\"noopener\">Curr\u00edculo Lattes<\/a><\/span><\/h5>\n<h5><span style=\"color: #000000;\">romulomattos@puc-rio.br<\/span><\/h5>\n<p>&nbsp;<\/p>\n<p>&nbsp;<\/p>\n<h2><span style=\"color: #000000;\">Emeritus Professors from the History Department<\/span><\/h2>\n<p>&nbsp;<\/p>\n<p><span style=\"color: #000000;\"><strong>LUIZ DE FRAN\u00c7A COSTA LIMA FILHO<\/strong> \u2013 Doutor em Letras (USP)<\/span><\/p>\n<h5><span style=\"text-decoration: underline; color: #0000ff;\"><a style=\"color: #0000ff; text-decoration: underline;\" href=\"http:\/\/lattes.cnpq.br\/3475085618680340\" target=\"_blank\" rel=\"noopener\">Curr\u00edculo Lattes<\/a><\/span><\/h5>\n<h5><span style=\"color: #000000;\">l.18danil@gmail.com<\/span><\/h5>\n<p>&nbsp;<\/p>\n<p><span style=\"color: #000000;\"><strong>MARGARIDA DE SOUZA NEVES<\/strong> \u2013 Doutora em Hist\u00f3ria (Universidade Complutense de Madrid)<\/span><\/p>\n<h5><span style=\"text-decoration: underline; color: #0000ff;\"><a style=\"color: #0000ff; text-decoration: underline;\" href=\"http:\/\/lattes.cnpq.br\/2037911313100593\" target=\"_blank\" rel=\"noopener\">Curr\u00edculo Lattes<\/a><\/span><\/h5>\n<h5><span style=\"color: #000000;\">msneves@puc-rio.br<\/span><\/h5>\n<p>&nbsp;<\/p>\n<p>&nbsp;<\/p>\n<h2><span style=\"color: #000000;\">Professors Contributors to the Graduate Program<\/span><\/h2>\n<p>&nbsp;<\/p>\n<p><span style=\"color: #000000;\"><strong>LUIZ DE FRAN\u00c7A COSTA LIMA FILHO<\/strong> \u2013 Doutor em Letras (USP)<\/span><\/p>\n<h5><span style=\"text-decoration: underline; color: #0000ff;\"><a style=\"color: #0000ff; text-decoration: underline;\" href=\"http:\/\/lattes.cnpq.br\/3475085618680340\" target=\"_blank\" rel=\"noopener\">Curr\u00edculo Lattes<\/a><\/span><\/h5>\n<h5><span style=\"color: #000000;\">l.18danil@gmail.com<\/span><\/h5>\n<p>&nbsp;<\/p>\n<p><span style=\"color: #000000;\"><strong>MARGARIDA DE SOUZA NEVES<\/strong> \u2013 Doutora em Hist\u00f3ria (Universidade Complutense de Madrid)<\/span><\/p>\n<h5><span style=\"text-decoration: underline; color: #0000ff;\"><a style=\"color: #0000ff; text-decoration: underline;\" href=\"http:\/\/lattes.cnpq.br\/2037911313100593\" target=\"_blank\" rel=\"noopener\">Curr\u00edculo Lattes<\/a><\/span><\/h5>\n<h5><span style=\"color: #000000;\">msneves@puc-rio.br<\/span><\/h5>\n<p>&nbsp;<\/p>\n<h5><\/h5>\n<p>&nbsp;<\/p>","protected":false},"excerpt":{"rendered":"<p>Mainboard Professors &nbsp; &nbsp; CRISLAYNE GLOSS MAR\u00c3O ALFAGALI &#8211; Doutora em Hist\u00f3ria Social (UNICAMP) Curr\u00edculo Lattes crisalfagali@puc-rio.br &nbsp; DIEGO ANTONIO GALEANO \u2013 Doutor em Hist\u00f3ria Social (UFRJ) Curr\u00edculo Lattes dgaleano@puc-rio.br &nbsp; EDUARDO WRIGHT CARDOSO &#8211;\u00a0Doutor em Hist\u00f3ria (PUC-Rio) Curr\u00edculo Lattes<a class=\"moretag\" href=\"https:\/\/www.his.puc-rio.br\/en\/corpo-docente\/\">&#8230;<\/a><\/br><a href=\"https:\/\/www.his.puc-rio.br\/en\/corpo-docente\/\" class=\"read-more\">Leia mais..  <span class=\"glyphicon glyphicon-chevron-right\" ><\/span><\/a><\/p>\n","protected":false},"author":1,"featured_media":0,"parent":0,"menu_order":5,"comment_status":"closed","ping_status":"closed","template":"page-templates\/full-width.php","meta":{"footnotes":""},"yoast_head":"<!-- This site is optimized with the Yoast SEO plugin v23.5 - https:\/\/yoast.com\/wordpress\/plugins\/seo\/ -->\n<title>CORPO DOCENTE - Departamento de Hist\u00f3ria da PUC-Rio<\/title>\n<meta name=\"robots\" content=\"index, follow, max-snippet:-1, max-image-preview:large, max-video-preview:-1\" \/>\n<link rel=\"canonical\" href=\"http:\/\/www.his.puc-rio.br\/en\/corpo-docente\/\" \/>\n<meta property=\"og:locale\" content=\"en_US\" \/>\n<meta property=\"og:type\" content=\"article\" \/>\n<meta property=\"og:title\" content=\"CORPO DOCENTE - Departamento de Hist\u00f3ria da PUC-Rio\" \/>\n<meta property=\"og:description\" content=\"Mainboard Professors &nbsp; &nbsp; CRISLAYNE GLOSS MAR\u00c3O ALFAGALI &#8211; Doutora em Hist\u00f3ria Social (UNICAMP) Curr\u00edculo Lattes crisalfagali@puc-rio.br &nbsp; DIEGO ANTONIO GALEANO \u2013 Doutor em Hist\u00f3ria Social (UFRJ) Curr\u00edculo Lattes dgaleano@puc-rio.br &nbsp; EDUARDO WRIGHT CARDOSO &#8211;\u00a0Doutor em Hist\u00f3ria (PUC-Rio) Curr\u00edculo Lattes...Leia mais..\" \/>\n<meta property=\"og:url\" content=\"http:\/\/www.his.puc-rio.br\/en\/corpo-docente\/\" \/>\n<meta property=\"og:site_name\" content=\"Departamento de Hist\u00f3ria da PUC-Rio\" \/>\n<meta property=\"article:modified_time\" content=\"2026-03-17T12:53:03+00:00\" \/>\n<meta name=\"twitter:card\" content=\"summary_large_image\" \/>\n<meta name=\"twitter:label1\" content=\"Est. reading time\" \/>\n\t<meta name=\"twitter:data1\" content=\"3 minutes\" \/>\n<script type=\"application\/ld+json\" class=\"yoast-schema-graph\">{\"@context\":\"https:\/\/schema.org\",\"@graph\":[{\"@type\":\"WebPage\",\"@id\":\"http:\/\/www.his.puc-rio.br\/en\/corpo-docente\/\",\"url\":\"http:\/\/www.his.puc-rio.br\/en\/corpo-docente\/\",\"name\":\"CORPO DOCENTE - Departamento de Hist\u00f3ria da PUC-Rio\",\"isPartOf\":{\"@id\":\"http:\/\/www.his.puc-rio.br\/en\/#website\"},\"datePublished\":\"2016-05-17T15:42:59+00:00\",\"dateModified\":\"2026-03-17T12:53:03+00:00\",\"breadcrumb\":{\"@id\":\"http:\/\/www.his.puc-rio.br\/en\/corpo-docente\/#breadcrumb\"},\"inLanguage\":\"en-US\",\"potentialAction\":[{\"@type\":\"ReadAction\",\"target\":[[\"http:\/\/www.his.puc-rio.br\/en\/corpo-docente\/\"]]}]},{\"@type\":\"BreadcrumbList\",\"@id\":\"http:\/\/www.his.puc-rio.br\/en\/corpo-docente\/#breadcrumb\",\"itemListElement\":[{\"@type\":\"ListItem\",\"position\":1,\"name\":\"In\u00edcio\",\"item\":\"http:\/\/www.his.puc-rio.br\/en\/\"},{\"@type\":\"ListItem\",\"position\":2,\"name\":\"CORPO DOCENTE\"}]},{\"@type\":\"WebSite\",\"@id\":\"http:\/\/www.his.puc-rio.br\/en\/#website\",\"url\":\"http:\/\/www.his.puc-rio.br\/en\/\",\"name\":\"Departamento de Hist\u00f3ria da PUC-Rio\",\"description\":\"Cursos de Gradua\u00e7\u00e3o, P\u00f3s-gradua\u00e7\u00e3o, Mestrado e Doutorado\",\"potentialAction\":[{\"@type\":\"SearchAction\",\"target\":{\"@type\":\"EntryPoint\",\"urlTemplate\":\"http:\/\/www.his.puc-rio.br\/en\/?s={search_term_string}\"},\"query-input\":{\"@type\":\"PropertyValueSpecification\",\"valueRequired\":true,\"valueName\":\"search_term_string\"}}],\"inLanguage\":\"en-US\"}]}<\/script>\n<!-- \/ Yoast SEO plugin. -->","yoast_head_json":{"title":"CORPO DOCENTE - Departamento de Hist\u00f3ria da PUC-Rio","robots":{"index":"index","follow":"follow","max-snippet":"max-snippet:-1","max-image-preview":"max-image-preview:large","max-video-preview":"max-video-preview:-1"},"canonical":"http:\/\/www.his.puc-rio.br\/en\/corpo-docente\/","og_locale":"en_US","og_type":"article","og_title":"CORPO DOCENTE - Departamento de Hist\u00f3ria da PUC-Rio","og_description":"Mainboard Professors &nbsp; &nbsp; CRISLAYNE GLOSS MAR\u00c3O ALFAGALI &#8211; Doutora em Hist\u00f3ria Social (UNICAMP) Curr\u00edculo Lattes crisalfagali@puc-rio.br &nbsp; DIEGO ANTONIO GALEANO \u2013 Doutor em Hist\u00f3ria Social (UFRJ) Curr\u00edculo Lattes dgaleano@puc-rio.br &nbsp; EDUARDO WRIGHT CARDOSO &#8211;\u00a0Doutor em Hist\u00f3ria (PUC-Rio) Curr\u00edculo Lattes...Leia mais..","og_url":"http:\/\/www.his.puc-rio.br\/en\/corpo-docente\/","og_site_name":"Departamento de Hist\u00f3ria da PUC-Rio","article_modified_time":"2026-03-17T12:53:03+00:00","twitter_card":"summary_large_image","twitter_misc":{"Est. reading time":"3 minutes"},"schema":{"@context":"https:\/\/schema.org","@graph":[{"@type":"WebPage","@id":"http:\/\/www.his.puc-rio.br\/en\/corpo-docente\/","url":"http:\/\/www.his.puc-rio.br\/en\/corpo-docente\/","name":"CORPO DOCENTE - Departamento de Hist\u00f3ria da PUC-Rio","isPartOf":{"@id":"http:\/\/www.his.puc-rio.br\/en\/#website"},"datePublished":"2016-05-17T15:42:59+00:00","dateModified":"2026-03-17T12:53:03+00:00","breadcrumb":{"@id":"http:\/\/www.his.puc-rio.br\/en\/corpo-docente\/#breadcrumb"},"inLanguage":"en-US","potentialAction":[{"@type":"ReadAction","target":[["http:\/\/www.his.puc-rio.br\/en\/corpo-docente\/"]]}]},{"@type":"BreadcrumbList","@id":"http:\/\/www.his.puc-rio.br\/en\/corpo-docente\/#breadcrumb","itemListElement":[{"@type":"ListItem","position":1,"name":"In\u00edcio","item":"http:\/\/www.his.puc-rio.br\/en\/"},{"@type":"ListItem","position":2,"name":"CORPO DOCENTE"}]},{"@type":"WebSite","@id":"http:\/\/www.his.puc-rio.br\/en\/#website","url":"http:\/\/www.his.puc-rio.br\/en\/","name":"Departamento de Hist\u00f3ria da PUC-Rio","description":"Cursos de Gradua\u00e7\u00e3o, P\u00f3s-gradua\u00e7\u00e3o, Mestrado e Doutorado","potentialAction":[{"@type":"SearchAction","target":{"@type":"EntryPoint","urlTemplate":"http:\/\/www.his.puc-rio.br\/en\/?s={search_term_string}"},"query-input":{"@type":"PropertyValueSpecification","valueRequired":true,"valueName":"search_term_string"}}],"inLanguage":"en-US"}]}},"_links":{"self":[{"href":"https:\/\/www.his.puc-rio.br\/en\/wp-json\/wp\/v2\/pages\/19"}],"collection":[{"href":"https:\/\/www.his.puc-rio.br\/en\/wp-json\/wp\/v2\/pages"}],"about":[{"href":"https:\/\/www.his.puc-rio.br\/en\/wp-json\/wp\/v2\/types\/page"}],"author":[{"embeddable":true,"href":"https:\/\/www.his.puc-rio.br\/en\/wp-json\/wp\/v2\/users\/1"}],"replies":[{"embeddable":true,"href":"https:\/\/www.his.puc-rio.br\/en\/wp-json\/wp\/v2\/comments?post=19"}],"version-history":[{"count":89,"href":"https:\/\/www.his.puc-rio.br\/en\/wp-json\/wp\/v2\/pages\/19\/revisions"}],"predecessor-version":[{"id":5205,"href":"https:\/\/www.his.puc-rio.br\/en\/wp-json\/wp\/v2\/pages\/19\/revisions\/5205"}],"wp:attachment":[{"href":"https:\/\/www.his.puc-rio.br\/en\/wp-json\/wp\/v2\/media?parent=19"}],"curies":[{"name":"wp","href":"https:\/\/api.w.org\/{rel}","templated":true}]}}