{"id":23,"date":"2016-10-17T12:42:59","date_gmt":"2016-10-17T14:42:59","guid":{"rendered":"http:\/\/wwwt.his.puc-rio.br\/his\/institucional\/internacionalizacao\/"},"modified":"2018-10-27T01:57:04","modified_gmt":"2018-10-27T04:57:04","slug":"internacionalizacao","status":"publish","type":"page","link":"https:\/\/www.his.puc-rio.br\/en\/english-institucionalinstitutional-information\/internacionalizacao\/","title":{"rendered":"INTERNACIONALIZA\u00c7\u00c3O"},"content":{"rendered":"","protected":false},"excerpt":{"rendered":"","protected":false},"author":1,"featured_media":0,"parent":16,"menu_order":9,"comment_status":"open","ping_status":"open","template":"page-templates\/full-width.php","meta":{"footnotes":""},"yoast_head":"<!-- This site is optimized with the Yoast SEO plugin v23.5 - https:\/\/yoast.com\/wordpress\/plugins\/seo\/ -->\n<title>INTERNACIONALIZA\u00c7\u00c3O - Departamento de Hist\u00f3ria da PUC-Rio<\/title>\n<meta name=\"robots\" content=\"index, follow, max-snippet:-1, max-image-preview:large, max-video-preview:-1\" \/>\n<link rel=\"canonical\" href=\"http:\/\/www.his.puc-rio.br\/en\/english-institucionalinstitutional-information\/internacionalizacao\/\" \/>\n<meta property=\"og:locale\" content=\"en_US\" \/>\n<meta property=\"og:type\" content=\"article\" \/>\n<meta property=\"og:title\" content=\"INTERNACIONALIZA\u00c7\u00c3O - Departamento de Hist\u00f3ria da PUC-Rio\" \/>\n<meta property=\"og:url\" content=\"http:\/\/www.his.puc-rio.br\/en\/english-institucionalinstitutional-information\/internacionalizacao\/\" \/>\n<meta property=\"og:site_name\" content=\"Departamento de Hist\u00f3ria da PUC-Rio\" \/>\n<meta property=\"article:modified_time\" content=\"2018-10-27T04:57:04+00:00\" \/>\n<meta name=\"twitter:card\" content=\"summary_large_image\" \/>\n<script type=\"application\/ld+json\" class=\"yoast-schema-graph\">{\"@context\":\"https:\/\/schema.org\",\"@graph\":[{\"@type\":\"WebPage\",\"@id\":\"http:\/\/www.his.puc-rio.br\/en\/english-institucionalinstitutional-information\/internacionalizacao\/\",\"url\":\"http:\/\/www.his.puc-rio.br\/en\/english-institucionalinstitutional-information\/internacionalizacao\/\",\"name\":\"INTERNACIONALIZA\u00c7\u00c3O - Departamento de Hist\u00f3ria da PUC-Rio\",\"isPartOf\":{\"@id\":\"http:\/\/www.his.puc-rio.br\/en\/#website\"},\"datePublished\":\"2016-10-17T14:42:59+00:00\",\"dateModified\":\"2018-10-27T04:57:04+00:00\",\"breadcrumb\":{\"@id\":\"http:\/\/www.his.puc-rio.br\/en\/english-institucionalinstitutional-information\/internacionalizacao\/#breadcrumb\"},\"inLanguage\":\"en-US\",\"potentialAction\":[{\"@type\":\"ReadAction\",\"target\":[[\"http:\/\/www.his.puc-rio.br\/en\/english-institucionalinstitutional-information\/internacionalizacao\/\"]]}]},{\"@type\":\"BreadcrumbList\",\"@id\":\"http:\/\/www.his.puc-rio.br\/en\/english-institucionalinstitutional-information\/internacionalizacao\/#breadcrumb\",\"itemListElement\":[{\"@type\":\"ListItem\",\"position\":1,\"name\":\"In\u00edcio\",\"item\":\"http:\/\/www.his.puc-rio.br\/en\/\"},{\"@type\":\"ListItem\",\"position\":2,\"name\":\"INSTITUTIONAL INFORMATION\",\"item\":\"http:\/\/www.his.puc-rio.br\/en\/english-institucionalinstitutional-information\/\"},{\"@type\":\"ListItem\",\"position\":3,\"name\":\"INTERNACIONALIZA\u00c7\u00c3O\"}]},{\"@type\":\"WebSite\",\"@id\":\"http:\/\/www.his.puc-rio.br\/en\/#website\",\"url\":\"http:\/\/www.his.puc-rio.br\/en\/\",\"name\":\"Departamento de Hist\u00f3ria da PUC-Rio\",\"description\":\"Cursos de Gradua\u00e7\u00e3o, P\u00f3s-gradua\u00e7\u00e3o, Mestrado e Doutorado\",\"potentialAction\":[{\"@type\":\"SearchAction\",\"target\":{\"@type\":\"EntryPoint\",\"urlTemplate\":\"http:\/\/www.his.puc-rio.br\/en\/?s={search_term_string}\"},\"query-input\":{\"@type\":\"PropertyValueSpecification\",\"valueRequired\":true,\"valueName\":\"search_term_string\"}}],\"inLanguage\":\"en-US\"}]}<\/script>\n<!-- \/ Yoast SEO plugin. -->","yoast_head_json":{"title":"INTERNACIONALIZA\u00c7\u00c3O - Departamento de Hist\u00f3ria da PUC-Rio","robots":{"index":"index","follow":"follow","max-snippet":"max-snippet:-1","max-image-preview":"max-image-preview:large","max-video-preview":"max-video-preview:-1"},"canonical":"http:\/\/www.his.puc-rio.br\/en\/english-institucionalinstitutional-information\/internacionalizacao\/","og_locale":"en_US","og_type":"article","og_title":"INTERNACIONALIZA\u00c7\u00c3O - Departamento de Hist\u00f3ria da PUC-Rio","og_url":"http:\/\/www.his.puc-rio.br\/en\/english-institucionalinstitutional-information\/internacionalizacao\/","og_site_name":"Departamento de Hist\u00f3ria da PUC-Rio","article_modified_time":"2018-10-27T04:57:04+00:00","twitter_card":"summary_large_image","schema":{"@context":"https:\/\/schema.org","@graph":[{"@type":"WebPage","@id":"http:\/\/www.his.puc-rio.br\/en\/english-institucionalinstitutional-information\/internacionalizacao\/","url":"http:\/\/www.his.puc-rio.br\/en\/english-institucionalinstitutional-information\/internacionalizacao\/","name":"INTERNACIONALIZA\u00c7\u00c3O - Departamento de Hist\u00f3ria da PUC-Rio","isPartOf":{"@id":"http:\/\/www.his.puc-rio.br\/en\/#website"},"datePublished":"2016-10-17T14:42:59+00:00","dateModified":"2018-10-27T04:57:04+00:00","breadcrumb":{"@id":"http:\/\/www.his.puc-rio.br\/en\/english-institucionalinstitutional-information\/internacionalizacao\/#breadcrumb"},"inLanguage":"en-US","potentialAction":[{"@type":"ReadAction","target":[["http:\/\/www.his.puc-rio.br\/en\/english-institucionalinstitutional-information\/internacionalizacao\/"]]}]},{"@type":"BreadcrumbList","@id":"http:\/\/www.his.puc-rio.br\/en\/english-institucionalinstitutional-information\/internacionalizacao\/#breadcrumb","itemListElement":[{"@type":"ListItem","position":1,"name":"In\u00edcio","item":"http:\/\/www.his.puc-rio.br\/en\/"},{"@type":"ListItem","position":2,"name":"INSTITUTIONAL INFORMATION","item":"http:\/\/www.his.puc-rio.br\/en\/english-institucionalinstitutional-information\/"},{"@type":"ListItem","position":3,"name":"INTERNACIONALIZA\u00c7\u00c3O"}]},{"@type":"WebSite","@id":"http:\/\/www.his.puc-rio.br\/en\/#website","url":"http:\/\/www.his.puc-rio.br\/en\/","name":"Departamento de Hist\u00f3ria da PUC-Rio","description":"Cursos de Gradua\u00e7\u00e3o, P\u00f3s-gradua\u00e7\u00e3o, Mestrado e Doutorado","potentialAction":[{"@type":"SearchAction","target":{"@type":"EntryPoint","urlTemplate":"http:\/\/www.his.puc-rio.br\/en\/?s={search_term_string}"},"query-input":{"@type":"PropertyValueSpecification","valueRequired":true,"valueName":"search_term_string"}}],"inLanguage":"en-US"}]}},"_links":{"self":[{"href":"https:\/\/www.his.puc-rio.br\/en\/wp-json\/wp\/v2\/pages\/23"}],"collection":[{"href":"https:\/\/www.his.puc-rio.br\/en\/wp-json\/wp\/v2\/pages"}],"about":[{"href":"https:\/\/www.his.puc-rio.br\/en\/wp-json\/wp\/v2\/types\/page"}],"author":[{"embeddable":true,"href":"https:\/\/www.his.puc-rio.br\/en\/wp-json\/wp\/v2\/users\/1"}],"replies":[{"embeddable":true,"href":"https:\/\/www.his.puc-rio.br\/en\/wp-json\/wp\/v2\/comments?post=23"}],"version-history":[{"count":1,"href":"https:\/\/www.his.puc-rio.br\/en\/wp-json\/wp\/v2\/pages\/23\/revisions"}],"predecessor-version":[{"id":1738,"href":"https:\/\/www.his.puc-rio.br\/en\/wp-json\/wp\/v2\/pages\/23\/revisions\/1738"}],"up":[{"embeddable":true,"href":"https:\/\/www.his.puc-rio.br\/en\/wp-json\/wp\/v2\/pages\/16"}],"wp:attachment":[{"href":"https:\/\/www.his.puc-rio.br\/en\/wp-json\/wp\/v2\/media?parent=23"}],"curies":[{"name":"wp","href":"https:\/\/api.w.org\/{rel}","templated":true}]}}