{"id":24,"date":"2016-09-17T12:42:59","date_gmt":"2016-09-17T15:42:59","guid":{"rendered":"http:\/\/wwwt.his.puc-rio.br\/his\/institucional\/contato\/"},"modified":"2024-03-06T10:14:31","modified_gmt":"2024-03-06T13:14:31","slug":"contato","status":"publish","type":"page","link":"https:\/\/www.his.puc-rio.br\/en\/english-institucionalinstitutional-information\/contato\/","title":{"rendered":"CONTATO"},"content":{"rendered":"<p><div class='content-column one_half'><\/div><\/p>\n<h2><span style=\"color: #000000;\">Contact Us<\/span><\/h2>\n<p>&nbsp;<\/p>\n<p><span style=\"color: #000000;\">Rua Marqu\u00eas de S\u00e3o Vicente, 225, G\u00e1vea<\/span><br \/>\n<span style=\"color: #000000;\">Edif\u00edcio Cardeal Frings \u2013 Sala F512<\/span><br \/>\n<span style=\"color: #000000;\">Rio de Janeiro, Brasil.<\/span><br \/>\n<span style=\"color: #000000;\">Cep: 22451-900<\/span><br \/>\n<span style=\"color: #000000;\">Cx. Postal: 38097<\/span><\/p>\n<p><span style=\"color: #000000;\">Telefones: (+55 21) 3736-1100\/1101 \/ (+55 21) 3527-1100\/1101\u00a0<\/span><br \/>\n<span style=\"color: #000000;\">E-mail: secretariahis@puc-rio.br<\/span><\/p>\n<p>&nbsp;<\/p>\n<h2><span style=\"color: #000000;\">Office Hours<\/span><\/h2>\n<p>&nbsp;<\/p>\n<p><span style=\"color: #000000;\">De 08:00 \u00e0s 12:00h e de 14:00 \u00e0s 16:30h<\/span><\/p>\n<p>&nbsp;<\/p>\n<h2><span style=\"color: #000000;\">Contact via WhatsApp<\/span><\/h2>\n<p>&nbsp;<\/p>\n<p><span style=\"color: #000000;\">De Segunda a Sexta, 9h \u00e0s 12h e 14h \u00e0s 17:30h<\/span><br \/>\n<span style=\"color: #000000;\">Clique <a href=\"https:\/\/wa.me\/message\/K2QEOO3UXQBVL1\" target=\"_blank\" rel=\"noopener\"><span style=\"color: #0000ff;\">aqui<\/span><\/a><\/span><\/p>","protected":false},"excerpt":{"rendered":"<p>Contact Us &nbsp; Rua Marqu\u00eas de S\u00e3o Vicente, 225, G\u00e1vea Edif\u00edcio Cardeal Frings \u2013 Sala F512 Rio de Janeiro, Brasil. Cep: 22451-900 Cx. Postal: 38097 Telefones: (+55 21) 3736-1100\/1101 \/ (+55 21) 3527-1100\/1101\u00a0 E-mail: secretariahis@puc-rio.br &nbsp; Office Hours &nbsp; De<a class=\"moretag\" href=\"https:\/\/www.his.puc-rio.br\/en\/english-institucionalinstitutional-information\/contato\/\">&#8230;<\/a><\/br><a href=\"https:\/\/www.his.puc-rio.br\/en\/english-institucionalinstitutional-information\/contato\/\" class=\"read-more\">Leia mais..  <span class=\"glyphicon glyphicon-chevron-right\" ><\/span><\/a><\/p>\n","protected":false},"author":1,"featured_media":0,"parent":16,"menu_order":10,"comment_status":"open","ping_status":"open","template":"page-templates\/full-width.php","meta":{"footnotes":""},"yoast_head":"<!-- This site is optimized with the Yoast SEO plugin v23.5 - https:\/\/yoast.com\/wordpress\/plugins\/seo\/ -->\n<title>CONTATO - Departamento de Hist\u00f3ria da PUC-Rio<\/title>\n<meta name=\"robots\" content=\"index, follow, max-snippet:-1, max-image-preview:large, max-video-preview:-1\" \/>\n<link rel=\"canonical\" href=\"http:\/\/www.his.puc-rio.br\/en\/english-institucionalinstitutional-information\/contato\/\" \/>\n<meta property=\"og:locale\" content=\"en_US\" \/>\n<meta property=\"og:type\" content=\"article\" \/>\n<meta property=\"og:title\" content=\"CONTATO - Departamento de Hist\u00f3ria da PUC-Rio\" \/>\n<meta property=\"og:description\" content=\"Contact Us &nbsp; Rua Marqu\u00eas de S\u00e3o Vicente, 225, G\u00e1vea Edif\u00edcio Cardeal Frings \u2013 Sala F512 Rio de Janeiro, Brasil. Cep: 22451-900 Cx. Postal: 38097 Telefones: (+55 21) 3736-1100\/1101 \/ (+55 21) 3527-1100\/1101\u00a0 E-mail: secretariahis@puc-rio.br &nbsp; Office Hours &nbsp; De...Leia mais..\" \/>\n<meta property=\"og:url\" content=\"http:\/\/www.his.puc-rio.br\/en\/english-institucionalinstitutional-information\/contato\/\" \/>\n<meta property=\"og:site_name\" content=\"Departamento de Hist\u00f3ria da PUC-Rio\" \/>\n<meta property=\"article:modified_time\" content=\"2024-03-06T13:14:31+00:00\" \/>\n<meta name=\"twitter:card\" content=\"summary_large_image\" \/>\n<meta name=\"twitter:label1\" content=\"Est. reading time\" \/>\n\t<meta name=\"twitter:data1\" content=\"1 minute\" \/>\n<script type=\"application\/ld+json\" class=\"yoast-schema-graph\">{\"@context\":\"https:\/\/schema.org\",\"@graph\":[{\"@type\":\"WebPage\",\"@id\":\"http:\/\/www.his.puc-rio.br\/en\/english-institucionalinstitutional-information\/contato\/\",\"url\":\"http:\/\/www.his.puc-rio.br\/en\/english-institucionalinstitutional-information\/contato\/\",\"name\":\"CONTATO - Departamento de Hist\u00f3ria da PUC-Rio\",\"isPartOf\":{\"@id\":\"http:\/\/www.his.puc-rio.br\/en\/#website\"},\"datePublished\":\"2016-09-17T15:42:59+00:00\",\"dateModified\":\"2024-03-06T13:14:31+00:00\",\"breadcrumb\":{\"@id\":\"http:\/\/www.his.puc-rio.br\/en\/english-institucionalinstitutional-information\/contato\/#breadcrumb\"},\"inLanguage\":\"en-US\",\"potentialAction\":[{\"@type\":\"ReadAction\",\"target\":[[\"http:\/\/www.his.puc-rio.br\/en\/english-institucionalinstitutional-information\/contato\/\"]]}]},{\"@type\":\"BreadcrumbList\",\"@id\":\"http:\/\/www.his.puc-rio.br\/en\/english-institucionalinstitutional-information\/contato\/#breadcrumb\",\"itemListElement\":[{\"@type\":\"ListItem\",\"position\":1,\"name\":\"In\u00edcio\",\"item\":\"http:\/\/www.his.puc-rio.br\/en\/\"},{\"@type\":\"ListItem\",\"position\":2,\"name\":\"INSTITUTIONAL INFORMATION\",\"item\":\"http:\/\/www.his.puc-rio.br\/en\/english-institucionalinstitutional-information\/\"},{\"@type\":\"ListItem\",\"position\":3,\"name\":\"CONTATO\"}]},{\"@type\":\"WebSite\",\"@id\":\"http:\/\/www.his.puc-rio.br\/en\/#website\",\"url\":\"http:\/\/www.his.puc-rio.br\/en\/\",\"name\":\"Departamento de Hist\u00f3ria da PUC-Rio\",\"description\":\"Cursos de Gradua\u00e7\u00e3o, P\u00f3s-gradua\u00e7\u00e3o, Mestrado e Doutorado\",\"potentialAction\":[{\"@type\":\"SearchAction\",\"target\":{\"@type\":\"EntryPoint\",\"urlTemplate\":\"http:\/\/www.his.puc-rio.br\/en\/?s={search_term_string}\"},\"query-input\":{\"@type\":\"PropertyValueSpecification\",\"valueRequired\":true,\"valueName\":\"search_term_string\"}}],\"inLanguage\":\"en-US\"}]}<\/script>\n<!-- \/ Yoast SEO plugin. -->","yoast_head_json":{"title":"CONTATO - Departamento de Hist\u00f3ria da PUC-Rio","robots":{"index":"index","follow":"follow","max-snippet":"max-snippet:-1","max-image-preview":"max-image-preview:large","max-video-preview":"max-video-preview:-1"},"canonical":"http:\/\/www.his.puc-rio.br\/en\/english-institucionalinstitutional-information\/contato\/","og_locale":"en_US","og_type":"article","og_title":"CONTATO - Departamento de Hist\u00f3ria da PUC-Rio","og_description":"Contact Us &nbsp; Rua Marqu\u00eas de S\u00e3o Vicente, 225, G\u00e1vea Edif\u00edcio Cardeal Frings \u2013 Sala F512 Rio de Janeiro, Brasil. Cep: 22451-900 Cx. Postal: 38097 Telefones: (+55 21) 3736-1100\/1101 \/ (+55 21) 3527-1100\/1101\u00a0 E-mail: secretariahis@puc-rio.br &nbsp; Office Hours &nbsp; De...Leia mais..","og_url":"http:\/\/www.his.puc-rio.br\/en\/english-institucionalinstitutional-information\/contato\/","og_site_name":"Departamento de Hist\u00f3ria da PUC-Rio","article_modified_time":"2024-03-06T13:14:31+00:00","twitter_card":"summary_large_image","twitter_misc":{"Est. reading time":"1 minute"},"schema":{"@context":"https:\/\/schema.org","@graph":[{"@type":"WebPage","@id":"http:\/\/www.his.puc-rio.br\/en\/english-institucionalinstitutional-information\/contato\/","url":"http:\/\/www.his.puc-rio.br\/en\/english-institucionalinstitutional-information\/contato\/","name":"CONTATO - Departamento de Hist\u00f3ria da PUC-Rio","isPartOf":{"@id":"http:\/\/www.his.puc-rio.br\/en\/#website"},"datePublished":"2016-09-17T15:42:59+00:00","dateModified":"2024-03-06T13:14:31+00:00","breadcrumb":{"@id":"http:\/\/www.his.puc-rio.br\/en\/english-institucionalinstitutional-information\/contato\/#breadcrumb"},"inLanguage":"en-US","potentialAction":[{"@type":"ReadAction","target":[["http:\/\/www.his.puc-rio.br\/en\/english-institucionalinstitutional-information\/contato\/"]]}]},{"@type":"BreadcrumbList","@id":"http:\/\/www.his.puc-rio.br\/en\/english-institucionalinstitutional-information\/contato\/#breadcrumb","itemListElement":[{"@type":"ListItem","position":1,"name":"In\u00edcio","item":"http:\/\/www.his.puc-rio.br\/en\/"},{"@type":"ListItem","position":2,"name":"INSTITUTIONAL INFORMATION","item":"http:\/\/www.his.puc-rio.br\/en\/english-institucionalinstitutional-information\/"},{"@type":"ListItem","position":3,"name":"CONTATO"}]},{"@type":"WebSite","@id":"http:\/\/www.his.puc-rio.br\/en\/#website","url":"http:\/\/www.his.puc-rio.br\/en\/","name":"Departamento de Hist\u00f3ria da PUC-Rio","description":"Cursos de Gradua\u00e7\u00e3o, P\u00f3s-gradua\u00e7\u00e3o, Mestrado e Doutorado","potentialAction":[{"@type":"SearchAction","target":{"@type":"EntryPoint","urlTemplate":"http:\/\/www.his.puc-rio.br\/en\/?s={search_term_string}"},"query-input":{"@type":"PropertyValueSpecification","valueRequired":true,"valueName":"search_term_string"}}],"inLanguage":"en-US"}]}},"_links":{"self":[{"href":"https:\/\/www.his.puc-rio.br\/en\/wp-json\/wp\/v2\/pages\/24"}],"collection":[{"href":"https:\/\/www.his.puc-rio.br\/en\/wp-json\/wp\/v2\/pages"}],"about":[{"href":"https:\/\/www.his.puc-rio.br\/en\/wp-json\/wp\/v2\/types\/page"}],"author":[{"embeddable":true,"href":"https:\/\/www.his.puc-rio.br\/en\/wp-json\/wp\/v2\/users\/1"}],"replies":[{"embeddable":true,"href":"https:\/\/www.his.puc-rio.br\/en\/wp-json\/wp\/v2\/comments?post=24"}],"version-history":[{"count":24,"href":"https:\/\/www.his.puc-rio.br\/en\/wp-json\/wp\/v2\/pages\/24\/revisions"}],"predecessor-version":[{"id":4367,"href":"https:\/\/www.his.puc-rio.br\/en\/wp-json\/wp\/v2\/pages\/24\/revisions\/4367"}],"up":[{"embeddable":true,"href":"https:\/\/www.his.puc-rio.br\/en\/wp-json\/wp\/v2\/pages\/16"}],"wp:attachment":[{"href":"https:\/\/www.his.puc-rio.br\/en\/wp-json\/wp\/v2\/media?parent=24"}],"curies":[{"name":"wp","href":"https:\/\/api.w.org\/{rel}","templated":true}]}}