{"id":25,"date":"2016-10-17T12:42:59","date_gmt":"2016-10-17T14:42:59","guid":{"rendered":"http:\/\/wwwt.his.puc-rio.br\/his\/graduacao\/sobre-o-curso\/"},"modified":"2025-12-30T18:04:20","modified_gmt":"2025-12-30T21:04:20","slug":"sobre-o-curso","status":"publish","type":"page","link":"https:\/\/www.his.puc-rio.br\/en\/graduacao\/sobre-o-curso\/","title":{"rendered":"SOBRE O CURSO"},"content":{"rendered":"<h2 style=\"text-align: justify;\"><span style=\"color: #000000;\"><strong>About the B.A. and the Licentiate Degrees<\/strong><\/span><\/h2>\r\n&nbsp;\r\n\r\n&nbsp;\r\n<p style=\"text-align: justify;\"><span style=\"color: #000000;\">The undergraduate degree in History prepares our students to deal with the multiple thematic, theoretical, methodological and professional aspects involving the historian\u2019s activities. Students can graduate with two degrees: the Licentiate and the B.A. The Licentiate degree aims at training future education professionals, preparing them both for their teaching activities and for providing pedagogical support relative to the administration of courses, planning, research, creation of teaching materials, etc. The B.A. degree, in turn, seeks to train students in research activities relevant to a diversified field, which includes areas such as heritage, curatorship, consultancy and publishing, among others. Notwithstanding, both degrees share, in the department\u2019s view, a common ground of research, teaching and extension activities.<\/span><\/p>\r\n<p style=\"text-align: justify;\"><span style=\"color: #000000;\">For that reason, the \u201cPedagogical Project\u201d of the Undergraduate Program seeks to provide all students with a working environment that fosters the development of research practices; that is inclusive of ethnic, racial and cultural diversity; that promotes the teaching of a practice open to complementary contents, such as heritage, museology, urbanism, human rights; that constantly seeks theoretical and methodological innovation; that promotes reflection and the students\u2019 autonomy in their exercise of free thought and in their choice of study priorities.<\/span><\/p>\r\n<p style=\"text-align: justify;\"><span style=\"color: #000000;\">Hence, the curriculum for either degree is divided in two parts. In the first, students go through a set of mandatory disciplines relative to areas of study and general education. In the second part, students can for the most part choose from a wide offering of elective courses. We believe that this curricular structure is able to provide an appropriate response both to the diversity that marks the professional field of History and to the aim of promoting flexibility and openness.<\/span><\/p>\r\n&nbsp;\r\n<p style=\"text-align: justify;\"><span style=\"color: #000000;\">View the full bachelor&#8217;s and history course<\/span> <a href=\"http:\/\/www.puc-rio.br\/ensinopesq\/ccg\/historia.html\" target=\"_blank\" rel=\"noopener\"><span style=\"color: #0000ff;\">here<\/span><\/a><\/p>\r\n&nbsp;\r\n<p style=\"text-align: justify;\"><span style=\"color: #0000ff;\"><a style=\"color: #0000ff;\" href=\"http:\/\/wwwt.his.puc-rio.br\/his\/wp-content\/uploads\/Plano-de-Curso-LICENCIATURA-VERS\u00c3O-FINAL.pdf\" target=\"_blank\" rel=\"noopener\">Plano de Curso Licenciatura<\/a><\/span><\/p>\r\n&nbsp;\r\n<p style=\"text-align: justify;\"><span style=\"color: #0000ff;\"><a style=\"color: #0000ff;\" href=\"http:\/\/wwwt.his.puc-rio.br\/his\/wp-content\/uploads\/Plano-de-Curso-BACHARELADO-VERS\u00c3O-FINAL.pdf\" target=\"_blank\" rel=\"noopener\">Plano de Curso Bacharelado<\/a><\/span><\/p>","protected":false},"excerpt":{"rendered":"<p>About the B.A. and the Licentiate Degrees &nbsp; &nbsp; The undergraduate degree in History prepares our students to deal with the multiple thematic, theoretical, methodological and professional aspects involving the historian\u2019s activities. Students can graduate with two degrees: the Licentiate<a class=\"moretag\" href=\"https:\/\/www.his.puc-rio.br\/en\/graduacao\/sobre-o-curso\/\">&#8230;<\/a><\/br><a href=\"https:\/\/www.his.puc-rio.br\/en\/graduacao\/sobre-o-curso\/\" class=\"read-more\">Leia mais..  <span class=\"glyphicon glyphicon-chevron-right\" ><\/span><\/a><\/p>\n","protected":false},"author":1,"featured_media":0,"parent":17,"menu_order":11,"comment_status":"open","ping_status":"open","template":"page-templates\/full-width.php","meta":{"footnotes":""},"yoast_head":"<!-- This site is optimized with the Yoast SEO plugin v23.5 - https:\/\/yoast.com\/wordpress\/plugins\/seo\/ -->\n<title>SOBRE O CURSO - Departamento de Hist\u00f3ria da PUC-Rio<\/title>\n<meta name=\"robots\" content=\"index, follow, max-snippet:-1, max-image-preview:large, max-video-preview:-1\" \/>\n<link rel=\"canonical\" href=\"http:\/\/www.his.puc-rio.br\/en\/graduacao\/sobre-o-curso\/\" \/>\n<meta property=\"og:locale\" content=\"en_US\" \/>\n<meta property=\"og:type\" content=\"article\" \/>\n<meta property=\"og:title\" content=\"SOBRE O CURSO - Departamento de Hist\u00f3ria da PUC-Rio\" \/>\n<meta property=\"og:description\" content=\"About the B.A. and the Licentiate Degrees &nbsp; &nbsp; The undergraduate degree in History prepares our students to deal with the multiple thematic, theoretical, methodological and professional aspects involving the historian\u2019s activities. Students can graduate with two degrees: the Licentiate...Leia mais..\" \/>\n<meta property=\"og:url\" content=\"http:\/\/www.his.puc-rio.br\/en\/graduacao\/sobre-o-curso\/\" \/>\n<meta property=\"og:site_name\" content=\"Departamento de Hist\u00f3ria da PUC-Rio\" \/>\n<meta property=\"article:modified_time\" content=\"2025-12-30T21:04:20+00:00\" \/>\n<meta name=\"twitter:card\" content=\"summary_large_image\" \/>\n<meta name=\"twitter:label1\" content=\"Est. reading time\" \/>\n\t<meta name=\"twitter:data1\" content=\"2 minutes\" \/>\n<script type=\"application\/ld+json\" class=\"yoast-schema-graph\">{\"@context\":\"https:\/\/schema.org\",\"@graph\":[{\"@type\":\"WebPage\",\"@id\":\"http:\/\/www.his.puc-rio.br\/en\/graduacao\/sobre-o-curso\/\",\"url\":\"http:\/\/www.his.puc-rio.br\/en\/graduacao\/sobre-o-curso\/\",\"name\":\"SOBRE O CURSO - Departamento de Hist\u00f3ria da PUC-Rio\",\"isPartOf\":{\"@id\":\"http:\/\/www.his.puc-rio.br\/en\/#website\"},\"datePublished\":\"2016-10-17T14:42:59+00:00\",\"dateModified\":\"2025-12-30T21:04:20+00:00\",\"breadcrumb\":{\"@id\":\"http:\/\/www.his.puc-rio.br\/en\/graduacao\/sobre-o-curso\/#breadcrumb\"},\"inLanguage\":\"en-US\",\"potentialAction\":[{\"@type\":\"ReadAction\",\"target\":[[\"http:\/\/www.his.puc-rio.br\/en\/graduacao\/sobre-o-curso\/\"]]}]},{\"@type\":\"BreadcrumbList\",\"@id\":\"http:\/\/www.his.puc-rio.br\/en\/graduacao\/sobre-o-curso\/#breadcrumb\",\"itemListElement\":[{\"@type\":\"ListItem\",\"position\":1,\"name\":\"In\u00edcio\",\"item\":\"http:\/\/www.his.puc-rio.br\/en\/\"},{\"@type\":\"ListItem\",\"position\":2,\"name\":\"GRADUA\u00c7\u00c3O\",\"item\":\"http:\/\/www.his.puc-rio.br\/en\/graduacao\/\"},{\"@type\":\"ListItem\",\"position\":3,\"name\":\"SOBRE O CURSO\"}]},{\"@type\":\"WebSite\",\"@id\":\"http:\/\/www.his.puc-rio.br\/en\/#website\",\"url\":\"http:\/\/www.his.puc-rio.br\/en\/\",\"name\":\"Departamento de Hist\u00f3ria da PUC-Rio\",\"description\":\"Cursos de Gradua\u00e7\u00e3o, P\u00f3s-gradua\u00e7\u00e3o, Mestrado e Doutorado\",\"potentialAction\":[{\"@type\":\"SearchAction\",\"target\":{\"@type\":\"EntryPoint\",\"urlTemplate\":\"http:\/\/www.his.puc-rio.br\/en\/?s={search_term_string}\"},\"query-input\":{\"@type\":\"PropertyValueSpecification\",\"valueRequired\":true,\"valueName\":\"search_term_string\"}}],\"inLanguage\":\"en-US\"}]}<\/script>\n<!-- \/ Yoast SEO plugin. -->","yoast_head_json":{"title":"SOBRE O CURSO - Departamento de Hist\u00f3ria da PUC-Rio","robots":{"index":"index","follow":"follow","max-snippet":"max-snippet:-1","max-image-preview":"max-image-preview:large","max-video-preview":"max-video-preview:-1"},"canonical":"http:\/\/www.his.puc-rio.br\/en\/graduacao\/sobre-o-curso\/","og_locale":"en_US","og_type":"article","og_title":"SOBRE O CURSO - Departamento de Hist\u00f3ria da PUC-Rio","og_description":"About the B.A. and the Licentiate Degrees &nbsp; &nbsp; The undergraduate degree in History prepares our students to deal with the multiple thematic, theoretical, methodological and professional aspects involving the historian\u2019s activities. Students can graduate with two degrees: the Licentiate...Leia mais..","og_url":"http:\/\/www.his.puc-rio.br\/en\/graduacao\/sobre-o-curso\/","og_site_name":"Departamento de Hist\u00f3ria da PUC-Rio","article_modified_time":"2025-12-30T21:04:20+00:00","twitter_card":"summary_large_image","twitter_misc":{"Est. reading time":"2 minutes"},"schema":{"@context":"https:\/\/schema.org","@graph":[{"@type":"WebPage","@id":"http:\/\/www.his.puc-rio.br\/en\/graduacao\/sobre-o-curso\/","url":"http:\/\/www.his.puc-rio.br\/en\/graduacao\/sobre-o-curso\/","name":"SOBRE O CURSO - Departamento de Hist\u00f3ria da PUC-Rio","isPartOf":{"@id":"http:\/\/www.his.puc-rio.br\/en\/#website"},"datePublished":"2016-10-17T14:42:59+00:00","dateModified":"2025-12-30T21:04:20+00:00","breadcrumb":{"@id":"http:\/\/www.his.puc-rio.br\/en\/graduacao\/sobre-o-curso\/#breadcrumb"},"inLanguage":"en-US","potentialAction":[{"@type":"ReadAction","target":[["http:\/\/www.his.puc-rio.br\/en\/graduacao\/sobre-o-curso\/"]]}]},{"@type":"BreadcrumbList","@id":"http:\/\/www.his.puc-rio.br\/en\/graduacao\/sobre-o-curso\/#breadcrumb","itemListElement":[{"@type":"ListItem","position":1,"name":"In\u00edcio","item":"http:\/\/www.his.puc-rio.br\/en\/"},{"@type":"ListItem","position":2,"name":"GRADUA\u00c7\u00c3O","item":"http:\/\/www.his.puc-rio.br\/en\/graduacao\/"},{"@type":"ListItem","position":3,"name":"SOBRE O CURSO"}]},{"@type":"WebSite","@id":"http:\/\/www.his.puc-rio.br\/en\/#website","url":"http:\/\/www.his.puc-rio.br\/en\/","name":"Departamento de Hist\u00f3ria da PUC-Rio","description":"Cursos de Gradua\u00e7\u00e3o, P\u00f3s-gradua\u00e7\u00e3o, Mestrado e Doutorado","potentialAction":[{"@type":"SearchAction","target":{"@type":"EntryPoint","urlTemplate":"http:\/\/www.his.puc-rio.br\/en\/?s={search_term_string}"},"query-input":{"@type":"PropertyValueSpecification","valueRequired":true,"valueName":"search_term_string"}}],"inLanguage":"en-US"}]}},"_links":{"self":[{"href":"https:\/\/www.his.puc-rio.br\/en\/wp-json\/wp\/v2\/pages\/25"}],"collection":[{"href":"https:\/\/www.his.puc-rio.br\/en\/wp-json\/wp\/v2\/pages"}],"about":[{"href":"https:\/\/www.his.puc-rio.br\/en\/wp-json\/wp\/v2\/types\/page"}],"author":[{"embeddable":true,"href":"https:\/\/www.his.puc-rio.br\/en\/wp-json\/wp\/v2\/users\/1"}],"replies":[{"embeddable":true,"href":"https:\/\/www.his.puc-rio.br\/en\/wp-json\/wp\/v2\/comments?post=25"}],"version-history":[{"count":22,"href":"https:\/\/www.his.puc-rio.br\/en\/wp-json\/wp\/v2\/pages\/25\/revisions"}],"predecessor-version":[{"id":5183,"href":"https:\/\/www.his.puc-rio.br\/en\/wp-json\/wp\/v2\/pages\/25\/revisions\/5183"}],"up":[{"embeddable":true,"href":"https:\/\/www.his.puc-rio.br\/en\/wp-json\/wp\/v2\/pages\/17"}],"wp:attachment":[{"href":"https:\/\/www.his.puc-rio.br\/en\/wp-json\/wp\/v2\/media?parent=25"}],"curies":[{"name":"wp","href":"https:\/\/api.w.org\/{rel}","templated":true}]}}