{"id":28,"date":"2016-08-17T12:42:59","date_gmt":"2016-08-17T15:42:59","guid":{"rendered":"http:\/\/wwwt.his.puc-rio.br\/his\/graduacao\/pibid-pibic-pet\/"},"modified":"2021-04-14T16:27:59","modified_gmt":"2021-04-14T19:27:59","slug":"pibid-pibic-pet","status":"publish","type":"page","link":"https:\/\/www.his.puc-rio.br\/en\/graduacao\/pibid-pibic-pet\/","title":{"rendered":"PIBID \/ PIBIC \/ PET"},"content":{"rendered":"<p><\/p>\n<h2 style=\"text-align: justify;\"><span style=\"color: #000000;\"><strong>Institutional Program for Scholarships in the Introduction to Teaching (<\/strong><em>PIBID<\/em><strong>, in Portuguese <\/strong><a style=\"color: #000000;\" name=\"_ftnref1\"><\/a><a style=\"color: #000000;\" href=\"#_ftn1\"><strong>*<\/strong><\/a><strong>)<\/strong><\/span><\/h2>\n<p>&nbsp;<\/p>\n<p style=\"text-align: justify;\"><span style=\"color: #000000;\">Instituted by the Ministry of Education <em>(MEC) <\/em>and managed by <em>CAPES<\/em>, the PIBID program\u2019s objective is to improve and enhance the training of teachers in the area of elementary education\u2014a challenge that starts off by promoting the exchange of knowledges and practices between the university and the public school. It is made possible thanks to scholarships offered to students enrolled in the Licentiate degree program and teachers in charge of classes in the schools. This is a dialogue that, in the context of PUC-Rio\u2019s Licentiate Degree in History, morphs into the possibility of training teachers of history so that they stand out for their ability to become \u201cauthors\u201d of a class. That is so because, if on the one hand there are those who tell stories to their readers by means of written texts, on the other hand there are those who tell their stories to a special audience\u2014the students of a given class\u2014by means of a different kind of text: the history class, produced from the questions formulated on a daily basis. Why tell, whom to tell, what to tell, how to tell? We are the history teachers. By means of diverse practices, both individual and collective, that stress the inextricable and reciprocal connection between those who teach and those who learn, both in universities and in elementary schools, each licentiate must become capable of narrating one, several, many experiences lived by men <\/span><span style=\"color: #000000;\">and women in different times and places.<\/span><\/p>\n<p>&nbsp;<\/p>\n<h2 style=\"text-align: justify;\"><span style=\"color: #000000;\"><strong>Tutorial Education Program <\/strong><em>(Programa de Educa\u00e7\u00e3o Tutorial \u2013 PET)<\/em><\/span><\/h2>\n<p>&nbsp;<\/p>\n<p style=\"text-align: justify;\"><span style=\"color: #000000;\">This federal government program seeks to foster research, teaching, and extension activities at the undergraduate level. The program is under the direction of the Higher Education Secretariat <em>(SESu)<\/em> of the Ministry of Education <em>(MEC)<\/em>. <em>PET<\/em> was created in 1979 with the original name of Special Training Program. In 2004 its name was changed to <em>Programa de Educa\u00e7\u00e3o Tutorial <\/em>(Tutorial Education Program). According to SESu, its objectives are: \u201cThe improvement of teaching at the undergraduate level, the comprehensive education of students, interdisciplinarity, team work, planning and execution in tutored teams of a diversified program of academic activities.\u201d <em>PET<\/em> offers scholarships to groups of up to 12 undergraduate students. Scholarship holders are encouraged to develop projects and papers related to research, teaching and extension. Historically, <em>PET <\/em>also works as a way of training for a career in academia. Currently the program boasts 842 groups distributed among 121 institutions of higher education throughout Brazil.<\/span><\/p>\n<p style=\"text-align: justify;\"><span style=\"color: #000000;\">Approved in 2007, PUC-Rio\u2019s History <em>PET<\/em> program is among the first in the State of Rio de Janeiro, having contributed to the education of dozens of students. The group meets twice a week for the development of its projects and activities. Research-wise, each student develops a paper in the area of his\/her interest. In addition, the group holds collective readings of reference texts and works. As for teaching and extension, <em>PET<\/em> has struck partnerships with several NGOs and schools in order to develop qualifying programs for their students.<\/span><\/p>\n<p>&nbsp;<\/p>\n<h2 style=\"text-align: justify;\"><span style=\"color: #000000;\"><strong>Institutional Program of Scholarships for Undergraduate Research Projects <\/strong><em>(PIBIC)<\/em><\/span><\/h2>\n<p>&nbsp;<\/p>\n<p style=\"text-align: justify;\"><span style=\"color: #000000;\">The History Department fosters undergraduate research activities by offering opportunities for students to take part in scholarly research in several fields of scientific knowledge. <em>CNPq\u2019s PIBIC <\/em>is one of the most effective programs in this regard. Its aim is to awaken students\u2019 vocation to scientific research and develop new potential talents among the undergraduates.<\/span><\/p>\n<p style=\"text-align: justify;\"><span style=\"color: #000000;\">Research Projects under the direction of History Department faculty boast an expressive and growing level of student participation. Such a greater integration between undergraduate and graduate studies has resulted in remarkable academic gains, as it created conditions for undergraduate students, faculty members and research students enrolled in the Graduate Program in Social History of Culture to interact systematically with each other.<\/span><\/p>\n<p style=\"text-align: justify;\"><span style=\"color: #000000;\">Ever since Program\u2019s outset, undergraduate students have played a significant role in research projects developed by the department\u2019s faculty. In the broader context of the university as a whole, History ranks among the majors offering most <em>PIBIC <\/em>opportunities to incoming students. Approximately 1\/3 of students enrolled in presential undergraduate classes are able of successfully applying for <em>PIBIC<\/em> scholarships in their multiple modalities. Participation in research activities require students to commit 20 hours per week of their time and to take part in PUC-Rio\u2019s <em>PIBIC<\/em> day-long conferences, regardless of whether they are holders of <em>PIBIC<\/em> scholarships or volunteer researchers.<\/span><\/p>\n<p>&nbsp;<\/p>\n<p style=\"text-align: justify;\"><span style=\"color: #000000;\"><a style=\"color: #000000;\" name=\"_ftn1\"><\/a><a style=\"color: #000000;\" href=\"#_ftnref1\">*<\/a> All achronyms are kept in the original Portuguese for ease of reference.<\/span><\/p>\n<p>&nbsp;<\/p>","protected":false},"excerpt":{"rendered":"<p>Institutional Program for Scholarships in the Introduction to Teaching (PIBID, in Portuguese *) &nbsp; Instituted by the Ministry of Education (MEC) and managed by CAPES, the PIBID program\u2019s objective is to improve and enhance the training of teachers in the<a class=\"moretag\" href=\"https:\/\/www.his.puc-rio.br\/en\/graduacao\/pibid-pibic-pet\/\">&#8230;<\/a><\/br><a href=\"https:\/\/www.his.puc-rio.br\/en\/graduacao\/pibid-pibic-pet\/\" class=\"read-more\">Leia mais..  <span class=\"glyphicon glyphicon-chevron-right\" ><\/span><\/a><\/p>\n","protected":false},"author":1,"featured_media":0,"parent":17,"menu_order":14,"comment_status":"open","ping_status":"open","template":"page-templates\/full-width.php","meta":{"footnotes":""},"yoast_head":"<!-- This site is optimized with the Yoast SEO plugin v23.5 - https:\/\/yoast.com\/wordpress\/plugins\/seo\/ -->\n<title>PIBID \/ PIBIC \/ PET - Departamento de Hist\u00f3ria da PUC-Rio<\/title>\n<meta name=\"robots\" content=\"index, follow, max-snippet:-1, max-image-preview:large, max-video-preview:-1\" \/>\n<link rel=\"canonical\" href=\"http:\/\/www.his.puc-rio.br\/en\/graduacao\/pibid-pibic-pet\/\" \/>\n<meta property=\"og:locale\" content=\"en_US\" \/>\n<meta property=\"og:type\" content=\"article\" \/>\n<meta property=\"og:title\" content=\"PIBID \/ PIBIC \/ PET - Departamento de Hist\u00f3ria da PUC-Rio\" \/>\n<meta property=\"og:description\" content=\"Institutional Program for Scholarships in the Introduction to Teaching (PIBID, in Portuguese *) &nbsp; Instituted by the Ministry of Education (MEC) and managed by CAPES, the PIBID program\u2019s objective is to improve and enhance the training of teachers in the...Leia mais..\" \/>\n<meta property=\"og:url\" content=\"http:\/\/www.his.puc-rio.br\/en\/graduacao\/pibid-pibic-pet\/\" \/>\n<meta property=\"og:site_name\" content=\"Departamento de Hist\u00f3ria da PUC-Rio\" \/>\n<meta property=\"article:modified_time\" content=\"2021-04-14T19:27:59+00:00\" \/>\n<meta name=\"twitter:card\" content=\"summary_large_image\" \/>\n<meta name=\"twitter:label1\" content=\"Est. reading time\" \/>\n\t<meta name=\"twitter:data1\" content=\"8 minutes\" \/>\n<script type=\"application\/ld+json\" class=\"yoast-schema-graph\">{\"@context\":\"https:\/\/schema.org\",\"@graph\":[{\"@type\":\"WebPage\",\"@id\":\"http:\/\/www.his.puc-rio.br\/en\/graduacao\/pibid-pibic-pet\/\",\"url\":\"http:\/\/www.his.puc-rio.br\/en\/graduacao\/pibid-pibic-pet\/\",\"name\":\"PIBID \/ PIBIC \/ PET - Departamento de Hist\u00f3ria da PUC-Rio\",\"isPartOf\":{\"@id\":\"http:\/\/www.his.puc-rio.br\/en\/#website\"},\"datePublished\":\"2016-08-17T15:42:59+00:00\",\"dateModified\":\"2021-04-14T19:27:59+00:00\",\"breadcrumb\":{\"@id\":\"http:\/\/www.his.puc-rio.br\/en\/graduacao\/pibid-pibic-pet\/#breadcrumb\"},\"inLanguage\":\"en-US\",\"potentialAction\":[{\"@type\":\"ReadAction\",\"target\":[[\"http:\/\/www.his.puc-rio.br\/en\/graduacao\/pibid-pibic-pet\/\"]]}]},{\"@type\":\"BreadcrumbList\",\"@id\":\"http:\/\/www.his.puc-rio.br\/en\/graduacao\/pibid-pibic-pet\/#breadcrumb\",\"itemListElement\":[{\"@type\":\"ListItem\",\"position\":1,\"name\":\"In\u00edcio\",\"item\":\"http:\/\/www.his.puc-rio.br\/en\/\"},{\"@type\":\"ListItem\",\"position\":2,\"name\":\"GRADUA\u00c7\u00c3O\",\"item\":\"http:\/\/www.his.puc-rio.br\/en\/graduacao\/\"},{\"@type\":\"ListItem\",\"position\":3,\"name\":\"PIBID \/ PIBIC \/ PET\"}]},{\"@type\":\"WebSite\",\"@id\":\"http:\/\/www.his.puc-rio.br\/en\/#website\",\"url\":\"http:\/\/www.his.puc-rio.br\/en\/\",\"name\":\"Departamento de Hist\u00f3ria da PUC-Rio\",\"description\":\"Cursos de Gradua\u00e7\u00e3o, P\u00f3s-gradua\u00e7\u00e3o, Mestrado e Doutorado\",\"potentialAction\":[{\"@type\":\"SearchAction\",\"target\":{\"@type\":\"EntryPoint\",\"urlTemplate\":\"http:\/\/www.his.puc-rio.br\/en\/?s={search_term_string}\"},\"query-input\":{\"@type\":\"PropertyValueSpecification\",\"valueRequired\":true,\"valueName\":\"search_term_string\"}}],\"inLanguage\":\"en-US\"}]}<\/script>\n<!-- \/ Yoast SEO plugin. -->","yoast_head_json":{"title":"PIBID \/ PIBIC \/ PET - Departamento de Hist\u00f3ria da PUC-Rio","robots":{"index":"index","follow":"follow","max-snippet":"max-snippet:-1","max-image-preview":"max-image-preview:large","max-video-preview":"max-video-preview:-1"},"canonical":"http:\/\/www.his.puc-rio.br\/en\/graduacao\/pibid-pibic-pet\/","og_locale":"en_US","og_type":"article","og_title":"PIBID \/ PIBIC \/ PET - Departamento de Hist\u00f3ria da PUC-Rio","og_description":"Institutional Program for Scholarships in the Introduction to Teaching (PIBID, in Portuguese *) &nbsp; Instituted by the Ministry of Education (MEC) and managed by CAPES, the PIBID program\u2019s objective is to improve and enhance the training of teachers in the...Leia mais..","og_url":"http:\/\/www.his.puc-rio.br\/en\/graduacao\/pibid-pibic-pet\/","og_site_name":"Departamento de Hist\u00f3ria da PUC-Rio","article_modified_time":"2021-04-14T19:27:59+00:00","twitter_card":"summary_large_image","twitter_misc":{"Est. reading time":"8 minutes"},"schema":{"@context":"https:\/\/schema.org","@graph":[{"@type":"WebPage","@id":"http:\/\/www.his.puc-rio.br\/en\/graduacao\/pibid-pibic-pet\/","url":"http:\/\/www.his.puc-rio.br\/en\/graduacao\/pibid-pibic-pet\/","name":"PIBID \/ PIBIC \/ PET - Departamento de Hist\u00f3ria da PUC-Rio","isPartOf":{"@id":"http:\/\/www.his.puc-rio.br\/en\/#website"},"datePublished":"2016-08-17T15:42:59+00:00","dateModified":"2021-04-14T19:27:59+00:00","breadcrumb":{"@id":"http:\/\/www.his.puc-rio.br\/en\/graduacao\/pibid-pibic-pet\/#breadcrumb"},"inLanguage":"en-US","potentialAction":[{"@type":"ReadAction","target":[["http:\/\/www.his.puc-rio.br\/en\/graduacao\/pibid-pibic-pet\/"]]}]},{"@type":"BreadcrumbList","@id":"http:\/\/www.his.puc-rio.br\/en\/graduacao\/pibid-pibic-pet\/#breadcrumb","itemListElement":[{"@type":"ListItem","position":1,"name":"In\u00edcio","item":"http:\/\/www.his.puc-rio.br\/en\/"},{"@type":"ListItem","position":2,"name":"GRADUA\u00c7\u00c3O","item":"http:\/\/www.his.puc-rio.br\/en\/graduacao\/"},{"@type":"ListItem","position":3,"name":"PIBID \/ PIBIC \/ PET"}]},{"@type":"WebSite","@id":"http:\/\/www.his.puc-rio.br\/en\/#website","url":"http:\/\/www.his.puc-rio.br\/en\/","name":"Departamento de Hist\u00f3ria da PUC-Rio","description":"Cursos de Gradua\u00e7\u00e3o, P\u00f3s-gradua\u00e7\u00e3o, Mestrado e Doutorado","potentialAction":[{"@type":"SearchAction","target":{"@type":"EntryPoint","urlTemplate":"http:\/\/www.his.puc-rio.br\/en\/?s={search_term_string}"},"query-input":{"@type":"PropertyValueSpecification","valueRequired":true,"valueName":"search_term_string"}}],"inLanguage":"en-US"}]}},"_links":{"self":[{"href":"https:\/\/www.his.puc-rio.br\/en\/wp-json\/wp\/v2\/pages\/28"}],"collection":[{"href":"https:\/\/www.his.puc-rio.br\/en\/wp-json\/wp\/v2\/pages"}],"about":[{"href":"https:\/\/www.his.puc-rio.br\/en\/wp-json\/wp\/v2\/types\/page"}],"author":[{"embeddable":true,"href":"https:\/\/www.his.puc-rio.br\/en\/wp-json\/wp\/v2\/users\/1"}],"replies":[{"embeddable":true,"href":"https:\/\/www.his.puc-rio.br\/en\/wp-json\/wp\/v2\/comments?post=28"}],"version-history":[{"count":13,"href":"https:\/\/www.his.puc-rio.br\/en\/wp-json\/wp\/v2\/pages\/28\/revisions"}],"predecessor-version":[{"id":2959,"href":"https:\/\/www.his.puc-rio.br\/en\/wp-json\/wp\/v2\/pages\/28\/revisions\/2959"}],"up":[{"embeddable":true,"href":"https:\/\/www.his.puc-rio.br\/en\/wp-json\/wp\/v2\/pages\/17"}],"wp:attachment":[{"href":"https:\/\/www.his.puc-rio.br\/en\/wp-json\/wp\/v2\/media?parent=28"}],"curies":[{"name":"wp","href":"https:\/\/api.w.org\/{rel}","templated":true}]}}