{"id":30,"date":"2016-08-17T12:42:59","date_gmt":"2016-08-17T15:42:59","guid":{"rendered":"http:\/\/wwwt.his.puc-rio.br\/his\/graduacao\/ingresso\/"},"modified":"2022-07-18T09:51:36","modified_gmt":"2022-07-18T12:51:36","slug":"ingresso","status":"publish","type":"page","link":"https:\/\/www.his.puc-rio.br\/en\/graduacao\/ingresso\/","title":{"rendered":"INGRESSO"},"content":{"rendered":"<p><\/p>\n<h2><span style=\"color: #000000;\">Admissions<\/span><\/h2>\n<p>&nbsp;<\/p>\n<p><span style=\"color: #000000;\">Access information about the documents you will need, the exams schedule, access via <em>ENEM<\/em>, and all the procedures needed to take part in the selection process for the undergraduate program in History directly in PUC-Rio\u2019s dedicated website.<\/span><\/p>\n<p>&nbsp;<\/p>\n<h3 style=\"text-align: justify;\"><strong><span style=\"color: #000000;\">Learn how to enroll directly in the site of<\/span> <span style=\"color: #0000ff;\"><a style=\"color: #0000ff;\" href=\"http:\/\/www.puc-rio.br\/vestibular\/\" target=\"_blank\" rel=\"noopener\"><u>PUC-Rio\u2019s Vestibular (entrance examination)<\/u><\/a><\/span><\/strong><\/h3>\n<p style=\"text-align: justify;\">\n<p><\/p>","protected":false},"excerpt":{"rendered":"<p>Admissions &nbsp; Access information about the documents you will need, the exams schedule, access via ENEM, and all the procedures needed to take part in the selection process for the undergraduate program in History directly in PUC-Rio\u2019s dedicated website. &nbsp;<a class=\"moretag\" href=\"https:\/\/www.his.puc-rio.br\/en\/graduacao\/ingresso\/\">&#8230;<\/a><\/br><a href=\"https:\/\/www.his.puc-rio.br\/en\/graduacao\/ingresso\/\" class=\"read-more\">Leia mais..  <span class=\"glyphicon glyphicon-chevron-right\" ><\/span><\/a><\/p>\n","protected":false},"author":1,"featured_media":0,"parent":17,"menu_order":16,"comment_status":"open","ping_status":"open","template":"page-templates\/full-width.php","meta":{"footnotes":""},"yoast_head":"<!-- This site is optimized with the Yoast SEO plugin v23.5 - https:\/\/yoast.com\/wordpress\/plugins\/seo\/ -->\n<title>INGRESSO - Departamento de Hist\u00f3ria da PUC-Rio<\/title>\n<meta name=\"robots\" content=\"index, follow, max-snippet:-1, max-image-preview:large, max-video-preview:-1\" \/>\n<link rel=\"canonical\" href=\"http:\/\/www.his.puc-rio.br\/en\/graduacao\/ingresso\/\" \/>\n<meta property=\"og:locale\" content=\"en_US\" \/>\n<meta property=\"og:type\" content=\"article\" \/>\n<meta property=\"og:title\" content=\"INGRESSO - Departamento de Hist\u00f3ria da PUC-Rio\" \/>\n<meta property=\"og:description\" content=\"Admissions &nbsp; Access information about the documents you will need, the exams schedule, access via ENEM, and all the procedures needed to take part in the selection process for the undergraduate program in History directly in PUC-Rio\u2019s dedicated website. &nbsp;...Leia mais..\" \/>\n<meta property=\"og:url\" content=\"http:\/\/www.his.puc-rio.br\/en\/graduacao\/ingresso\/\" \/>\n<meta property=\"og:site_name\" content=\"Departamento de Hist\u00f3ria da PUC-Rio\" \/>\n<meta property=\"article:modified_time\" content=\"2022-07-18T12:51:36+00:00\" \/>\n<meta name=\"twitter:card\" content=\"summary_large_image\" \/>\n<meta name=\"twitter:label1\" content=\"Est. reading time\" \/>\n\t<meta name=\"twitter:data1\" content=\"1 minute\" \/>\n<script type=\"application\/ld+json\" class=\"yoast-schema-graph\">{\"@context\":\"https:\/\/schema.org\",\"@graph\":[{\"@type\":\"WebPage\",\"@id\":\"http:\/\/www.his.puc-rio.br\/en\/graduacao\/ingresso\/\",\"url\":\"http:\/\/www.his.puc-rio.br\/en\/graduacao\/ingresso\/\",\"name\":\"INGRESSO - Departamento de Hist\u00f3ria da PUC-Rio\",\"isPartOf\":{\"@id\":\"http:\/\/www.his.puc-rio.br\/en\/#website\"},\"datePublished\":\"2016-08-17T15:42:59+00:00\",\"dateModified\":\"2022-07-18T12:51:36+00:00\",\"breadcrumb\":{\"@id\":\"http:\/\/www.his.puc-rio.br\/en\/graduacao\/ingresso\/#breadcrumb\"},\"inLanguage\":\"en-US\",\"potentialAction\":[{\"@type\":\"ReadAction\",\"target\":[[\"http:\/\/www.his.puc-rio.br\/en\/graduacao\/ingresso\/\"]]}]},{\"@type\":\"BreadcrumbList\",\"@id\":\"http:\/\/www.his.puc-rio.br\/en\/graduacao\/ingresso\/#breadcrumb\",\"itemListElement\":[{\"@type\":\"ListItem\",\"position\":1,\"name\":\"In\u00edcio\",\"item\":\"http:\/\/www.his.puc-rio.br\/en\/\"},{\"@type\":\"ListItem\",\"position\":2,\"name\":\"GRADUA\u00c7\u00c3O\",\"item\":\"http:\/\/www.his.puc-rio.br\/en\/graduacao\/\"},{\"@type\":\"ListItem\",\"position\":3,\"name\":\"INGRESSO\"}]},{\"@type\":\"WebSite\",\"@id\":\"http:\/\/www.his.puc-rio.br\/en\/#website\",\"url\":\"http:\/\/www.his.puc-rio.br\/en\/\",\"name\":\"Departamento de Hist\u00f3ria da PUC-Rio\",\"description\":\"Cursos de Gradua\u00e7\u00e3o, P\u00f3s-gradua\u00e7\u00e3o, Mestrado e Doutorado\",\"potentialAction\":[{\"@type\":\"SearchAction\",\"target\":{\"@type\":\"EntryPoint\",\"urlTemplate\":\"http:\/\/www.his.puc-rio.br\/en\/?s={search_term_string}\"},\"query-input\":{\"@type\":\"PropertyValueSpecification\",\"valueRequired\":true,\"valueName\":\"search_term_string\"}}],\"inLanguage\":\"en-US\"}]}<\/script>\n<!-- \/ Yoast SEO plugin. -->","yoast_head_json":{"title":"INGRESSO - Departamento de Hist\u00f3ria da PUC-Rio","robots":{"index":"index","follow":"follow","max-snippet":"max-snippet:-1","max-image-preview":"max-image-preview:large","max-video-preview":"max-video-preview:-1"},"canonical":"http:\/\/www.his.puc-rio.br\/en\/graduacao\/ingresso\/","og_locale":"en_US","og_type":"article","og_title":"INGRESSO - Departamento de Hist\u00f3ria da PUC-Rio","og_description":"Admissions &nbsp; Access information about the documents you will need, the exams schedule, access via ENEM, and all the procedures needed to take part in the selection process for the undergraduate program in History directly in PUC-Rio\u2019s dedicated website. &nbsp;...Leia mais..","og_url":"http:\/\/www.his.puc-rio.br\/en\/graduacao\/ingresso\/","og_site_name":"Departamento de Hist\u00f3ria da PUC-Rio","article_modified_time":"2022-07-18T12:51:36+00:00","twitter_card":"summary_large_image","twitter_misc":{"Est. reading time":"1 minute"},"schema":{"@context":"https:\/\/schema.org","@graph":[{"@type":"WebPage","@id":"http:\/\/www.his.puc-rio.br\/en\/graduacao\/ingresso\/","url":"http:\/\/www.his.puc-rio.br\/en\/graduacao\/ingresso\/","name":"INGRESSO - Departamento de Hist\u00f3ria da PUC-Rio","isPartOf":{"@id":"http:\/\/www.his.puc-rio.br\/en\/#website"},"datePublished":"2016-08-17T15:42:59+00:00","dateModified":"2022-07-18T12:51:36+00:00","breadcrumb":{"@id":"http:\/\/www.his.puc-rio.br\/en\/graduacao\/ingresso\/#breadcrumb"},"inLanguage":"en-US","potentialAction":[{"@type":"ReadAction","target":[["http:\/\/www.his.puc-rio.br\/en\/graduacao\/ingresso\/"]]}]},{"@type":"BreadcrumbList","@id":"http:\/\/www.his.puc-rio.br\/en\/graduacao\/ingresso\/#breadcrumb","itemListElement":[{"@type":"ListItem","position":1,"name":"In\u00edcio","item":"http:\/\/www.his.puc-rio.br\/en\/"},{"@type":"ListItem","position":2,"name":"GRADUA\u00c7\u00c3O","item":"http:\/\/www.his.puc-rio.br\/en\/graduacao\/"},{"@type":"ListItem","position":3,"name":"INGRESSO"}]},{"@type":"WebSite","@id":"http:\/\/www.his.puc-rio.br\/en\/#website","url":"http:\/\/www.his.puc-rio.br\/en\/","name":"Departamento de Hist\u00f3ria da PUC-Rio","description":"Cursos de Gradua\u00e7\u00e3o, P\u00f3s-gradua\u00e7\u00e3o, Mestrado e Doutorado","potentialAction":[{"@type":"SearchAction","target":{"@type":"EntryPoint","urlTemplate":"http:\/\/www.his.puc-rio.br\/en\/?s={search_term_string}"},"query-input":{"@type":"PropertyValueSpecification","valueRequired":true,"valueName":"search_term_string"}}],"inLanguage":"en-US"}]}},"_links":{"self":[{"href":"https:\/\/www.his.puc-rio.br\/en\/wp-json\/wp\/v2\/pages\/30"}],"collection":[{"href":"https:\/\/www.his.puc-rio.br\/en\/wp-json\/wp\/v2\/pages"}],"about":[{"href":"https:\/\/www.his.puc-rio.br\/en\/wp-json\/wp\/v2\/types\/page"}],"author":[{"embeddable":true,"href":"https:\/\/www.his.puc-rio.br\/en\/wp-json\/wp\/v2\/users\/1"}],"replies":[{"embeddable":true,"href":"https:\/\/www.his.puc-rio.br\/en\/wp-json\/wp\/v2\/comments?post=30"}],"version-history":[{"count":12,"href":"https:\/\/www.his.puc-rio.br\/en\/wp-json\/wp\/v2\/pages\/30\/revisions"}],"predecessor-version":[{"id":3650,"href":"https:\/\/www.his.puc-rio.br\/en\/wp-json\/wp\/v2\/pages\/30\/revisions\/3650"}],"up":[{"embeddable":true,"href":"https:\/\/www.his.puc-rio.br\/en\/wp-json\/wp\/v2\/pages\/17"}],"wp:attachment":[{"href":"https:\/\/www.his.puc-rio.br\/en\/wp-json\/wp\/v2\/media?parent=30"}],"curies":[{"name":"wp","href":"https:\/\/api.w.org\/{rel}","templated":true}]}}