{"id":31,"date":"2016-10-17T12:42:59","date_gmt":"2016-10-17T14:42:59","guid":{"rendered":"http:\/\/wwwt.his.puc-rio.br\/his\/pos-graduacao\/mestradodoutorado\/"},"modified":"2025-06-25T15:23:32","modified_gmt":"2025-06-25T18:23:32","slug":"mestradodoutorado","status":"publish","type":"page","link":"https:\/\/www.his.puc-rio.br\/en\/pos-graduacao\/mestrado-doutorado\/","title":{"rendered":"MESTRADO\/DOUTORADO"},"content":{"rendered":"<p><\/p>\n<h5><span style=\"color: #000000;\"><strong>Coordenadora: <\/strong><\/span><span style=\"color: #000000;\">Profa. Regiane Augusto de Mattos<br \/>\n<\/span><span style=\"color: #000000;\"><strong>Coordenadora Adjunta:<\/strong> Prof. Felipe Azevedo e Souza<\/span><\/h5>\n<h5><span style=\"color: #000000;\"><strong>Internal Self-Assessment Committee:<\/strong><br \/>\nProf. Diego Antonio Galeano<br \/>\n<\/span><span style=\"color: #000000;\">Prof. Jo\u00e3o Azevedo e Dias Duarte<br \/>\nProf. S\u00e9rgio Bruno Guimar\u00e3es Martins<\/span><\/h5>\n<h5><\/h5>\n<h2 style=\"text-align: justify;\"><span style=\"color: #000000;\"><strong>Social History of Culture<\/strong><\/span><\/h2>\n<p style=\"text-align: justify;\"><span style=\"color: #000000;\">The Graduate Program in Social History of Culture began its activities in 1986 by offering a Master\u2019s degree. The PhD program started in 1998.<\/span><\/p>\n<p style=\"text-align: justify;\"><span style=\"color: #000000;\">Ever since the beginning of the Program, this concentration area \u2013 Social History of Culture \u2013 was conceived and defined as a thematic horizon that brought together the varied concerns of the Program\u2019s faculty. Our Graduate Program thus became the first of its kind to choose Social History of Culture as the general mark of its identity. Theoretical and historiographical reflection is the common ground that integrates the shared topics discussed in the Program \u2014culture, history, art \u2014; we value historiographical approaches stemming from an interdisciplinary perspective. This general identity mark acquires a sharper relief in the<\/span><span style=\"color: #0000ff;\"> <a style=\"color: #0000ff;\" href=\"http:\/\/wwwt.his.puc-rio.br\/his\/en\/pos-graduacao\/linhas-de-pesquisa\/\">Lines of Research <\/a><\/span><span style=\"color: #000000;\">(Theory of History, Historiography and Intellectual History; Cultural Experiences and Connections; and History of Art and Architecture) that constitute the Program. The dynamics of the Research Projects undertaken under the auspices of the Program further translate this mark to everyday academic life.<\/span><\/p>\n<p style=\"text-align: justify;\"><span style=\"color: #000000;\">The Program offers Master\u2019s and PhD degrees. The curriculum is so organized as to include academic disciplines and activities related both to the concentration area in general and tothe Lines of Research that constitute the Program.<\/span><\/p>\n<p>&nbsp;<\/p>\n<p style=\"text-align: justify;\"><div class='content-column one_half'><h3 style=\"text-align: justify;\"><span style=\"color: #000000;\"><strong>Master\u2019s Degree<\/strong><\/span><\/h3>\n<p style=\"text-align: justify;\"><span style=\"color: #000000;\">The Master\u2019s degree in Social History of Culture requires the completion of 21 credits: 3 credits from the required course History and Culture; 9 credits from elective courses; 3 credits from courses in related fields; and 6 credits from dissertation seminars.<\/span><\/p>\n<p style=\"text-align: justify;\"><\/div><\/p>\n<p style=\"text-align: justify;\"><div class='content-column one_half last_column'><h3 style=\"text-align: justify;\"><span style=\"color: #000000;\"><strong>Doctoral Degree<\/strong><\/span><\/h3>\n<p style=\"text-align: justify;\"><span style=\"color: #000000;\">The Doctoral Degree requires the completion of 30 credits, distributed as follows: 3 credits from the required course History and Culture or 3 credits from an elective course (for students who already took the required course History and Culture during the Master\u2019s degree); 6 credits from elective courses; 3 credits from courses in related fields; and 18 credits from thesis seminars.<\/span><\/p>\n<p style=\"text-align: justify;\"><\/div><div class='clear_column'><\/div><\/p>\n<p>&nbsp;<\/p>\n<h3 style=\"text-align: justify;\"><span style=\"color: #000000;\"><strong>Dissertation and Thesis Collections<\/strong><\/span><\/h3>\n<p style=\"text-align: justify;\"><span style=\"color: #000000;\">PUC-Rio\u2019s library holds all dissertations by History students. To have access to the complete texts of theses and dissertations, click on this<\/span><span style=\"color: #0000ff;\"><a style=\"color: #0000ff;\" href=\"http:\/\/www.dbd.puc-rio.br\/\"> library link<\/a><\/span>.<\/p>\n<p style=\"text-align: justify;\"><span style=\"color: #000000;\">For a listing of the theses and dissertations submitted in the Program<\/span>, <a href=\"https:\/\/www.maxwell.vrac.puc-rio.br\/projetosEspeciais\/ETDs\/program.php?strSecao=show1&amp;prog=15\" target=\"_blank\" rel=\"noopener\"><span style=\"color: #0000ff;\">click here<\/span><\/a>, <span style=\"color: #000000;\">or carry out a more refined search in th<\/span>e <span style=\"color: #0000ff;\"><a style=\"color: #0000ff;\" href=\"https:\/\/www.maxwell.vrac.puc-rio.br\/projetosEspeciais\/ETDs\/\" target=\"_blank\" rel=\"noopener\">Theses Database.<\/a><\/span><\/p>\n<p>&nbsp;<\/p>\n<h3 style=\"text-align: justify;\"><span style=\"color: #000000;\"><strong>Curriculum Organization<\/strong><\/span><\/h3>\n<p style=\"text-align: justify;\"><span style=\"color: #000000;\">The required course History and Culture aims at introducing and discussing authors and themes of special relevance to the Graduate Program in Social History of Culture in that the reflections they prompt bring together the three Lines of Research that constitute the Program. The elective courses are related to the themes addressed by each respective Line of Research and are offered by the Program every semester. The courses in related fields are those offered by other graduate programs and are deemed to be necessary or recommendable to graduate students enrolled in our Program. In the latter case, students may enroll in courses offered by PUC-Rio\u2019s other departments, or by other higher education institutions offering accredited graduate programs, as long as they do not enroll in History courses. Dissertation and Thesis Seminars offer programmed activities related to academic training, to the development of research and to the writing of a dissertation or thesis, involving the student\u2019s advisor, the Line of Research faculty, and the advisee. These seminars necessarily involve the advisory process and the preparation for the evaluation stages of research results, as required in the internal regulations, and may include text reading and discussion meetings, as well as participation in debates and seminars.<\/span><\/p>\n<p>&nbsp;<\/p>\n<h3 style=\"text-align: justify;\"><span style=\"color: #000000;\"><strong>Selection Process<\/strong><\/span><\/h3>\n<p style=\"text-align: justify;\"><span style=\"color: #000000;\">Enrollment and selection processes of candidates will take place in the second semester of each academic year and will follow the schedule determined by PUC-Rio.<\/span><\/p>\n<p style=\"text-align: justify;\"><span style=\"color: #000000;\">In addition to meeting the general regulation requirements, the History Department requires the following from candidates:<\/span><\/p>\n<ul style=\"text-align: justify;\">\n<li><span style=\"color: #000000;\">To hold a degree from an institution of higher education, preferably in Social or Human Sciences.<\/span><\/li>\n<li><span style=\"color: #000000;\">To demonstrate knowledge and skills which qualify them for advanced studies and research in History.<\/span><\/li>\n<li><span style=\"color: #000000;\">Master\u2019s degree candidates must demonstrate reading knowledge of either English or French, while those vying for a PhD degree must prove knowledge of two of the following foreign languages: English, French, Italian and German.<\/span><\/li>\n<li><span style=\"color: #000000;\">Availability to attend classes and meet the other Program requirements.<\/span><\/li>\n<\/ul>\n<p>&nbsp;<\/p>\n<p><strong><span style=\"color: #000000;\">See the course<span style=\"color: #0000ff;\"> <a style=\"color: #0000ff;\" href=\"http:\/\/www.puc-rio.br\/ensinopesq\/ccpg\/progcult.html\" target=\"_blank\" rel=\"noopener\">here<\/a><\/span>, the entire master&#8217;s and doctoral curriculum series in Social History of Culture complete with bachelor&#8217;s and history.<\/span><\/strong><\/p>","protected":false},"excerpt":{"rendered":"<p>Coordenadora: Profa. Regiane Augusto de Mattos Coordenadora Adjunta: Prof. Felipe Azevedo e Souza Internal Self-Assessment Committee: Prof. Diego Antonio Galeano Prof. Jo\u00e3o Azevedo e Dias Duarte Prof. S\u00e9rgio Bruno Guimar\u00e3es Martins Social History of Culture The Graduate Program in Social<a class=\"moretag\" href=\"https:\/\/www.his.puc-rio.br\/en\/pos-graduacao\/mestrado-doutorado\/\">&#8230;<\/a><\/br><a href=\"https:\/\/www.his.puc-rio.br\/en\/pos-graduacao\/mestrado-doutorado\/\" class=\"read-more\">Leia mais..  <span class=\"glyphicon glyphicon-chevron-right\" ><\/span><\/a><\/p>\n","protected":false},"author":1,"featured_media":0,"parent":18,"menu_order":17,"comment_status":"open","ping_status":"open","template":"page-templates\/full-width.php","meta":{"footnotes":""},"yoast_head":"<!-- This site is optimized with the Yoast SEO plugin v23.5 - https:\/\/yoast.com\/wordpress\/plugins\/seo\/ -->\n<title>MESTRADO\/DOUTORADO - Departamento de Hist\u00f3ria da PUC-Rio<\/title>\n<meta name=\"robots\" content=\"index, follow, max-snippet:-1, max-image-preview:large, max-video-preview:-1\" \/>\n<link rel=\"canonical\" href=\"http:\/\/www.his.puc-rio.br\/en\/pos-graduacao\/mestrado-doutorado\/\" \/>\n<meta property=\"og:locale\" content=\"en_US\" \/>\n<meta property=\"og:type\" content=\"article\" \/>\n<meta property=\"og:title\" content=\"MESTRADO\/DOUTORADO - Departamento de Hist\u00f3ria da PUC-Rio\" \/>\n<meta property=\"og:description\" content=\"Coordenadora: Profa. Regiane Augusto de Mattos Coordenadora Adjunta: Prof. Felipe Azevedo e Souza Internal Self-Assessment Committee: Prof. Diego Antonio Galeano Prof. Jo\u00e3o Azevedo e Dias Duarte Prof. S\u00e9rgio Bruno Guimar\u00e3es Martins Social History of Culture The Graduate Program in Social...Leia mais..\" \/>\n<meta property=\"og:url\" content=\"http:\/\/www.his.puc-rio.br\/en\/pos-graduacao\/mestrado-doutorado\/\" \/>\n<meta property=\"og:site_name\" content=\"Departamento de Hist\u00f3ria da PUC-Rio\" \/>\n<meta property=\"article:modified_time\" content=\"2025-06-25T18:23:32+00:00\" \/>\n<meta name=\"twitter:card\" content=\"summary_large_image\" \/>\n<meta name=\"twitter:label1\" content=\"Est. reading time\" \/>\n\t<meta name=\"twitter:data1\" content=\"5 minutes\" \/>\n<script type=\"application\/ld+json\" class=\"yoast-schema-graph\">{\"@context\":\"https:\/\/schema.org\",\"@graph\":[{\"@type\":\"WebPage\",\"@id\":\"http:\/\/www.his.puc-rio.br\/en\/pos-graduacao\/mestrado-doutorado\/\",\"url\":\"http:\/\/www.his.puc-rio.br\/en\/pos-graduacao\/mestrado-doutorado\/\",\"name\":\"MESTRADO\/DOUTORADO - Departamento de Hist\u00f3ria da PUC-Rio\",\"isPartOf\":{\"@id\":\"http:\/\/www.his.puc-rio.br\/en\/#website\"},\"datePublished\":\"2016-10-17T14:42:59+00:00\",\"dateModified\":\"2025-06-25T18:23:32+00:00\",\"breadcrumb\":{\"@id\":\"http:\/\/www.his.puc-rio.br\/en\/pos-graduacao\/mestrado-doutorado\/#breadcrumb\"},\"inLanguage\":\"en-US\",\"potentialAction\":[{\"@type\":\"ReadAction\",\"target\":[[\"http:\/\/www.his.puc-rio.br\/en\/pos-graduacao\/mestrado-doutorado\/\"]]}]},{\"@type\":\"BreadcrumbList\",\"@id\":\"http:\/\/www.his.puc-rio.br\/en\/pos-graduacao\/mestrado-doutorado\/#breadcrumb\",\"itemListElement\":[{\"@type\":\"ListItem\",\"position\":1,\"name\":\"In\u00edcio\",\"item\":\"http:\/\/www.his.puc-rio.br\/en\/\"},{\"@type\":\"ListItem\",\"position\":2,\"name\":\"P\u00d3S GRADUA\u00c7\u00c3O\",\"item\":\"http:\/\/www.his.puc-rio.br\/en\/pos-graduacao\/\"},{\"@type\":\"ListItem\",\"position\":3,\"name\":\"MESTRADO\/DOUTORADO\"}]},{\"@type\":\"WebSite\",\"@id\":\"http:\/\/www.his.puc-rio.br\/en\/#website\",\"url\":\"http:\/\/www.his.puc-rio.br\/en\/\",\"name\":\"Departamento de Hist\u00f3ria da PUC-Rio\",\"description\":\"Cursos de Gradua\u00e7\u00e3o, P\u00f3s-gradua\u00e7\u00e3o, Mestrado e Doutorado\",\"potentialAction\":[{\"@type\":\"SearchAction\",\"target\":{\"@type\":\"EntryPoint\",\"urlTemplate\":\"http:\/\/www.his.puc-rio.br\/en\/?s={search_term_string}\"},\"query-input\":{\"@type\":\"PropertyValueSpecification\",\"valueRequired\":true,\"valueName\":\"search_term_string\"}}],\"inLanguage\":\"en-US\"}]}<\/script>\n<!-- \/ Yoast SEO plugin. -->","yoast_head_json":{"title":"MESTRADO\/DOUTORADO - Departamento de Hist\u00f3ria da PUC-Rio","robots":{"index":"index","follow":"follow","max-snippet":"max-snippet:-1","max-image-preview":"max-image-preview:large","max-video-preview":"max-video-preview:-1"},"canonical":"http:\/\/www.his.puc-rio.br\/en\/pos-graduacao\/mestrado-doutorado\/","og_locale":"en_US","og_type":"article","og_title":"MESTRADO\/DOUTORADO - Departamento de Hist\u00f3ria da PUC-Rio","og_description":"Coordenadora: Profa. Regiane Augusto de Mattos Coordenadora Adjunta: Prof. Felipe Azevedo e Souza Internal Self-Assessment Committee: Prof. Diego Antonio Galeano Prof. Jo\u00e3o Azevedo e Dias Duarte Prof. S\u00e9rgio Bruno Guimar\u00e3es Martins Social History of Culture The Graduate Program in Social...Leia mais..","og_url":"http:\/\/www.his.puc-rio.br\/en\/pos-graduacao\/mestrado-doutorado\/","og_site_name":"Departamento de Hist\u00f3ria da PUC-Rio","article_modified_time":"2025-06-25T18:23:32+00:00","twitter_card":"summary_large_image","twitter_misc":{"Est. reading time":"5 minutes"},"schema":{"@context":"https:\/\/schema.org","@graph":[{"@type":"WebPage","@id":"http:\/\/www.his.puc-rio.br\/en\/pos-graduacao\/mestrado-doutorado\/","url":"http:\/\/www.his.puc-rio.br\/en\/pos-graduacao\/mestrado-doutorado\/","name":"MESTRADO\/DOUTORADO - Departamento de Hist\u00f3ria da PUC-Rio","isPartOf":{"@id":"http:\/\/www.his.puc-rio.br\/en\/#website"},"datePublished":"2016-10-17T14:42:59+00:00","dateModified":"2025-06-25T18:23:32+00:00","breadcrumb":{"@id":"http:\/\/www.his.puc-rio.br\/en\/pos-graduacao\/mestrado-doutorado\/#breadcrumb"},"inLanguage":"en-US","potentialAction":[{"@type":"ReadAction","target":[["http:\/\/www.his.puc-rio.br\/en\/pos-graduacao\/mestrado-doutorado\/"]]}]},{"@type":"BreadcrumbList","@id":"http:\/\/www.his.puc-rio.br\/en\/pos-graduacao\/mestrado-doutorado\/#breadcrumb","itemListElement":[{"@type":"ListItem","position":1,"name":"In\u00edcio","item":"http:\/\/www.his.puc-rio.br\/en\/"},{"@type":"ListItem","position":2,"name":"P\u00d3S GRADUA\u00c7\u00c3O","item":"http:\/\/www.his.puc-rio.br\/en\/pos-graduacao\/"},{"@type":"ListItem","position":3,"name":"MESTRADO\/DOUTORADO"}]},{"@type":"WebSite","@id":"http:\/\/www.his.puc-rio.br\/en\/#website","url":"http:\/\/www.his.puc-rio.br\/en\/","name":"Departamento de Hist\u00f3ria da PUC-Rio","description":"Cursos de Gradua\u00e7\u00e3o, P\u00f3s-gradua\u00e7\u00e3o, Mestrado e Doutorado","potentialAction":[{"@type":"SearchAction","target":{"@type":"EntryPoint","urlTemplate":"http:\/\/www.his.puc-rio.br\/en\/?s={search_term_string}"},"query-input":{"@type":"PropertyValueSpecification","valueRequired":true,"valueName":"search_term_string"}}],"inLanguage":"en-US"}]}},"_links":{"self":[{"href":"https:\/\/www.his.puc-rio.br\/en\/wp-json\/wp\/v2\/pages\/31"}],"collection":[{"href":"https:\/\/www.his.puc-rio.br\/en\/wp-json\/wp\/v2\/pages"}],"about":[{"href":"https:\/\/www.his.puc-rio.br\/en\/wp-json\/wp\/v2\/types\/page"}],"author":[{"embeddable":true,"href":"https:\/\/www.his.puc-rio.br\/en\/wp-json\/wp\/v2\/users\/1"}],"replies":[{"embeddable":true,"href":"https:\/\/www.his.puc-rio.br\/en\/wp-json\/wp\/v2\/comments?post=31"}],"version-history":[{"count":75,"href":"https:\/\/www.his.puc-rio.br\/en\/wp-json\/wp\/v2\/pages\/31\/revisions"}],"predecessor-version":[{"id":4942,"href":"https:\/\/www.his.puc-rio.br\/en\/wp-json\/wp\/v2\/pages\/31\/revisions\/4942"}],"up":[{"embeddable":true,"href":"https:\/\/www.his.puc-rio.br\/en\/wp-json\/wp\/v2\/pages\/18"}],"wp:attachment":[{"href":"https:\/\/www.his.puc-rio.br\/en\/wp-json\/wp\/v2\/media?parent=31"}],"curies":[{"name":"wp","href":"https:\/\/api.w.org\/{rel}","templated":true}]}}