{"id":32,"date":"2016-09-17T12:42:59","date_gmt":"2016-09-17T15:42:59","guid":{"rendered":"http:\/\/wwwt.his.puc-rio.br\/his\/pos-graduacao\/lato-sensu\/"},"modified":"2022-07-18T10:18:36","modified_gmt":"2022-07-18T13:18:36","slug":"lato-sensu","status":"publish","type":"page","link":"https:\/\/www.his.puc-rio.br\/en\/pos-graduacao\/lato-sensu\/","title":{"rendered":"LATO SENSU"},"content":{"rendered":"<p><\/p>\n<h2 style=\"text-align: justify;\"><span style=\"color: #000000;\"><strong>History of Art and Architecture in Brazil<\/strong><\/span><\/h2>\n<p>&nbsp;<\/p>\n<p>&nbsp;<\/p>\n<p style=\"text-align: justify;\"><span style=\"color: #000000;\">Created in 1980 by an initiative of the Arts Department, the specialization course in History of Art and Architecture in Brazil became the responsibility of the History department in 1984. Since its creation this course is attended by a very diversified audience made up of artists, architects, arts education teachers, designers, photographers, as well as a number of professionals whose activities require a degree of knowledge about the history art and architecture, such as historians, social scientists, museologists, journalists, sociologists, scenographers, stylists, tour guides, and so forth.<\/span><\/p>\n<p style=\"text-align: justify;\"><span style=\"color: #000000;\">This aim of the course is not merely to complement topics introduced at undergraduate level, but to provide a structured approach to the history of art and architecture which takes periodization into account without neglecting episodes of discontinuity and rupture. Hence its insistence on the interrelationship between a specific comprehension of the aesthetic phenomenon and its insertion in the cultural, historical and aesthetic field.\u00a0<\/span><\/p>\n<p style=\"text-align: justify;\"><span style=\"color: #000000;\">In this context, art and architecture in Brazil become especially relevant both to the course\u2019s curricular structure and its final assignment.<\/span><\/p>\n<p>&nbsp;<\/p>\n<h3 style=\"text-align: justify;\"><span style=\"color: #000000;\"><strong>Schedule and Time Requirements<\/strong><\/span><\/h3>\n<p>&nbsp;<\/p>\n<p style=\"text-align: justify;\"><span style=\"color: #000000;\">G\u00e1vea Unit<\/span><br \/>\n<span style=\"color: #000000;\"> March 14, 2016 to June 6, 2016 (1<sup>st<\/sup> Period)<\/span><br \/>\n<span style=\"color: #000000;\"> Mo-Th, from 7pm to 10pm<\/span><\/p>\n<p>&nbsp;<\/p>\n<h3><span style=\"color: #000000;\"><strong>Additional Information<\/strong><\/span><\/h3>\n<p>&nbsp;<\/p>\n<p style=\"text-align: justify;\"><span style=\"color: #000000;\">Check out the course\u2019s Faculty (subject to changes), program, and class synopses in PUC-Rio\u2019s<\/span> <span style=\"color: #0000ff;\"><strong><a style=\"color: #0000ff;\" href=\"http:\/\/www.cce.puc-rio.br\/sitecce\/website\/website.dll\/folder?nCurso=historia-da-arte-e-da-arquitetura-no-brasil&amp;nInst=cce\" target=\"_blank\" rel=\"noopener\"><u>CCE site.<\/u><\/a><\/strong><\/span><\/p>\n<p style=\"text-align: justify;\"><span style=\"color: #000000;\">Through this link you may also fill out a form to receive information about this course.<\/span><\/p>\n<p style=\"text-align: justify;\"><span style=\"color: #000000;\"><strong>Certificate:<\/strong> Students who satisfactorily fulfill the attendance and performance requirements will receive a certificate of completion.<\/span><\/p>\n<p>&nbsp;<\/p>\n<p>&nbsp;<\/p>\n<h2><span style=\"color: #000000;\">Indigenous and African presence: stories from Africa and the Americas <\/span><\/h2>\n<p>&nbsp;<\/p>\n<p>&nbsp;<\/p>\n<p style=\"text-align: justify;\"><span style=\"color: #000000;\">The main objective of the short course is to offer an overview of the histories and cultures of indigenous peoples, Africans and their descendants in Africa and the Americas, from the 15th to the 20th century, based on the studies of the invited researchers. In addition, it will be possible to build connections between Africa and the Americas, developing trajectories and comparative scenarios over time. <\/span><\/p>\n<p style=\"text-align: justify;\"><span style=\"color: #000000;\">The course is aimed at students and teachers interested in a general approach to the proposed theme.<\/span><\/p>\n<p>&nbsp;<\/p>\n<h3 style=\"text-align: justify;\"><span style=\"color: #000000;\"><strong>Additional Information<\/strong><\/span><\/h3>\n<p>&nbsp;<\/p>\n<p style=\"text-align: justify;\"><span style=\"color: #000000;\">Consult the faculty (subject to change), the program, the menu of subjects on the<\/span> <strong><span style=\"color: #0000ff;\"><a style=\"color: #0000ff;\" href=\"https:\/\/cce.puc-rio.br\/sitecce\/website\/website.dll\/folder?nCurso=presenca-indigena-e-africana:-historias-da-africa-e-das-americas\" target=\"_blank\" rel=\"noopener\">CCE site<\/a><\/span> <\/strong><span style=\"color: #000000;\">of PUC-Rio about the course. Through this link it is also possible to register to receive information about this course. Certificate: The student who satisfactorily satisfies the requirements for attendance and achievement will be entitled to a certificate.<\/span><\/p>\n<p>&nbsp;<\/p>\n<p>&nbsp;<\/p>\n<h2 style=\"text-align: justify;\"><span style=\"color: #000000;\"><strong>Afro-Brazilian History and Culture<\/strong><\/span><\/h2>\n<p>&nbsp;<\/p>\n<p>&nbsp;<\/p>\n<p style=\"text-align: justify;\"><span style=\"color: #000000;\">Seeking to contribute towards the scholarly and professional development of participants, the course in the history of Africa, Africans and their descendents in Brazil provides a deeper understanding of key aspects of Modern and Contemporary History, and of interrelationships with the history of Brazilian society. The course also aims at enhancing research and reflection practices as important elements in meeting the current challenges that full integration and the exercise of citizenship face. <\/span><\/p>\n<p style=\"text-align: justify;\"><span style=\"color: #000000;\">The course is aimed at teachers in elementary, middle and higher education institutions; professionals; NGO and social movement activists, and other professionals and university students.<\/span><\/p>\n<p>&nbsp;<\/p>\n<h3 style=\"text-align: justify;\"><span style=\"color: #000000;\"><strong>Additional Information<\/strong><\/span><\/h3>\n<p>&nbsp;<\/p>\n<p style=\"text-align: justify;\"><span style=\"color: #000000;\">Check out the course\u2019s Faculty (subject to changes), program, and class synopses in PUC-Rio\u2019s <\/span><span style=\"color: #0000ff;\"><strong><a style=\"color: #0000ff;\" href=\"http:\/\/www.cce.puc-rio.br\/sitecce\/website\/website.dll\/folder?nCurso=historia-e-cultura-afrodescendente&amp;nInst=cce\" target=\"_blank\" rel=\"noopener\"><u>CCE site.<\/u><\/a><\/strong><\/span><\/p>\n<p style=\"text-align: justify;\"><span style=\"color: #000000;\">Through this link you may also fill out a form to receive information about this cours<strong>e.<\/strong><\/span><\/p>\n<p style=\"text-align: justify;\"><span style=\"color: #000000;\"><strong>Certificate:<\/strong> Students who satisfactorily fulfill the attendance and performance requirements will receive a certificate of completion.<\/span><\/p>\n<p>&nbsp;<\/p>\n<p>&nbsp;<\/p>\n<h2 style=\"text-align: justify;\"><span style=\"color: #000000;\">Os Conflitos do S\u00e9culo XXI em Perspectiva<\/span><\/h2>\n<p>&nbsp;<\/p>\n<p style=\"text-align: justify;\"><span style=\"color: #000000;\">O Curso de Especializa\u00e7\u00e3o &#8220;Os Conflitos do S\u00e9culo XXI em Perspectiva&#8221; tem por objetivo a an\u00e1lise em perspectiva dos recentes conflitos que permeiam o cen\u00e1rio pol\u00edtico internacional. Atentando para aspectos pol\u00edticos e socioculturais, a reflex\u00e3o se estruturar\u00e1 no di\u00e1logo entre conceitos e constru\u00e7\u00f5es de sentido que est\u00e3o na base de muitas tens\u00f5es locais e regionais com as quest\u00f5es geopol\u00edticas inerentes a um mundo p\u00f3s-guerra fria e as possibilidades de estrutura\u00e7\u00e3o de uma ordem internacional multipolar.<\/span><\/p>\n<p style=\"text-align: justify;\"><span style=\"color: #000000;\">Em di\u00e1logo com as refer\u00eancias te\u00f3ricas da Hist\u00f3ria da Cultura, o curso prop\u00f5e uma reflex\u00e3o sobre as continuidades, descontinuidades e ressignifica\u00e7\u00f5es de ideias e conceitos como imperialismo, nacionalismo, ra\u00e7a, fundamentalismo, viol\u00eancia e guerra, em busca da compreens\u00e3o de um processo de constru\u00e7\u00e3o de identidades coletivas e exclus\u00e3o do outro que est\u00e3o no centro de muitas das tens\u00f5es e conflitos contempor\u00e2neos.<\/span><\/p>\n<p>&nbsp;<\/p>\n<h3 style=\"text-align: justify;\"><span style=\"color: #000000;\"><strong>Mais Informa\u00e7\u00f5es<\/strong><\/span><\/h3>\n<p>&nbsp;<\/p>\n<p style=\"text-align: justify;\"><span style=\"color: #000000;\">Veja o corpo docente (sujeito a altera\u00e7\u00e3o), o programa, a ementa das disciplinas no<\/span> <span style=\"color: #0000ff;\"><a style=\"color: #0000ff;\" href=\"https:\/\/cce.puc-rio.br\/sitecce\/website\/website.dll\/folder?nCurso=os-conflitos-do-seculo-xxi-em-perspectiva&amp;nInst=cce\">site do CCE da PUC-Rio sobre o curso.<\/a><\/span><br \/>\n<span style=\"color: #000000;\">Atrav\u00e9s deste link tamb\u00e9m \u00e9 poss\u00edvel realizar um cadastro para receber informa\u00e7\u00f5es sobre este curso.<\/span><\/p>\n<p style=\"text-align: justify;\"><span style=\"color: #000000;\"><strong>Certificado:<\/strong> O aluno que preencher satisfatoriamente os quesitos frequ\u00eancia e aproveitamento ter\u00e1 direito a certificado.<\/span><\/p>\n<p>&nbsp;<\/p>\n<p>&nbsp;<\/p>","protected":false},"excerpt":{"rendered":"<p>History of Art and Architecture in Brazil &nbsp; &nbsp; Created in 1980 by an initiative of the Arts Department, the specialization course in History of Art and Architecture in Brazil became the responsibility of the History department in 1984. Since<a class=\"moretag\" href=\"https:\/\/www.his.puc-rio.br\/en\/pos-graduacao\/lato-sensu\/\">&#8230;<\/a><\/br><a href=\"https:\/\/www.his.puc-rio.br\/en\/pos-graduacao\/lato-sensu\/\" class=\"read-more\">Leia mais..  <span class=\"glyphicon glyphicon-chevron-right\" ><\/span><\/a><\/p>\n","protected":false},"author":1,"featured_media":0,"parent":18,"menu_order":18,"comment_status":"open","ping_status":"open","template":"page-templates\/full-width.php","meta":{"footnotes":""},"yoast_head":"<!-- This site is optimized with the Yoast SEO plugin v23.5 - https:\/\/yoast.com\/wordpress\/plugins\/seo\/ -->\n<title>LATO SENSU - Departamento de Hist\u00f3ria da PUC-Rio<\/title>\n<meta name=\"robots\" content=\"index, follow, max-snippet:-1, max-image-preview:large, max-video-preview:-1\" \/>\n<link rel=\"canonical\" href=\"http:\/\/www.his.puc-rio.br\/en\/pos-graduacao\/lato-sensu\/\" \/>\n<meta property=\"og:locale\" content=\"en_US\" \/>\n<meta property=\"og:type\" content=\"article\" \/>\n<meta property=\"og:title\" content=\"LATO SENSU - Departamento de Hist\u00f3ria da PUC-Rio\" \/>\n<meta property=\"og:description\" content=\"History of Art and Architecture in Brazil &nbsp; &nbsp; Created in 1980 by an initiative of the Arts Department, the specialization course in History of Art and Architecture in Brazil became the responsibility of the History department in 1984. Since...Leia mais..\" \/>\n<meta property=\"og:url\" content=\"http:\/\/www.his.puc-rio.br\/en\/pos-graduacao\/lato-sensu\/\" \/>\n<meta property=\"og:site_name\" content=\"Departamento de Hist\u00f3ria da PUC-Rio\" \/>\n<meta property=\"article:modified_time\" content=\"2022-07-18T13:18:36+00:00\" \/>\n<meta name=\"twitter:card\" content=\"summary_large_image\" \/>\n<meta name=\"twitter:label1\" content=\"Est. reading time\" \/>\n\t<meta name=\"twitter:data1\" content=\"5 minutes\" \/>\n<script type=\"application\/ld+json\" class=\"yoast-schema-graph\">{\"@context\":\"https:\/\/schema.org\",\"@graph\":[{\"@type\":\"WebPage\",\"@id\":\"http:\/\/www.his.puc-rio.br\/en\/pos-graduacao\/lato-sensu\/\",\"url\":\"http:\/\/www.his.puc-rio.br\/en\/pos-graduacao\/lato-sensu\/\",\"name\":\"LATO SENSU - Departamento de Hist\u00f3ria da PUC-Rio\",\"isPartOf\":{\"@id\":\"http:\/\/www.his.puc-rio.br\/en\/#website\"},\"datePublished\":\"2016-09-17T15:42:59+00:00\",\"dateModified\":\"2022-07-18T13:18:36+00:00\",\"breadcrumb\":{\"@id\":\"http:\/\/www.his.puc-rio.br\/en\/pos-graduacao\/lato-sensu\/#breadcrumb\"},\"inLanguage\":\"en-US\",\"potentialAction\":[{\"@type\":\"ReadAction\",\"target\":[[\"http:\/\/www.his.puc-rio.br\/en\/pos-graduacao\/lato-sensu\/\"]]}]},{\"@type\":\"BreadcrumbList\",\"@id\":\"http:\/\/www.his.puc-rio.br\/en\/pos-graduacao\/lato-sensu\/#breadcrumb\",\"itemListElement\":[{\"@type\":\"ListItem\",\"position\":1,\"name\":\"In\u00edcio\",\"item\":\"http:\/\/www.his.puc-rio.br\/en\/\"},{\"@type\":\"ListItem\",\"position\":2,\"name\":\"P\u00d3S GRADUA\u00c7\u00c3O\",\"item\":\"http:\/\/www.his.puc-rio.br\/en\/pos-graduacao\/\"},{\"@type\":\"ListItem\",\"position\":3,\"name\":\"LATO SENSU\"}]},{\"@type\":\"WebSite\",\"@id\":\"http:\/\/www.his.puc-rio.br\/en\/#website\",\"url\":\"http:\/\/www.his.puc-rio.br\/en\/\",\"name\":\"Departamento de Hist\u00f3ria da PUC-Rio\",\"description\":\"Cursos de Gradua\u00e7\u00e3o, P\u00f3s-gradua\u00e7\u00e3o, Mestrado e Doutorado\",\"potentialAction\":[{\"@type\":\"SearchAction\",\"target\":{\"@type\":\"EntryPoint\",\"urlTemplate\":\"http:\/\/www.his.puc-rio.br\/en\/?s={search_term_string}\"},\"query-input\":{\"@type\":\"PropertyValueSpecification\",\"valueRequired\":true,\"valueName\":\"search_term_string\"}}],\"inLanguage\":\"en-US\"}]}<\/script>\n<!-- \/ Yoast SEO plugin. -->","yoast_head_json":{"title":"LATO SENSU - Departamento de Hist\u00f3ria da PUC-Rio","robots":{"index":"index","follow":"follow","max-snippet":"max-snippet:-1","max-image-preview":"max-image-preview:large","max-video-preview":"max-video-preview:-1"},"canonical":"http:\/\/www.his.puc-rio.br\/en\/pos-graduacao\/lato-sensu\/","og_locale":"en_US","og_type":"article","og_title":"LATO SENSU - Departamento de Hist\u00f3ria da PUC-Rio","og_description":"History of Art and Architecture in Brazil &nbsp; &nbsp; Created in 1980 by an initiative of the Arts Department, the specialization course in History of Art and Architecture in Brazil became the responsibility of the History department in 1984. Since...Leia mais..","og_url":"http:\/\/www.his.puc-rio.br\/en\/pos-graduacao\/lato-sensu\/","og_site_name":"Departamento de Hist\u00f3ria da PUC-Rio","article_modified_time":"2022-07-18T13:18:36+00:00","twitter_card":"summary_large_image","twitter_misc":{"Est. reading time":"5 minutes"},"schema":{"@context":"https:\/\/schema.org","@graph":[{"@type":"WebPage","@id":"http:\/\/www.his.puc-rio.br\/en\/pos-graduacao\/lato-sensu\/","url":"http:\/\/www.his.puc-rio.br\/en\/pos-graduacao\/lato-sensu\/","name":"LATO SENSU - Departamento de Hist\u00f3ria da PUC-Rio","isPartOf":{"@id":"http:\/\/www.his.puc-rio.br\/en\/#website"},"datePublished":"2016-09-17T15:42:59+00:00","dateModified":"2022-07-18T13:18:36+00:00","breadcrumb":{"@id":"http:\/\/www.his.puc-rio.br\/en\/pos-graduacao\/lato-sensu\/#breadcrumb"},"inLanguage":"en-US","potentialAction":[{"@type":"ReadAction","target":[["http:\/\/www.his.puc-rio.br\/en\/pos-graduacao\/lato-sensu\/"]]}]},{"@type":"BreadcrumbList","@id":"http:\/\/www.his.puc-rio.br\/en\/pos-graduacao\/lato-sensu\/#breadcrumb","itemListElement":[{"@type":"ListItem","position":1,"name":"In\u00edcio","item":"http:\/\/www.his.puc-rio.br\/en\/"},{"@type":"ListItem","position":2,"name":"P\u00d3S GRADUA\u00c7\u00c3O","item":"http:\/\/www.his.puc-rio.br\/en\/pos-graduacao\/"},{"@type":"ListItem","position":3,"name":"LATO SENSU"}]},{"@type":"WebSite","@id":"http:\/\/www.his.puc-rio.br\/en\/#website","url":"http:\/\/www.his.puc-rio.br\/en\/","name":"Departamento de Hist\u00f3ria da PUC-Rio","description":"Cursos de Gradua\u00e7\u00e3o, P\u00f3s-gradua\u00e7\u00e3o, Mestrado e Doutorado","potentialAction":[{"@type":"SearchAction","target":{"@type":"EntryPoint","urlTemplate":"http:\/\/www.his.puc-rio.br\/en\/?s={search_term_string}"},"query-input":{"@type":"PropertyValueSpecification","valueRequired":true,"valueName":"search_term_string"}}],"inLanguage":"en-US"}]}},"_links":{"self":[{"href":"https:\/\/www.his.puc-rio.br\/en\/wp-json\/wp\/v2\/pages\/32"}],"collection":[{"href":"https:\/\/www.his.puc-rio.br\/en\/wp-json\/wp\/v2\/pages"}],"about":[{"href":"https:\/\/www.his.puc-rio.br\/en\/wp-json\/wp\/v2\/types\/page"}],"author":[{"embeddable":true,"href":"https:\/\/www.his.puc-rio.br\/en\/wp-json\/wp\/v2\/users\/1"}],"replies":[{"embeddable":true,"href":"https:\/\/www.his.puc-rio.br\/en\/wp-json\/wp\/v2\/comments?post=32"}],"version-history":[{"count":27,"href":"https:\/\/www.his.puc-rio.br\/en\/wp-json\/wp\/v2\/pages\/32\/revisions"}],"predecessor-version":[{"id":3664,"href":"https:\/\/www.his.puc-rio.br\/en\/wp-json\/wp\/v2\/pages\/32\/revisions\/3664"}],"up":[{"embeddable":true,"href":"https:\/\/www.his.puc-rio.br\/en\/wp-json\/wp\/v2\/pages\/18"}],"wp:attachment":[{"href":"https:\/\/www.his.puc-rio.br\/en\/wp-json\/wp\/v2\/media?parent=32"}],"curies":[{"name":"wp","href":"https:\/\/api.w.org\/{rel}","templated":true}]}}