{"id":33,"date":"2016-10-17T12:42:59","date_gmt":"2016-10-17T14:42:59","guid":{"rendered":"http:\/\/wwwt.his.puc-rio.br\/his\/pos-graduacao\/publicacoes\/"},"modified":"2022-07-18T11:08:47","modified_gmt":"2022-07-18T14:08:47","slug":"publicacoes","status":"publish","type":"page","link":"https:\/\/www.his.puc-rio.br\/en\/pos-graduacao\/publicacoes\/","title":{"rendered":"PUBLICA\u00c7\u00d5ES"},"content":{"rendered":"<p><\/p>\n<h2><span style=\"color: #000000;\">Publications from teachers and students<\/span><\/h2>\n<p>&nbsp;<\/p>\n<p>&nbsp;<\/p>\n<p><span style=\"color: #000000;\">Novo livro de \u00a0Luiz Costa Lima, Professor Em\u00e9rito do Departamento de Hist\u00f3ria\u00a0<strong>\u201cMelancolia:<\/strong>\u00a0<strong>Literatura\u201d<\/strong><\/span><\/p>\n<h5><span style=\"color: #000000;\">Mais informa\u00e7\u00f5es<\/span>\u00a0<span style=\"color: #0000ff;\"><strong><a style=\"color: #0000ff;\" href=\"http:\/\/wwwt.his.puc-rio.br\/his\/novo-livro-de-luiz-costa-lima-professor-emerito-do-departamento-de-historia-melancolia-literatura\/\" target=\"_blank\" rel=\"noopener\">aqui<\/a><\/strong><\/span><\/h5>\n<p>&nbsp;<\/p>\n<p><span style=\"color: #000000;\">Lan\u00e7amento do livro\u00a0<strong>\u201c\u00c1fricas: hist\u00f3rias, identidades e narrativas\u201d\u00a0<\/strong><\/span><\/p>\n<h5><span style=\"color: #000000;\">Mais informa\u00e7\u00f5es<\/span>\u00a0<span style=\"color: #0000ff;\"><strong><a style=\"color: #0000ff;\" href=\"http:\/\/wwwt.his.puc-rio.br\/his\/lancamento-do-livro-africas-historias-identidades-e-narrativas\/\" target=\"_blank\" rel=\"noopener\">aqui<\/a><\/strong><\/span><\/h5>\n<p>&nbsp;<\/p>\n<p><span style=\"color: #000000;\">Lan\u00e7amento do livro da profa. Larissa Rosa Corr\u00eaa <strong>&#8220;Disseram que voltei americanizado&#8221;<br \/>\n<\/strong><\/span><\/p>\n<h5><span style=\"color: #000000;\">Mais informa\u00e7\u00f5es<\/span>\u00a0<span style=\"color: #0000ff;\"><strong><a style=\"color: #0000ff;\" href=\"http:\/\/wwwt.his.puc-rio.br\/his\/lancamento-do-livro-da-profa-larissa-rosa-correa\/\" target=\"_blank\" rel=\"noopener\">aqui<\/a><\/strong><\/span><\/h5>\n<p>&nbsp;<\/p>\n<p><span style=\"color: #000000;\">Publica\u00e7\u00e3o do livro<strong>\u00a0\u201cPol\u00edcias escritores, delitos impressos. Revistas policiales em America Del Sur\u201d<\/strong>\u00a0organizados por Diego Galeano e Marcos Bretas.<\/span><\/p>\n<h5><span style=\"color: #000000;\">Mais informa\u00e7\u00f5es<\/span>\u00a0<span style=\"color: #0000ff;\"><strong><a style=\"color: #0000ff;\" href=\"http:\/\/wwwt.his.puc-rio.br\/his\/publicacao-do-livro-policias-escritores-delitos-impressos-revistas-policiales-em-america-del-sur-organizados-por-diego-galeano-e-marcos-bretas\/\" target=\"_blank\" rel=\"noopener\">aqui<\/a><\/strong><\/span><\/h5>\n<p>&nbsp;<\/p>\n<p><span style=\"color: #000000;\">Publica\u00e7\u00e3o do livro\u00a0<strong>\u201cPol\u00edticas Educacionais e Regimes Autorit\u00e1rios: intelectuais, projetos e institui\u00e7\u00f5es\u201d<\/strong><\/span><\/p>\n<h5><span style=\"color: #000000;\">Mais informa\u00e7\u00f5es<\/span>\u00a0<span style=\"color: #0000ff;\"><a style=\"color: #0000ff;\" href=\"http:\/\/wwwt.his.puc-rio.br\/his\/publicacao-do-livro-historias-da-politica-autoritaria\/\" target=\"_blank\" rel=\"noopener\"><strong>aqui<\/strong><\/a><\/span><\/h5>\n<p>&nbsp;<\/p>\n<p><span style=\"color: #000000;\">Lan\u00e7amento do Livro<strong>\u00a0\u201cA Costura da Cidade\u201d<br \/>\n<\/strong><\/span><\/p>\n<h5><span style=\"color: #000000;\">Mais informa\u00e7\u00f5es<\/span><span style=\"color: #0000ff;\"><strong><a style=\"color: #0000ff;\" href=\"http:\/\/wwwt.his.puc-rio.br\/his\/lancamento-do-livro-a-costura-da-cidade\/\" target=\"_blank\" rel=\"noopener\">\u00a0aqui<\/a><\/strong><\/span><\/h5>\n<p>&nbsp;<\/p>\n<p><span style=\"color: #000000;\">O Departamento de Hist\u00f3ria da PUC-Rio convida para o lan\u00e7amento dos livros de professores da Linha de Pesquisa em <strong>Experi\u00eancias e Conex\u00f5es Culturais<\/strong><\/span><\/p>\n<h5><span style=\"color: #000000;\">Mais informa\u00e7\u00f5es<\/span>\u00a0<span style=\"color: #0000ff;\"><strong><a style=\"color: #0000ff;\" href=\"http:\/\/wwwt.his.puc-rio.br\/his\/o-departamento-de-historia-da-puc-rio-convida-para-o-lancamento-dos-livros-de-professores-da-linha-de-pesquisa-em-experiencias-e-conexoes-culturais\/\" target=\"_blank\" rel=\"noopener\">aqui<\/a><\/strong><\/span><\/h5>\n<p>&nbsp;<\/p>\n<p><span style=\"color: #000000;\">Novo e-book\u00a0<strong>&#8220;<\/strong><strong>Encontros com Mo\u00e7ambique&#8221;<\/strong><\/span><\/p>\n<h5><span style=\"color: #000000;\">Mais informa\u00e7\u00f5es<\/span>\u00a0<span style=\"color: #0000ff;\"><a style=\"color: #0000ff;\" href=\"http:\/\/wwwt.his.puc-rio.br\/his\/novo-e-book-encontros-com-mocambique\/\" target=\"_blank\" rel=\"noopener\"><strong>aqui<\/strong><\/a><\/span><\/h5>\n<p>&nbsp;<\/p>\n<p><span style=\"color: #000000;\">In addition, you can view the list of publications through the links to the CV Lattes available on the <span style=\"color: #0000ff;\"><a style=\"color: #0000ff;\" href=\"http:\/\/wwwt.his.puc-rio.br\/his\/en\/corpo-docente\/\" target=\"_blank\" rel=\"noopener\">Faculty page<\/a>.<\/span><\/span><\/p>","protected":false},"excerpt":{"rendered":"<p>Publications from teachers and students &nbsp; &nbsp; Novo livro de \u00a0Luiz Costa Lima, Professor Em\u00e9rito do Departamento de Hist\u00f3ria\u00a0\u201cMelancolia:\u00a0Literatura\u201d Mais informa\u00e7\u00f5es\u00a0aqui &nbsp; Lan\u00e7amento do livro\u00a0\u201c\u00c1fricas: hist\u00f3rias, identidades e narrativas\u201d\u00a0 Mais informa\u00e7\u00f5es\u00a0aqui &nbsp; Lan\u00e7amento do livro da profa. Larissa Rosa Corr\u00eaa<a class=\"moretag\" href=\"https:\/\/www.his.puc-rio.br\/en\/pos-graduacao\/publicacoes\/\">&#8230;<\/a><\/br><a href=\"https:\/\/www.his.puc-rio.br\/en\/pos-graduacao\/publicacoes\/\" class=\"read-more\">Leia mais..  <span class=\"glyphicon glyphicon-chevron-right\" ><\/span><\/a><\/p>\n","protected":false},"author":1,"featured_media":0,"parent":18,"menu_order":19,"comment_status":"open","ping_status":"open","template":"page-templates\/full-width.php","meta":{"footnotes":""},"yoast_head":"<!-- This site is optimized with the Yoast SEO plugin v23.5 - https:\/\/yoast.com\/wordpress\/plugins\/seo\/ -->\n<title>PUBLICA\u00c7\u00d5ES - Departamento de Hist\u00f3ria da PUC-Rio<\/title>\n<meta name=\"robots\" content=\"index, follow, max-snippet:-1, max-image-preview:large, max-video-preview:-1\" \/>\n<link rel=\"canonical\" href=\"http:\/\/www.his.puc-rio.br\/en\/pos-graduacao\/publicacoes\/\" \/>\n<meta property=\"og:locale\" content=\"en_US\" \/>\n<meta property=\"og:type\" content=\"article\" \/>\n<meta property=\"og:title\" content=\"PUBLICA\u00c7\u00d5ES - Departamento de Hist\u00f3ria da PUC-Rio\" \/>\n<meta property=\"og:description\" content=\"Publications from teachers and students &nbsp; &nbsp; Novo livro de \u00a0Luiz Costa Lima, Professor Em\u00e9rito do Departamento de Hist\u00f3ria\u00a0\u201cMelancolia:\u00a0Literatura\u201d Mais informa\u00e7\u00f5es\u00a0aqui &nbsp; Lan\u00e7amento do livro\u00a0\u201c\u00c1fricas: hist\u00f3rias, identidades e narrativas\u201d\u00a0 Mais informa\u00e7\u00f5es\u00a0aqui &nbsp; Lan\u00e7amento do livro da profa. Larissa Rosa Corr\u00eaa...Leia mais..\" \/>\n<meta property=\"og:url\" content=\"http:\/\/www.his.puc-rio.br\/en\/pos-graduacao\/publicacoes\/\" \/>\n<meta property=\"og:site_name\" content=\"Departamento de Hist\u00f3ria da PUC-Rio\" \/>\n<meta property=\"article:modified_time\" content=\"2022-07-18T14:08:47+00:00\" \/>\n<meta name=\"twitter:card\" content=\"summary_large_image\" \/>\n<meta name=\"twitter:label1\" content=\"Est. reading time\" \/>\n\t<meta name=\"twitter:data1\" content=\"1 minute\" \/>\n<script type=\"application\/ld+json\" class=\"yoast-schema-graph\">{\"@context\":\"https:\/\/schema.org\",\"@graph\":[{\"@type\":\"WebPage\",\"@id\":\"http:\/\/www.his.puc-rio.br\/en\/pos-graduacao\/publicacoes\/\",\"url\":\"http:\/\/www.his.puc-rio.br\/en\/pos-graduacao\/publicacoes\/\",\"name\":\"PUBLICA\u00c7\u00d5ES - Departamento de Hist\u00f3ria da PUC-Rio\",\"isPartOf\":{\"@id\":\"http:\/\/www.his.puc-rio.br\/en\/#website\"},\"datePublished\":\"2016-10-17T14:42:59+00:00\",\"dateModified\":\"2022-07-18T14:08:47+00:00\",\"breadcrumb\":{\"@id\":\"http:\/\/www.his.puc-rio.br\/en\/pos-graduacao\/publicacoes\/#breadcrumb\"},\"inLanguage\":\"en-US\",\"potentialAction\":[{\"@type\":\"ReadAction\",\"target\":[[\"http:\/\/www.his.puc-rio.br\/en\/pos-graduacao\/publicacoes\/\"]]}]},{\"@type\":\"BreadcrumbList\",\"@id\":\"http:\/\/www.his.puc-rio.br\/en\/pos-graduacao\/publicacoes\/#breadcrumb\",\"itemListElement\":[{\"@type\":\"ListItem\",\"position\":1,\"name\":\"In\u00edcio\",\"item\":\"http:\/\/www.his.puc-rio.br\/en\/\"},{\"@type\":\"ListItem\",\"position\":2,\"name\":\"P\u00d3S GRADUA\u00c7\u00c3O\",\"item\":\"http:\/\/www.his.puc-rio.br\/en\/pos-graduacao\/\"},{\"@type\":\"ListItem\",\"position\":3,\"name\":\"PUBLICA\u00c7\u00d5ES\"}]},{\"@type\":\"WebSite\",\"@id\":\"http:\/\/www.his.puc-rio.br\/en\/#website\",\"url\":\"http:\/\/www.his.puc-rio.br\/en\/\",\"name\":\"Departamento de Hist\u00f3ria da PUC-Rio\",\"description\":\"Cursos de Gradua\u00e7\u00e3o, P\u00f3s-gradua\u00e7\u00e3o, Mestrado e Doutorado\",\"potentialAction\":[{\"@type\":\"SearchAction\",\"target\":{\"@type\":\"EntryPoint\",\"urlTemplate\":\"http:\/\/www.his.puc-rio.br\/en\/?s={search_term_string}\"},\"query-input\":{\"@type\":\"PropertyValueSpecification\",\"valueRequired\":true,\"valueName\":\"search_term_string\"}}],\"inLanguage\":\"en-US\"}]}<\/script>\n<!-- \/ Yoast SEO plugin. -->","yoast_head_json":{"title":"PUBLICA\u00c7\u00d5ES - Departamento de Hist\u00f3ria da PUC-Rio","robots":{"index":"index","follow":"follow","max-snippet":"max-snippet:-1","max-image-preview":"max-image-preview:large","max-video-preview":"max-video-preview:-1"},"canonical":"http:\/\/www.his.puc-rio.br\/en\/pos-graduacao\/publicacoes\/","og_locale":"en_US","og_type":"article","og_title":"PUBLICA\u00c7\u00d5ES - Departamento de Hist\u00f3ria da PUC-Rio","og_description":"Publications from teachers and students &nbsp; &nbsp; Novo livro de \u00a0Luiz Costa Lima, Professor Em\u00e9rito do Departamento de Hist\u00f3ria\u00a0\u201cMelancolia:\u00a0Literatura\u201d Mais informa\u00e7\u00f5es\u00a0aqui &nbsp; Lan\u00e7amento do livro\u00a0\u201c\u00c1fricas: hist\u00f3rias, identidades e narrativas\u201d\u00a0 Mais informa\u00e7\u00f5es\u00a0aqui &nbsp; Lan\u00e7amento do livro da profa. Larissa Rosa Corr\u00eaa...Leia mais..","og_url":"http:\/\/www.his.puc-rio.br\/en\/pos-graduacao\/publicacoes\/","og_site_name":"Departamento de Hist\u00f3ria da PUC-Rio","article_modified_time":"2022-07-18T14:08:47+00:00","twitter_card":"summary_large_image","twitter_misc":{"Est. reading time":"1 minute"},"schema":{"@context":"https:\/\/schema.org","@graph":[{"@type":"WebPage","@id":"http:\/\/www.his.puc-rio.br\/en\/pos-graduacao\/publicacoes\/","url":"http:\/\/www.his.puc-rio.br\/en\/pos-graduacao\/publicacoes\/","name":"PUBLICA\u00c7\u00d5ES - Departamento de Hist\u00f3ria da PUC-Rio","isPartOf":{"@id":"http:\/\/www.his.puc-rio.br\/en\/#website"},"datePublished":"2016-10-17T14:42:59+00:00","dateModified":"2022-07-18T14:08:47+00:00","breadcrumb":{"@id":"http:\/\/www.his.puc-rio.br\/en\/pos-graduacao\/publicacoes\/#breadcrumb"},"inLanguage":"en-US","potentialAction":[{"@type":"ReadAction","target":[["http:\/\/www.his.puc-rio.br\/en\/pos-graduacao\/publicacoes\/"]]}]},{"@type":"BreadcrumbList","@id":"http:\/\/www.his.puc-rio.br\/en\/pos-graduacao\/publicacoes\/#breadcrumb","itemListElement":[{"@type":"ListItem","position":1,"name":"In\u00edcio","item":"http:\/\/www.his.puc-rio.br\/en\/"},{"@type":"ListItem","position":2,"name":"P\u00d3S GRADUA\u00c7\u00c3O","item":"http:\/\/www.his.puc-rio.br\/en\/pos-graduacao\/"},{"@type":"ListItem","position":3,"name":"PUBLICA\u00c7\u00d5ES"}]},{"@type":"WebSite","@id":"http:\/\/www.his.puc-rio.br\/en\/#website","url":"http:\/\/www.his.puc-rio.br\/en\/","name":"Departamento de Hist\u00f3ria da PUC-Rio","description":"Cursos de Gradua\u00e7\u00e3o, P\u00f3s-gradua\u00e7\u00e3o, Mestrado e Doutorado","potentialAction":[{"@type":"SearchAction","target":{"@type":"EntryPoint","urlTemplate":"http:\/\/www.his.puc-rio.br\/en\/?s={search_term_string}"},"query-input":{"@type":"PropertyValueSpecification","valueRequired":true,"valueName":"search_term_string"}}],"inLanguage":"en-US"}]}},"_links":{"self":[{"href":"https:\/\/www.his.puc-rio.br\/en\/wp-json\/wp\/v2\/pages\/33"}],"collection":[{"href":"https:\/\/www.his.puc-rio.br\/en\/wp-json\/wp\/v2\/pages"}],"about":[{"href":"https:\/\/www.his.puc-rio.br\/en\/wp-json\/wp\/v2\/types\/page"}],"author":[{"embeddable":true,"href":"https:\/\/www.his.puc-rio.br\/en\/wp-json\/wp\/v2\/users\/1"}],"replies":[{"embeddable":true,"href":"https:\/\/www.his.puc-rio.br\/en\/wp-json\/wp\/v2\/comments?post=33"}],"version-history":[{"count":45,"href":"https:\/\/www.his.puc-rio.br\/en\/wp-json\/wp\/v2\/pages\/33\/revisions"}],"predecessor-version":[{"id":3685,"href":"https:\/\/www.his.puc-rio.br\/en\/wp-json\/wp\/v2\/pages\/33\/revisions\/3685"}],"up":[{"embeddable":true,"href":"https:\/\/www.his.puc-rio.br\/en\/wp-json\/wp\/v2\/pages\/18"}],"wp:attachment":[{"href":"https:\/\/www.his.puc-rio.br\/en\/wp-json\/wp\/v2\/media?parent=33"}],"curies":[{"name":"wp","href":"https:\/\/api.w.org\/{rel}","templated":true}]}}