{"id":36,"date":"2016-05-17T12:42:59","date_gmt":"2016-05-17T15:42:59","guid":{"rendered":"http:\/\/wwwt.his.puc-rio.br\/his\/pos-graduacao\/linhas-de-pesquisa\/"},"modified":"2025-06-10T10:10:51","modified_gmt":"2025-06-10T13:10:51","slug":"linhas-de-pesquisa","status":"publish","type":"page","link":"https:\/\/www.his.puc-rio.br\/en\/pos-graduacao\/linhas-de-pesquisa\/","title":{"rendered":"LINHAS DE PESQUISA"},"content":{"rendered":"<p><\/p>\n<h2 style=\"text-align: justify;\"><span style=\"color: #000000;\">Lines of Research<\/span><\/h2>\n<p>&nbsp;<\/p>\n<h4 style=\"text-align: justify;\"><span style=\"color: #000000; font-size: 1rem;\">The Master\u2019s and PhD programs\u2019 area of concentration comprise the concentration area (Social History of Culture) as well as 3 lines of research:<\/span><\/h4>\n<p>&nbsp;<\/p>\n<h3 style=\"text-align: justify;\"><span style=\"color: #000000;\"><strong>Lines of research &#8211; 1: Theory, Historiography and Intellectual History<\/strong><\/span><\/h3>\n<p>&nbsp;<\/p>\n<p style=\"text-align: justify;\"><span style=\"color: #000000;\">This line of research focuses, on the one hand, on treating the issues linked to the debates on theory and history in a historiographic manner, thus being able to analyze it from a perspective that takes its non-normative, discontinuous and constructed character into account. On the other hand, it seeks to develop an intellectual history that endeavors to examine intellectual protocol categories\u2014such as \u201cexample\u2019\u201d and \u201cnarrative\u201d\u2014typical of the historiographic tradition and of concepts and discourses constituting its more specific objects. Hence, this line of research includes theoretical discussions about the notion of culture held in the midst of the Human Sciences. <\/span><\/p>\n<p style=\"text-align: justify;\"><span style=\"color: #000000;\">The faculty who adhere to this line are: Eduardo Wright Cardoso, Henrique Estrada, Jo\u00e3o de Azevedo e Dias Duarte, Marcelo Jasmin, Maria Elisa Noronha de S\u00e1 e Maur\u00edcio Parada.<\/span><\/p>\n<p>&nbsp;<\/p>\n<p>&nbsp;<\/p>\n<h3 style=\"text-align: justify;\"><span style=\"color: #000000;\"><strong>Lines of research &#8211; 2: Cultural Experiences and Connections<\/strong><\/span><\/h3>\n<p>&nbsp;<\/p>\n<p style=\"text-align: justify;\"><span style=\"color: #000000;\">This line of research focuses on customs, ideas and beliefs shared by different subjects and groups in their communication, exchange and cultural networking activities. In the wake of the possibilities made real by the transnational, comparative and networked approaches, as well as of the critique of the supposed totality underlying the concept of culture, this line of research encompasses works which denaturalize and problematize the many identities created through it. By means of a continuous dialogue with the other human and social sciences, especially Anthropology, Geography, Linguistics and Education, this line of research seeks to reflect on the variables inherent to identity and alterity construction processes. Here the focus falls on the experience dimension, in an attempt at understanding in an integrated manner both the intellectual and artistic elaborations of the different subjects and groups, and the perspectives expressed in their practices, experiences and day-to-day relationships. <\/span><\/p>\n<p style=\"text-align: justify;\"><span style=\"color: #000000;\">This line includes the following faculty members: Crislayne Gloss Mar\u00e3o Alfagali, Diego Antonio Galeano, Felipe Azevedo e Souza, Ju\u00e7ara Barbosa, Larissa Rosa Correa, Leonardo A. M. Pereira e Regiane Augusto de Mattos.<\/span><\/p>\n<p>&nbsp;<\/p>\n<p>&nbsp;<\/p>\n<h3 style=\"text-align: justify;\"><span style=\"color: #000000;\"><strong>Lines of Research &#8211; 3: History of Art and Architecture<\/strong><\/span><\/h3>\n<p>&nbsp;<\/p>\n<p style=\"text-align: justify;\"><span style=\"color: #000000;\">The main goal of this line of research is to foster critical reflection on art and architecture, focusing on their forms of historicity with emphasis on historiographic production. Far from emphasizing an exclusively internal reading of the history of art, it seeks to dialogue with Philosophy, Esthetics, Culture, Anthropology and the other fields of the social and human sciences. The main though not exclusive research focus of the line involves the historical development of art in modern and contemporary times. <\/span><\/p>\n<p style=\"text-align: justify;\"><span style=\"color: #000000;\">This line of research is formed by the following faculty members: Jo\u00e3o Masao Kamita, Otavo Leon\u00eddio Ribeiro, Pedro Duarte de Andrade e Sergio Bruno Martins.<\/span><\/p>\n<p style=\"text-align: justify;\">\n<p><\/p>","protected":false},"excerpt":{"rendered":"<p>Lines of Research &nbsp; The Master\u2019s and PhD programs\u2019 area of concentration comprise the concentration area (Social History of Culture) as well as 3 lines of research: &nbsp; Lines of research &#8211; 1: Theory, Historiography and Intellectual History &nbsp; This<a class=\"moretag\" href=\"https:\/\/www.his.puc-rio.br\/en\/pos-graduacao\/linhas-de-pesquisa\/\">&#8230;<\/a><\/br><a href=\"https:\/\/www.his.puc-rio.br\/en\/pos-graduacao\/linhas-de-pesquisa\/\" class=\"read-more\">Leia mais..  <span class=\"glyphicon glyphicon-chevron-right\" ><\/span><\/a><\/p>\n","protected":false},"author":1,"featured_media":0,"parent":18,"menu_order":22,"comment_status":"closed","ping_status":"closed","template":"page-templates\/full-width.php","meta":{"footnotes":""},"yoast_head":"<!-- This site is optimized with the Yoast SEO plugin v23.5 - https:\/\/yoast.com\/wordpress\/plugins\/seo\/ -->\n<title>LINHAS DE PESQUISA - Departamento de Hist\u00f3ria da PUC-Rio<\/title>\n<meta name=\"robots\" content=\"index, follow, max-snippet:-1, max-image-preview:large, max-video-preview:-1\" \/>\n<link rel=\"canonical\" href=\"http:\/\/www.his.puc-rio.br\/en\/pos-graduacao\/linhas-de-pesquisa\/\" \/>\n<meta property=\"og:locale\" content=\"en_US\" \/>\n<meta property=\"og:type\" content=\"article\" \/>\n<meta property=\"og:title\" content=\"LINHAS DE PESQUISA - Departamento de Hist\u00f3ria da PUC-Rio\" \/>\n<meta property=\"og:description\" content=\"Lines of Research &nbsp; The Master\u2019s and PhD programs\u2019 area of concentration comprise the concentration area (Social History of Culture) as well as 3 lines of research: &nbsp; Lines of research &#8211; 1: Theory, Historiography and Intellectual History &nbsp; This...Leia mais..\" \/>\n<meta property=\"og:url\" content=\"http:\/\/www.his.puc-rio.br\/en\/pos-graduacao\/linhas-de-pesquisa\/\" \/>\n<meta property=\"og:site_name\" content=\"Departamento de Hist\u00f3ria da PUC-Rio\" \/>\n<meta property=\"article:modified_time\" content=\"2025-06-10T13:10:51+00:00\" \/>\n<meta name=\"twitter:card\" content=\"summary_large_image\" \/>\n<meta name=\"twitter:label1\" content=\"Est. reading time\" \/>\n\t<meta name=\"twitter:data1\" content=\"3 minutes\" \/>\n<script type=\"application\/ld+json\" class=\"yoast-schema-graph\">{\"@context\":\"https:\/\/schema.org\",\"@graph\":[{\"@type\":\"WebPage\",\"@id\":\"http:\/\/www.his.puc-rio.br\/en\/pos-graduacao\/linhas-de-pesquisa\/\",\"url\":\"http:\/\/www.his.puc-rio.br\/en\/pos-graduacao\/linhas-de-pesquisa\/\",\"name\":\"LINHAS DE PESQUISA - Departamento de Hist\u00f3ria da PUC-Rio\",\"isPartOf\":{\"@id\":\"http:\/\/www.his.puc-rio.br\/en\/#website\"},\"datePublished\":\"2016-05-17T15:42:59+00:00\",\"dateModified\":\"2025-06-10T13:10:51+00:00\",\"breadcrumb\":{\"@id\":\"http:\/\/www.his.puc-rio.br\/en\/pos-graduacao\/linhas-de-pesquisa\/#breadcrumb\"},\"inLanguage\":\"en-US\",\"potentialAction\":[{\"@type\":\"ReadAction\",\"target\":[[\"http:\/\/www.his.puc-rio.br\/en\/pos-graduacao\/linhas-de-pesquisa\/\"]]}]},{\"@type\":\"BreadcrumbList\",\"@id\":\"http:\/\/www.his.puc-rio.br\/en\/pos-graduacao\/linhas-de-pesquisa\/#breadcrumb\",\"itemListElement\":[{\"@type\":\"ListItem\",\"position\":1,\"name\":\"In\u00edcio\",\"item\":\"http:\/\/www.his.puc-rio.br\/en\/\"},{\"@type\":\"ListItem\",\"position\":2,\"name\":\"P\u00d3S GRADUA\u00c7\u00c3O\",\"item\":\"http:\/\/www.his.puc-rio.br\/en\/pos-graduacao\/\"},{\"@type\":\"ListItem\",\"position\":3,\"name\":\"LINHAS DE PESQUISA\"}]},{\"@type\":\"WebSite\",\"@id\":\"http:\/\/www.his.puc-rio.br\/en\/#website\",\"url\":\"http:\/\/www.his.puc-rio.br\/en\/\",\"name\":\"Departamento de Hist\u00f3ria da PUC-Rio\",\"description\":\"Cursos de Gradua\u00e7\u00e3o, P\u00f3s-gradua\u00e7\u00e3o, Mestrado e Doutorado\",\"potentialAction\":[{\"@type\":\"SearchAction\",\"target\":{\"@type\":\"EntryPoint\",\"urlTemplate\":\"http:\/\/www.his.puc-rio.br\/en\/?s={search_term_string}\"},\"query-input\":{\"@type\":\"PropertyValueSpecification\",\"valueRequired\":true,\"valueName\":\"search_term_string\"}}],\"inLanguage\":\"en-US\"}]}<\/script>\n<!-- \/ Yoast SEO plugin. -->","yoast_head_json":{"title":"LINHAS DE PESQUISA - Departamento de Hist\u00f3ria da PUC-Rio","robots":{"index":"index","follow":"follow","max-snippet":"max-snippet:-1","max-image-preview":"max-image-preview:large","max-video-preview":"max-video-preview:-1"},"canonical":"http:\/\/www.his.puc-rio.br\/en\/pos-graduacao\/linhas-de-pesquisa\/","og_locale":"en_US","og_type":"article","og_title":"LINHAS DE PESQUISA - Departamento de Hist\u00f3ria da PUC-Rio","og_description":"Lines of Research &nbsp; The Master\u2019s and PhD programs\u2019 area of concentration comprise the concentration area (Social History of Culture) as well as 3 lines of research: &nbsp; Lines of research &#8211; 1: Theory, Historiography and Intellectual History &nbsp; This...Leia mais..","og_url":"http:\/\/www.his.puc-rio.br\/en\/pos-graduacao\/linhas-de-pesquisa\/","og_site_name":"Departamento de Hist\u00f3ria da PUC-Rio","article_modified_time":"2025-06-10T13:10:51+00:00","twitter_card":"summary_large_image","twitter_misc":{"Est. reading time":"3 minutes"},"schema":{"@context":"https:\/\/schema.org","@graph":[{"@type":"WebPage","@id":"http:\/\/www.his.puc-rio.br\/en\/pos-graduacao\/linhas-de-pesquisa\/","url":"http:\/\/www.his.puc-rio.br\/en\/pos-graduacao\/linhas-de-pesquisa\/","name":"LINHAS DE PESQUISA - Departamento de Hist\u00f3ria da PUC-Rio","isPartOf":{"@id":"http:\/\/www.his.puc-rio.br\/en\/#website"},"datePublished":"2016-05-17T15:42:59+00:00","dateModified":"2025-06-10T13:10:51+00:00","breadcrumb":{"@id":"http:\/\/www.his.puc-rio.br\/en\/pos-graduacao\/linhas-de-pesquisa\/#breadcrumb"},"inLanguage":"en-US","potentialAction":[{"@type":"ReadAction","target":[["http:\/\/www.his.puc-rio.br\/en\/pos-graduacao\/linhas-de-pesquisa\/"]]}]},{"@type":"BreadcrumbList","@id":"http:\/\/www.his.puc-rio.br\/en\/pos-graduacao\/linhas-de-pesquisa\/#breadcrumb","itemListElement":[{"@type":"ListItem","position":1,"name":"In\u00edcio","item":"http:\/\/www.his.puc-rio.br\/en\/"},{"@type":"ListItem","position":2,"name":"P\u00d3S GRADUA\u00c7\u00c3O","item":"http:\/\/www.his.puc-rio.br\/en\/pos-graduacao\/"},{"@type":"ListItem","position":3,"name":"LINHAS DE PESQUISA"}]},{"@type":"WebSite","@id":"http:\/\/www.his.puc-rio.br\/en\/#website","url":"http:\/\/www.his.puc-rio.br\/en\/","name":"Departamento de Hist\u00f3ria da PUC-Rio","description":"Cursos de Gradua\u00e7\u00e3o, P\u00f3s-gradua\u00e7\u00e3o, Mestrado e Doutorado","potentialAction":[{"@type":"SearchAction","target":{"@type":"EntryPoint","urlTemplate":"http:\/\/www.his.puc-rio.br\/en\/?s={search_term_string}"},"query-input":{"@type":"PropertyValueSpecification","valueRequired":true,"valueName":"search_term_string"}}],"inLanguage":"en-US"}]}},"_links":{"self":[{"href":"https:\/\/www.his.puc-rio.br\/en\/wp-json\/wp\/v2\/pages\/36"}],"collection":[{"href":"https:\/\/www.his.puc-rio.br\/en\/wp-json\/wp\/v2\/pages"}],"about":[{"href":"https:\/\/www.his.puc-rio.br\/en\/wp-json\/wp\/v2\/types\/page"}],"author":[{"embeddable":true,"href":"https:\/\/www.his.puc-rio.br\/en\/wp-json\/wp\/v2\/users\/1"}],"replies":[{"embeddable":true,"href":"https:\/\/www.his.puc-rio.br\/en\/wp-json\/wp\/v2\/comments?post=36"}],"version-history":[{"count":34,"href":"https:\/\/www.his.puc-rio.br\/en\/wp-json\/wp\/v2\/pages\/36\/revisions"}],"predecessor-version":[{"id":4897,"href":"https:\/\/www.his.puc-rio.br\/en\/wp-json\/wp\/v2\/pages\/36\/revisions\/4897"}],"up":[{"embeddable":true,"href":"https:\/\/www.his.puc-rio.br\/en\/wp-json\/wp\/v2\/pages\/18"}],"wp:attachment":[{"href":"https:\/\/www.his.puc-rio.br\/en\/wp-json\/wp\/v2\/media?parent=36"}],"curies":[{"name":"wp","href":"https:\/\/api.w.org\/{rel}","templated":true}]}}