{"id":4935,"date":"2025-06-25T15:08:02","date_gmt":"2025-06-25T18:08:02","guid":{"rendered":"http:\/\/www.his.puc-rio.br\/pb\/?page_id=4935"},"modified":"2025-06-25T15:08:02","modified_gmt":"2025-06-25T18:08:02","slug":"comissoes","status":"publish","type":"page","link":"https:\/\/www.his.puc-rio.br\/en\/portugues-comissoes\/","title":{"rendered":"(Portugu\u00eas) COMISS\u00d5ES"},"content":{"rendered":"<p class=\"qtranxs-available-languages-message qtranxs-available-languages-message-en\">Sorry, this entry is only available in <a href=\"https:\/\/www.his.puc-rio.br\/pb\/wp-json\/wp\/v2\/pages\/4935\" class=\"qtranxs-available-language-link qtranxs-available-language-link-pb\" title=\"Portugu\u00eas\">Portugu\u00eas<\/a>.<\/p><p><span style=\"color: #000000;\"><strong>Comiss\u00e3o de Gest\u00e3o Capes\/PROEX<\/strong><\/span><\/p>\n<p><span style=\"color: #000000;\">Os Programas inseridos no Proex (Programa de Excel\u00eancia Acad\u00eamica) recebem uma verba que pode ser utilizada de acordo com suas prioridades dentro das modalidades de apoio concedidas pela CAPES, tais como recursos de custeio, fomento para publica\u00e7\u00f5es, aux\u00edlio a eventos, concess\u00e3o de bolsas de estudo, entre outros. Compete a essa Comiss\u00e3o avaliar as prioridades e solicita\u00e7\u00f5es de docentes e discentes do Programa.\u00a0<\/span><\/p>\n<p>&nbsp;<\/p>\n<p><span style=\"color: #000000;\">Esta Comiss\u00e3o \u00e9 composta pelos seguintes membros:<\/span><\/p>\n<p><span style=\"color: #000000;\">Coordenadora: <strong>REGIANE AUGUSTO DE MATTOS<\/strong><\/span><\/p>\n<p><span style=\"color: #000000;\"><strong>Coordenador Adjunto: FELIPE AZEVEDO E SOUZA\u00a0<\/strong><\/span><\/p>\n<p><span style=\"color: #000000;\"><strong>\u00a0<\/strong><\/span><\/p>\n<p><span style=\"color: #000000;\"><strong>Docentes: <\/strong><\/span><\/p>\n<p><span style=\"color: #000000;\"><strong>DIEGO ANTONIO GALEANO<\/strong><\/span><\/p>\n<p><span style=\"color: #000000;\"><strong>JO\u00c3O DE AZEVEDO E DIAS DUARTE<\/strong><\/span><\/p>\n<p><span style=\"color: #000000;\"><strong>LEONARDO AFFONSO DE MIRANDA PEREIRA<\/strong><\/span><\/p>\n<p><span style=\"color: #000000;\"><strong>MARIA ELISA NORONHA DE S\u00c1<\/strong><\/span><\/p>\n<p><span style=\"color: #000000;\"><strong>S\u00c9RGIO BRUNO GUIMAR\u00c3ES MARTINS<\/strong><strong>\u00a0<\/strong><\/span><\/p>\n<p>&nbsp;<\/p>\n<p><span style=\"color: #000000;\"><strong>\u00a0<\/strong><\/span><\/p>\n<p><span style=\"color: #000000;\"><strong>Comiss\u00e3o de Autoavalia\u00e7\u00e3o<\/strong><\/span><\/p>\n<p><span style=\"color: #000000;\">A autoavalia\u00e7\u00e3o \u00e9, no Programa de P\u00f3s-gradua\u00e7\u00e3o em Hist\u00f3ria Social da Cultura, um processo continuado, que envolve docentes e discentes. Ela se estrutura a partir de tr\u00eas eixos fundamentais: uma avalia\u00e7\u00e3o geral dos cursos e Programas feita a cada dois anos por alunos e professores a partir de formul\u00e1rio geral disponibilizado pela pr\u00f3pria universidade; o acompanhamento permanente dos problemas e quest\u00f5es que aparecem ao longo de cada ano pelo Colegiado do Programa; e os semin\u00e1rios de avalia\u00e7\u00e3o promovidas pela Dire\u00e7\u00e3o do Departamento e pela Coordena\u00e7\u00e3o do Programa.<\/span><\/p>\n<p><span style=\"color: #000000;\">Para coordenar este processo o Programa conta com uma Comiss\u00e3o Permanente de Autoavalia\u00e7\u00e3o, composta por tr\u00eas de seus docentes permanentes. Cabe a esta Comiss\u00e3o fazer um diagn\u00f3stico peri\u00f3dico do Programa, estabelecendo um plano de trabalho bienal para incrementar sua produ\u00e7\u00e3o e a forma\u00e7\u00e3o oferecida aos discentes.<\/span><\/p>\n<p><span style=\"color: #000000;\">A Comiss\u00e3o de Autoavalia\u00e7\u00e3o \u00e9 composta seguintes docentes:<\/span><\/p>\n<p><span style=\"color: #000000;\"><strong>\u00a0<\/strong><\/span><\/p>\n<p><span style=\"color: #000000;\"><strong>MARIA ELISA NORONHA DE S\u00c1<\/strong><\/span><\/p>\n<p><span style=\"color: #000000;\"><strong>REGIANE AUGUSTO DE MATTOS<\/strong><\/span><\/p>\n<p><span style=\"color: #000000;\"><strong>S\u00c9RGIO BRUNO GUIMAR\u00c3ES MARTINS<\/strong><\/span><\/p>\n<p>&nbsp;<\/p>\n<p><span style=\"color: #000000;\"><strong>COMISS\u00c3O DE BOLSAS<\/strong><\/span><\/p>\n<p><span style=\"color: #000000;\">A Comiss\u00e3o de Bolsas do Programa \u00e9 respons\u00e1vel por atribuir as bolsas aos estudantes ingressantes, promover o processo seletivo para as bolsas por crit\u00e9rios de vulnerabilidade s\u00f3cio-econ\u00f4mica e avaliar o desempenho dos estudantes atrav\u00e9s dos relat\u00f3rios semestrais.<\/span><\/p>\n<p><span style=\"color: #000000;\">Comp\u00f5em atualmente a Comiss\u00e3o de Bolsas a coordenadora do Programa, o coordenador adjunto, dois docentes e um representante discente.<\/span><\/p>\n<p>&nbsp;<\/p>\n<p><span style=\"color: #000000;\">Coordenadora: <strong>REGIANE AUGUSTO DE MATTOS<\/strong><\/span><\/p>\n<p><span style=\"color: #000000;\"><strong>Coordenador Adjunto: FELIPE AZEVEDO E SOUZA\u00a0<\/strong><\/span><\/p>\n<p><span style=\"color: #000000;\"><strong>\u00a0<\/strong><\/span><\/p>\n<p><span style=\"color: #000000;\"><strong>Docentes: <\/strong><\/span><\/p>\n<p><span style=\"color: #000000;\"><strong>CRISLAYNE GLOSS MAR\u00c3O ALFAGALI<\/strong><\/span><\/p>\n<p><span style=\"color: #000000;\"><strong>MAUR\u00cdCIO BARRETO ALVAREZ PARADA<\/strong><\/span><\/p>\n<p><span style=\"color: #000000;\"><strong>\u00a0<\/strong><\/span><\/p>\n<p><span style=\"color: #000000;\"><strong>Representante Discente: <\/strong><\/span><\/p>\n<p><span style=\"color: #000000;\"><strong>Wallace Souza<\/strong><\/span><\/p>","protected":false},"excerpt":{"rendered":"<p>Sorry, this entry is only available in Portugu\u00eas.Comiss\u00e3o de Gest\u00e3o Capes\/PROEX Os Programas inseridos no Proex (Programa de Excel\u00eancia Acad\u00eamica) recebem uma verba que pode ser utilizada de acordo com suas prioridades dentro das modalidades de apoio concedidas pela CAPES,<a class=\"moretag\" href=\"https:\/\/www.his.puc-rio.br\/en\/portugues-comissoes\/\">&#8230;<\/a><\/br><a href=\"https:\/\/www.his.puc-rio.br\/en\/portugues-comissoes\/\" class=\"read-more\">Leia mais..  <span class=\"glyphicon glyphicon-chevron-right\" ><\/span><\/a><\/p>\n","protected":false},"author":1,"featured_media":0,"parent":0,"menu_order":0,"comment_status":"closed","ping_status":"closed","template":"","meta":{"footnotes":""},"yoast_head":"<!-- This site is optimized with the Yoast SEO plugin v23.5 - https:\/\/yoast.com\/wordpress\/plugins\/seo\/ -->\n<title>(Portugu\u00eas) COMISS\u00d5ES - Departamento de Hist\u00f3ria da PUC-Rio<\/title>\n<meta name=\"robots\" content=\"index, follow, max-snippet:-1, max-image-preview:large, max-video-preview:-1\" \/>\n<link rel=\"canonical\" href=\"http:\/\/www.his.puc-rio.br\/en\/comissoes\/\" \/>\n<meta property=\"og:locale\" content=\"en_US\" \/>\n<meta property=\"og:type\" content=\"article\" \/>\n<meta property=\"og:title\" content=\"(Portugu\u00eas) COMISS\u00d5ES - Departamento de Hist\u00f3ria da PUC-Rio\" \/>\n<meta property=\"og:description\" content=\"Sorry, this entry is only available in Portugu\u00eas.Comiss\u00e3o de Gest\u00e3o Capes\/PROEX Os Programas inseridos no Proex (Programa de Excel\u00eancia Acad\u00eamica) recebem uma verba que pode ser utilizada de acordo com suas prioridades dentro das modalidades de apoio concedidas pela CAPES,...Leia mais..\" \/>\n<meta property=\"og:url\" content=\"http:\/\/www.his.puc-rio.br\/en\/comissoes\/\" \/>\n<meta property=\"og:site_name\" content=\"Departamento de Hist\u00f3ria da PUC-Rio\" \/>\n<meta name=\"twitter:card\" content=\"summary_large_image\" \/>\n<meta name=\"twitter:label1\" content=\"Est. reading time\" \/>\n\t<meta name=\"twitter:data1\" content=\"2 minutes\" \/>\n<script type=\"application\/ld+json\" class=\"yoast-schema-graph\">{\"@context\":\"https:\/\/schema.org\",\"@graph\":[{\"@type\":\"WebPage\",\"@id\":\"http:\/\/www.his.puc-rio.br\/en\/comissoes\/\",\"url\":\"http:\/\/www.his.puc-rio.br\/en\/comissoes\/\",\"name\":\"(Portugu\u00eas) COMISS\u00d5ES - Departamento de Hist\u00f3ria da PUC-Rio\",\"isPartOf\":{\"@id\":\"http:\/\/www.his.puc-rio.br\/en\/#website\"},\"datePublished\":\"2025-06-25T18:08:02+00:00\",\"dateModified\":\"2025-06-25T18:08:02+00:00\",\"breadcrumb\":{\"@id\":\"http:\/\/www.his.puc-rio.br\/en\/comissoes\/#breadcrumb\"},\"inLanguage\":\"en-US\",\"potentialAction\":[{\"@type\":\"ReadAction\",\"target\":[[\"http:\/\/www.his.puc-rio.br\/en\/comissoes\/\"]]}]},{\"@type\":\"BreadcrumbList\",\"@id\":\"http:\/\/www.his.puc-rio.br\/en\/comissoes\/#breadcrumb\",\"itemListElement\":[{\"@type\":\"ListItem\",\"position\":1,\"name\":\"In\u00edcio\",\"item\":\"http:\/\/www.his.puc-rio.br\/en\/\"},{\"@type\":\"ListItem\",\"position\":2,\"name\":\"COMISS\u00d5ES\"}]},{\"@type\":\"WebSite\",\"@id\":\"http:\/\/www.his.puc-rio.br\/en\/#website\",\"url\":\"http:\/\/www.his.puc-rio.br\/en\/\",\"name\":\"Departamento de Hist\u00f3ria da PUC-Rio\",\"description\":\"Cursos de Gradua\u00e7\u00e3o, P\u00f3s-gradua\u00e7\u00e3o, Mestrado e Doutorado\",\"potentialAction\":[{\"@type\":\"SearchAction\",\"target\":{\"@type\":\"EntryPoint\",\"urlTemplate\":\"http:\/\/www.his.puc-rio.br\/en\/?s={search_term_string}\"},\"query-input\":{\"@type\":\"PropertyValueSpecification\",\"valueRequired\":true,\"valueName\":\"search_term_string\"}}],\"inLanguage\":\"en-US\"}]}<\/script>\n<!-- \/ Yoast SEO plugin. -->","yoast_head_json":{"title":"(Portugu\u00eas) COMISS\u00d5ES - Departamento de Hist\u00f3ria da PUC-Rio","robots":{"index":"index","follow":"follow","max-snippet":"max-snippet:-1","max-image-preview":"max-image-preview:large","max-video-preview":"max-video-preview:-1"},"canonical":"http:\/\/www.his.puc-rio.br\/en\/comissoes\/","og_locale":"en_US","og_type":"article","og_title":"(Portugu\u00eas) COMISS\u00d5ES - Departamento de Hist\u00f3ria da PUC-Rio","og_description":"Sorry, this entry is only available in Portugu\u00eas.Comiss\u00e3o de Gest\u00e3o Capes\/PROEX Os Programas inseridos no Proex (Programa de Excel\u00eancia Acad\u00eamica) recebem uma verba que pode ser utilizada de acordo com suas prioridades dentro das modalidades de apoio concedidas pela CAPES,...Leia mais..","og_url":"http:\/\/www.his.puc-rio.br\/en\/comissoes\/","og_site_name":"Departamento de Hist\u00f3ria da PUC-Rio","twitter_card":"summary_large_image","twitter_misc":{"Est. reading time":"2 minutes"},"schema":{"@context":"https:\/\/schema.org","@graph":[{"@type":"WebPage","@id":"http:\/\/www.his.puc-rio.br\/en\/comissoes\/","url":"http:\/\/www.his.puc-rio.br\/en\/comissoes\/","name":"(Portugu\u00eas) COMISS\u00d5ES - Departamento de Hist\u00f3ria da PUC-Rio","isPartOf":{"@id":"http:\/\/www.his.puc-rio.br\/en\/#website"},"datePublished":"2025-06-25T18:08:02+00:00","dateModified":"2025-06-25T18:08:02+00:00","breadcrumb":{"@id":"http:\/\/www.his.puc-rio.br\/en\/comissoes\/#breadcrumb"},"inLanguage":"en-US","potentialAction":[{"@type":"ReadAction","target":[["http:\/\/www.his.puc-rio.br\/en\/comissoes\/"]]}]},{"@type":"BreadcrumbList","@id":"http:\/\/www.his.puc-rio.br\/en\/comissoes\/#breadcrumb","itemListElement":[{"@type":"ListItem","position":1,"name":"In\u00edcio","item":"http:\/\/www.his.puc-rio.br\/en\/"},{"@type":"ListItem","position":2,"name":"COMISS\u00d5ES"}]},{"@type":"WebSite","@id":"http:\/\/www.his.puc-rio.br\/en\/#website","url":"http:\/\/www.his.puc-rio.br\/en\/","name":"Departamento de Hist\u00f3ria da PUC-Rio","description":"Cursos de Gradua\u00e7\u00e3o, P\u00f3s-gradua\u00e7\u00e3o, Mestrado e Doutorado","potentialAction":[{"@type":"SearchAction","target":{"@type":"EntryPoint","urlTemplate":"http:\/\/www.his.puc-rio.br\/en\/?s={search_term_string}"},"query-input":{"@type":"PropertyValueSpecification","valueRequired":true,"valueName":"search_term_string"}}],"inLanguage":"en-US"}]}},"_links":{"self":[{"href":"https:\/\/www.his.puc-rio.br\/en\/wp-json\/wp\/v2\/pages\/4935"}],"collection":[{"href":"https:\/\/www.his.puc-rio.br\/en\/wp-json\/wp\/v2\/pages"}],"about":[{"href":"https:\/\/www.his.puc-rio.br\/en\/wp-json\/wp\/v2\/types\/page"}],"author":[{"embeddable":true,"href":"https:\/\/www.his.puc-rio.br\/en\/wp-json\/wp\/v2\/users\/1"}],"replies":[{"embeddable":true,"href":"https:\/\/www.his.puc-rio.br\/en\/wp-json\/wp\/v2\/comments?post=4935"}],"version-history":[{"count":1,"href":"https:\/\/www.his.puc-rio.br\/en\/wp-json\/wp\/v2\/pages\/4935\/revisions"}],"predecessor-version":[{"id":4938,"href":"https:\/\/www.his.puc-rio.br\/en\/wp-json\/wp\/v2\/pages\/4935\/revisions\/4938"}],"wp:attachment":[{"href":"https:\/\/www.his.puc-rio.br\/en\/wp-json\/wp\/v2\/media?parent=4935"}],"curies":[{"name":"wp","href":"https:\/\/api.w.org\/{rel}","templated":true}]}}