{"id":22,"date":"2016-09-17T12:42:59","date_gmt":"2016-09-17T15:42:59","guid":{"rendered":"http:\/\/wwwt.his.puc-rio.br\/his\/institucional\/administracao\/"},"modified":"2025-06-09T14:19:24","modified_gmt":"2025-06-09T17:19:24","slug":"administracao","status":"publish","type":"page","link":"https:\/\/www.his.puc-rio.br\/pb\/english-institucionalinstitutional-information\/administracao\/","title":{"rendered":"ADMINISTRA\u00c7\u00c3O"},"content":{"rendered":"<p><span style=\"color: #000000;\"><div class='content-column one_half'><\/span><\/p>\n<h2 class=\"font_2\"><span style=\"color: #000000;\">Estrutura Administrativa<\/span><\/h2>\n<p>&nbsp;<\/p>\n<h6><span style=\"color: #000000;\">:: Diretor<\/span><br \/>\n<span style=\"color: #000000;\">Henrique Estrada Rodrigues<\/span><br \/>\n<span style=\"color: #000000;\">diretoriahis@puc-rio.br<\/span><\/h6>\n<h6><span style=\"color: #000000;\">:: Coordenadora de P\u00f3s-Gradua\u00e7\u00e3o<\/span><br \/>\n<span style=\"color: #000000;\">Regiane Augusto de Mattos<br \/>\ncoordppghis@puc-rio.br<\/span><\/h6>\n<h6><span style=\"color: #000000;\">:: Coordenador Adjunto de P\u00f3s-gradua\u00e7\u00e3o<\/span><br \/>\n<span style=\"color: #000000;\">Felipe Azevedo e Souza<\/span><br \/>\n<span style=\"color: #000000;\">felipeazv@puc-rio.br<\/span><\/h6>\n<h6><span style=\"color: #000000;\">:: Coordenador de Gradua\u00e7\u00e3o<br \/>\nEduardo Wright Cardoso<br \/>\n<\/span><span style=\"color: #000000;\">coordgra@puc-rio.br<\/span><\/h6>\n<h6><span style=\"color: #000000;\">:: Coordenadora Adjunto de Gradua\u00e7\u00e3o<\/span><br \/>\n<span style=\"color: #000000;\">Crislayne Gloss Mar\u00e3o Alfagali<\/span><br \/>\n<span style=\"color: #000000;\">crisalfagali@puc-rio.br<\/span><\/h6>\n<h6><span style=\"color: #000000;\">:: Coordenador Local do Programa de Mestrado Profissional<\/span><br \/>\n<span style=\"color: #000000;\">em Ensino de Hist\u00f3ria<\/span><br \/>\n<span style=\"color: #000000;\">Mauricio Barreto Alvarez Parada<\/span><br \/>\n<span style=\"color: #000000;\">profhistoria@puc-rio.br<\/span><\/h6>\n<h6><span style=\"color: #000000;\">:: Comiss\u00e3o Geral do Departamento de Hist\u00f3ria &#8211; 2025<\/span><\/h6>\n<h6><span style=\"color: #000000;\">Deivison Gon\u00e7alves do Amaral<\/span><br \/>\n<span style=\"color: #000000;\">Eduardo Wright Cardoso<\/span><br \/>\n<span style=\"color: #000000;\">Felipe Azevedo e Souza<\/span><span style=\"color: #000000;\"><br \/>\n<\/span><span style=\"color: #000000;\">Ju\u00e7ara da Silva Barbosa de Mello<\/span><br \/>\n<span style=\"color: #000000;\">Maria Elisa Noronha de S\u00e1<br \/>\nMario \u00c2ngelo Brand\u00e3o de Oliveira Miranda<br \/>\nS\u00e9rgio Bruno Guimar\u00e3es Martins<\/span><\/h6>\n<h6><span style=\"color: #000000;\">Suplentes:<br \/>\n<\/span><\/h6>\n<h6><span style=\"color: #000000;\"><span class=\"fontstyle0\"><span style=\"font-size: 10.0pt; font-family: 'Verdana',sans-serif;\">Crislayne Gloss Mar\u00e3o Alfagali<br \/>\n<\/span><\/span><\/span><\/h6>\n<h6><span style=\"color: #000000;\">N\u00facleo Docente Estruturante\u00a0<\/span><\/h6>\n<h6><span style=\"color: #000000;\"><span class=\"fontstyle0\"><span style=\"font-size: 10.0pt; font-family: 'Verdana',sans-serif;\">Larissa Rosa Corr\u00eaa<br \/>\n<\/span><\/span><span class=\"fontstyle0\"><span style=\"font-size: 10.0pt; font-family: 'Verdana',sans-serif;\">S\u00e9rgio Bruno Guimar\u00e3es Martins<br \/>\n<\/span><\/span><span class=\"fontstyle0\"><span style=\"font-size: 10.0pt; font-family: 'Verdana',sans-serif;\">Felipe Azevedo e Souza<br \/>\n<\/span><\/span><span class=\"fontstyle0\"><span style=\"font-size: 10.0pt; font-family: 'Verdana',sans-serif;\">Ju\u00e7ara da Silva Barbosa de Mello<br \/>\n<\/span><\/span><span class=\"fontstyle0\"><span style=\"font-size: 10.0pt; font-family: 'Verdana',sans-serif;\">Eduardo Wright Cardoso<\/span><\/span><\/span><\/h6>\n<p><span style=\"color: #000000;\"><\/div><\/span><\/p>\n<p><span style=\"color: #000000;\"><div class='content-column one_half last_column'><\/span><\/p>\n<h2><span class=\"color_24\" style=\"color: #000000;\">Funcion\u00e1rios <\/span><\/h2>\n<p>&nbsp;<\/p>\n<h6><span class=\"color_24\" style=\"color: #000000;\">:: Andr\u00e9 Bastos<br \/>\n<\/span><span style=\"color: #000000;\">Secret\u00e1ria do Programa de P\u00f3s-Gradua\u00e7\u00e3o<br \/>\n<\/span><span class=\"color_24\" style=\"color: #000000;\">e-mail: <\/span><span style=\"color: #000000;\">pghis@puc-rio.br<br \/>\n<\/span><span class=\"color_24\" style=\"color: #000000;\">Tel.: 3527-1928<\/span><\/h6>\n<h6><span style=\"color: #000000;\">:: Claudio Santiago de Araujo<\/span><br \/>\n<span style=\"color: #000000;\">Supervisor<\/span><br \/>\n<span style=\"color: #000000;\">e-mail: santiago@puc-rio.br<\/span><br \/>\n<span style=\"color: #000000;\">Tel: 3527-1608<\/span><\/h6>\n<h6><span style=\"color: #000000;\">:: Jo\u00e3o Igor Fernandes Martins<\/span><br \/>\n<span style=\"color: #000000;\">Secret\u00e1rio da Gradua\u00e7\u00e3o<\/span><br \/>\n<span style=\"color: #000000;\">e-mail: igorpuc@puc-rio.br<\/span><br \/>\n<span style=\"color: #000000;\">Tel: 3527-1101<\/span><\/h6>\n<p><span class=\"color_24\" style=\"color: #000000;\"><\/div><div class='clear_column'><\/div><\/span><\/p>","protected":false},"excerpt":{"rendered":"","protected":false},"author":1,"featured_media":0,"parent":16,"menu_order":8,"comment_status":"open","ping_status":"open","template":"page-templates\/full-width.php","meta":{"footnotes":""},"yoast_head":"<!-- This site is optimized with the Yoast SEO plugin v23.5 - https:\/\/yoast.com\/wordpress\/plugins\/seo\/ -->\n<title>ADMINISTRA\u00c7\u00c3O - Departamento de Hist\u00f3ria da PUC-Rio<\/title>\n<meta name=\"robots\" content=\"index, follow, max-snippet:-1, max-image-preview:large, max-video-preview:-1\" \/>\n<link rel=\"canonical\" href=\"http:\/\/www.his.puc-rio.br\/pb\/english-institucionalinstitutional-information\/administracao\/\" \/>\n<meta property=\"og:locale\" content=\"pt_BR\" \/>\n<meta property=\"og:type\" content=\"article\" \/>\n<meta property=\"og:title\" content=\"ADMINISTRA\u00c7\u00c3O - Departamento de Hist\u00f3ria da PUC-Rio\" \/>\n<meta property=\"og:url\" content=\"http:\/\/www.his.puc-rio.br\/pb\/english-institucionalinstitutional-information\/administracao\/\" \/>\n<meta property=\"og:site_name\" content=\"Departamento de Hist\u00f3ria da PUC-Rio\" \/>\n<meta property=\"article:modified_time\" content=\"2025-06-09T17:19:24+00:00\" \/>\n<meta name=\"twitter:card\" content=\"summary_large_image\" \/>\n<meta name=\"twitter:label1\" content=\"Est. tempo de leitura\" \/>\n\t<meta name=\"twitter:data1\" content=\"1 minuto\" \/>\n<script type=\"application\/ld+json\" class=\"yoast-schema-graph\">{\"@context\":\"https:\/\/schema.org\",\"@graph\":[{\"@type\":\"WebPage\",\"@id\":\"http:\/\/www.his.puc-rio.br\/pb\/english-institucionalinstitutional-information\/administracao\/\",\"url\":\"http:\/\/www.his.puc-rio.br\/pb\/english-institucionalinstitutional-information\/administracao\/\",\"name\":\"ADMINISTRA\u00c7\u00c3O - Departamento de Hist\u00f3ria da PUC-Rio\",\"isPartOf\":{\"@id\":\"http:\/\/www.his.puc-rio.br\/pb\/#website\"},\"datePublished\":\"2016-09-17T15:42:59+00:00\",\"dateModified\":\"2025-06-09T17:19:24+00:00\",\"breadcrumb\":{\"@id\":\"http:\/\/www.his.puc-rio.br\/pb\/english-institucionalinstitutional-information\/administracao\/#breadcrumb\"},\"inLanguage\":\"pt-BR\",\"potentialAction\":[{\"@type\":\"ReadAction\",\"target\":[[\"http:\/\/www.his.puc-rio.br\/pb\/english-institucionalinstitutional-information\/administracao\/\"]]}]},{\"@type\":\"BreadcrumbList\",\"@id\":\"http:\/\/www.his.puc-rio.br\/pb\/english-institucionalinstitutional-information\/administracao\/#breadcrumb\",\"itemListElement\":[{\"@type\":\"ListItem\",\"position\":1,\"name\":\"In\u00edcio\",\"item\":\"http:\/\/www.his.puc-rio.br\/pb\/\"},{\"@type\":\"ListItem\",\"position\":2,\"name\":\"INSTITUCIONAL\",\"item\":\"http:\/\/www.his.puc-rio.br\/pb\/english-institucionalinstitutional-information\/\"},{\"@type\":\"ListItem\",\"position\":3,\"name\":\"ADMINISTRA\u00c7\u00c3O\"}]},{\"@type\":\"WebSite\",\"@id\":\"http:\/\/www.his.puc-rio.br\/pb\/#website\",\"url\":\"http:\/\/www.his.puc-rio.br\/pb\/\",\"name\":\"Departamento de Hist\u00f3ria da PUC-Rio\",\"description\":\"Cursos de Gradua\u00e7\u00e3o, P\u00f3s-gradua\u00e7\u00e3o, Mestrado e Doutorado\",\"potentialAction\":[{\"@type\":\"SearchAction\",\"target\":{\"@type\":\"EntryPoint\",\"urlTemplate\":\"http:\/\/www.his.puc-rio.br\/pb\/?s={search_term_string}\"},\"query-input\":{\"@type\":\"PropertyValueSpecification\",\"valueRequired\":true,\"valueName\":\"search_term_string\"}}],\"inLanguage\":\"pt-BR\"}]}<\/script>\n<!-- \/ Yoast SEO plugin. -->","yoast_head_json":{"title":"ADMINISTRA\u00c7\u00c3O - Departamento de Hist\u00f3ria da PUC-Rio","robots":{"index":"index","follow":"follow","max-snippet":"max-snippet:-1","max-image-preview":"max-image-preview:large","max-video-preview":"max-video-preview:-1"},"canonical":"http:\/\/www.his.puc-rio.br\/pb\/english-institucionalinstitutional-information\/administracao\/","og_locale":"pt_BR","og_type":"article","og_title":"ADMINISTRA\u00c7\u00c3O - Departamento de Hist\u00f3ria da PUC-Rio","og_url":"http:\/\/www.his.puc-rio.br\/pb\/english-institucionalinstitutional-information\/administracao\/","og_site_name":"Departamento de Hist\u00f3ria da PUC-Rio","article_modified_time":"2025-06-09T17:19:24+00:00","twitter_card":"summary_large_image","twitter_misc":{"Est. tempo de leitura":"1 minuto"},"schema":{"@context":"https:\/\/schema.org","@graph":[{"@type":"WebPage","@id":"http:\/\/www.his.puc-rio.br\/pb\/english-institucionalinstitutional-information\/administracao\/","url":"http:\/\/www.his.puc-rio.br\/pb\/english-institucionalinstitutional-information\/administracao\/","name":"ADMINISTRA\u00c7\u00c3O - Departamento de Hist\u00f3ria da PUC-Rio","isPartOf":{"@id":"http:\/\/www.his.puc-rio.br\/pb\/#website"},"datePublished":"2016-09-17T15:42:59+00:00","dateModified":"2025-06-09T17:19:24+00:00","breadcrumb":{"@id":"http:\/\/www.his.puc-rio.br\/pb\/english-institucionalinstitutional-information\/administracao\/#breadcrumb"},"inLanguage":"pt-BR","potentialAction":[{"@type":"ReadAction","target":[["http:\/\/www.his.puc-rio.br\/pb\/english-institucionalinstitutional-information\/administracao\/"]]}]},{"@type":"BreadcrumbList","@id":"http:\/\/www.his.puc-rio.br\/pb\/english-institucionalinstitutional-information\/administracao\/#breadcrumb","itemListElement":[{"@type":"ListItem","position":1,"name":"In\u00edcio","item":"http:\/\/www.his.puc-rio.br\/pb\/"},{"@type":"ListItem","position":2,"name":"INSTITUCIONAL","item":"http:\/\/www.his.puc-rio.br\/pb\/english-institucionalinstitutional-information\/"},{"@type":"ListItem","position":3,"name":"ADMINISTRA\u00c7\u00c3O"}]},{"@type":"WebSite","@id":"http:\/\/www.his.puc-rio.br\/pb\/#website","url":"http:\/\/www.his.puc-rio.br\/pb\/","name":"Departamento de Hist\u00f3ria da PUC-Rio","description":"Cursos de Gradua\u00e7\u00e3o, P\u00f3s-gradua\u00e7\u00e3o, Mestrado e Doutorado","potentialAction":[{"@type":"SearchAction","target":{"@type":"EntryPoint","urlTemplate":"http:\/\/www.his.puc-rio.br\/pb\/?s={search_term_string}"},"query-input":{"@type":"PropertyValueSpecification","valueRequired":true,"valueName":"search_term_string"}}],"inLanguage":"pt-BR"}]}},"_links":{"self":[{"href":"https:\/\/www.his.puc-rio.br\/pb\/wp-json\/wp\/v2\/pages\/22"}],"collection":[{"href":"https:\/\/www.his.puc-rio.br\/pb\/wp-json\/wp\/v2\/pages"}],"about":[{"href":"https:\/\/www.his.puc-rio.br\/pb\/wp-json\/wp\/v2\/types\/page"}],"author":[{"embeddable":true,"href":"https:\/\/www.his.puc-rio.br\/pb\/wp-json\/wp\/v2\/users\/1"}],"replies":[{"embeddable":true,"href":"https:\/\/www.his.puc-rio.br\/pb\/wp-json\/wp\/v2\/comments?post=22"}],"version-history":[{"count":62,"href":"https:\/\/www.his.puc-rio.br\/pb\/wp-json\/wp\/v2\/pages\/22\/revisions"}],"predecessor-version":[{"id":4884,"href":"https:\/\/www.his.puc-rio.br\/pb\/wp-json\/wp\/v2\/pages\/22\/revisions\/4884"}],"up":[{"embeddable":true,"href":"https:\/\/www.his.puc-rio.br\/pb\/wp-json\/wp\/v2\/pages\/16"}],"wp:attachment":[{"href":"https:\/\/www.his.puc-rio.br\/pb\/wp-json\/wp\/v2\/media?parent=22"}],"curies":[{"name":"wp","href":"https:\/\/api.w.org\/{rel}","templated":true}]}}