{"id":2384,"date":"2019-09-12T17:52:11","date_gmt":"2019-09-12T20:52:11","guid":{"rendered":"http:\/\/wwwt.his.puc-rio.br\/his\/?page_id=2384"},"modified":"2025-08-05T09:29:08","modified_gmt":"2025-08-05T12:29:08","slug":"dissertacoes-e-teses-defendidas-e-publicadas","status":"publish","type":"page","link":"https:\/\/www.his.puc-rio.br\/pb\/dissertacoes-e-teses\/","title":{"rendered":"Disserta\u00e7\u00f5es e Teses"},"content":{"rendered":"<p><\/p>\n<h2 style=\"user-select: text;\"><span style=\"color: #000000;\">Disserta\u00e7\u00f5es e Teses Defendidas e Publicadas<\/span><\/h2>\n<h3 style=\"user-select: text;\"><span style=\"color: #0000ff;\"><a style=\"color: #0000ff;\" href=\"http:\/\/www.his.puc-rio.br\/teste-2\/\" target=\"_blank\" rel=\"noopener\">Mestrado<\/a><\/span><\/h3>\n<h3 style=\"user-select: text;\"><span style=\"color: #0000ff;\"><a style=\"color: #0000ff;\" href=\"http:\/\/www.his.puc-rio.br\/pb\/doutorado\/\" target=\"_blank\" rel=\"noopener\">Doutorado<\/a><\/span><\/h3>\n<h3 style=\"user-select: text;\"><a style=\"user-select: text;\" href=\"http:\/\/www.his.puc-rio.br\/mestrado-profissional-2\/\" target=\"_blank\" rel=\"noopener\"><span style=\"color: #0000ff;\">Mestrado Profissional<\/span><\/a><\/h3>\n<p><\/p>","protected":false},"excerpt":{"rendered":"<p>Disserta\u00e7\u00f5es e Teses Defendidas e Publicadas Mestrado Doutorado Mestrado Profissional<\/p>\n","protected":false},"author":1,"featured_media":0,"parent":0,"menu_order":0,"comment_status":"closed","ping_status":"closed","template":"","meta":{"footnotes":""},"yoast_head":"<!-- This site is optimized with the Yoast SEO plugin v23.5 - https:\/\/yoast.com\/wordpress\/plugins\/seo\/ -->\n<title>Disserta\u00e7\u00f5es e Teses - Departamento de Hist\u00f3ria da PUC-Rio<\/title>\n<meta name=\"robots\" content=\"index, follow, max-snippet:-1, max-image-preview:large, max-video-preview:-1\" \/>\n<link rel=\"canonical\" href=\"http:\/\/www.his.puc-rio.br\/pb\/dissertacoes-e-teses\/\" \/>\n<meta property=\"og:locale\" content=\"pt_BR\" \/>\n<meta property=\"og:type\" content=\"article\" \/>\n<meta property=\"og:title\" content=\"Disserta\u00e7\u00f5es e Teses - Departamento de Hist\u00f3ria da PUC-Rio\" \/>\n<meta property=\"og:description\" content=\"Disserta\u00e7\u00f5es e Teses Defendidas e Publicadas Mestrado Doutorado Mestrado Profissional\" \/>\n<meta property=\"og:url\" content=\"http:\/\/www.his.puc-rio.br\/pb\/dissertacoes-e-teses\/\" \/>\n<meta property=\"og:site_name\" content=\"Departamento de Hist\u00f3ria da PUC-Rio\" \/>\n<meta property=\"article:modified_time\" content=\"2025-08-05T12:29:08+00:00\" \/>\n<meta name=\"twitter:card\" content=\"summary_large_image\" \/>\n<meta name=\"twitter:label1\" content=\"Est. tempo de leitura\" \/>\n\t<meta name=\"twitter:data1\" content=\"1 minuto\" \/>\n<script type=\"application\/ld+json\" class=\"yoast-schema-graph\">{\"@context\":\"https:\/\/schema.org\",\"@graph\":[{\"@type\":\"WebPage\",\"@id\":\"http:\/\/www.his.puc-rio.br\/pb\/dissertacoes-e-teses\/\",\"url\":\"http:\/\/www.his.puc-rio.br\/pb\/dissertacoes-e-teses\/\",\"name\":\"Disserta\u00e7\u00f5es e Teses - Departamento de Hist\u00f3ria da PUC-Rio\",\"isPartOf\":{\"@id\":\"http:\/\/www.his.puc-rio.br\/pb\/#website\"},\"datePublished\":\"2019-09-12T20:52:11+00:00\",\"dateModified\":\"2025-08-05T12:29:08+00:00\",\"breadcrumb\":{\"@id\":\"http:\/\/www.his.puc-rio.br\/pb\/dissertacoes-e-teses\/#breadcrumb\"},\"inLanguage\":\"pt-BR\",\"potentialAction\":[{\"@type\":\"ReadAction\",\"target\":[[\"http:\/\/www.his.puc-rio.br\/pb\/dissertacoes-e-teses\/\"]]}]},{\"@type\":\"BreadcrumbList\",\"@id\":\"http:\/\/www.his.puc-rio.br\/pb\/dissertacoes-e-teses\/#breadcrumb\",\"itemListElement\":[{\"@type\":\"ListItem\",\"position\":1,\"name\":\"In\u00edcio\",\"item\":\"http:\/\/www.his.puc-rio.br\/pb\/\"},{\"@type\":\"ListItem\",\"position\":2,\"name\":\"Disserta\u00e7\u00f5es e Teses\"}]},{\"@type\":\"WebSite\",\"@id\":\"http:\/\/www.his.puc-rio.br\/pb\/#website\",\"url\":\"http:\/\/www.his.puc-rio.br\/pb\/\",\"name\":\"Departamento de Hist\u00f3ria da PUC-Rio\",\"description\":\"Cursos de Gradua\u00e7\u00e3o, P\u00f3s-gradua\u00e7\u00e3o, Mestrado e Doutorado\",\"potentialAction\":[{\"@type\":\"SearchAction\",\"target\":{\"@type\":\"EntryPoint\",\"urlTemplate\":\"http:\/\/www.his.puc-rio.br\/pb\/?s={search_term_string}\"},\"query-input\":{\"@type\":\"PropertyValueSpecification\",\"valueRequired\":true,\"valueName\":\"search_term_string\"}}],\"inLanguage\":\"pt-BR\"}]}<\/script>\n<!-- \/ Yoast SEO plugin. -->","yoast_head_json":{"title":"Disserta\u00e7\u00f5es e Teses - Departamento de Hist\u00f3ria da PUC-Rio","robots":{"index":"index","follow":"follow","max-snippet":"max-snippet:-1","max-image-preview":"max-image-preview:large","max-video-preview":"max-video-preview:-1"},"canonical":"http:\/\/www.his.puc-rio.br\/pb\/dissertacoes-e-teses\/","og_locale":"pt_BR","og_type":"article","og_title":"Disserta\u00e7\u00f5es e Teses - Departamento de Hist\u00f3ria da PUC-Rio","og_description":"Disserta\u00e7\u00f5es e Teses Defendidas e Publicadas Mestrado Doutorado Mestrado Profissional","og_url":"http:\/\/www.his.puc-rio.br\/pb\/dissertacoes-e-teses\/","og_site_name":"Departamento de Hist\u00f3ria da PUC-Rio","article_modified_time":"2025-08-05T12:29:08+00:00","twitter_card":"summary_large_image","twitter_misc":{"Est. tempo de leitura":"1 minuto"},"schema":{"@context":"https:\/\/schema.org","@graph":[{"@type":"WebPage","@id":"http:\/\/www.his.puc-rio.br\/pb\/dissertacoes-e-teses\/","url":"http:\/\/www.his.puc-rio.br\/pb\/dissertacoes-e-teses\/","name":"Disserta\u00e7\u00f5es e Teses - Departamento de Hist\u00f3ria da PUC-Rio","isPartOf":{"@id":"http:\/\/www.his.puc-rio.br\/pb\/#website"},"datePublished":"2019-09-12T20:52:11+00:00","dateModified":"2025-08-05T12:29:08+00:00","breadcrumb":{"@id":"http:\/\/www.his.puc-rio.br\/pb\/dissertacoes-e-teses\/#breadcrumb"},"inLanguage":"pt-BR","potentialAction":[{"@type":"ReadAction","target":[["http:\/\/www.his.puc-rio.br\/pb\/dissertacoes-e-teses\/"]]}]},{"@type":"BreadcrumbList","@id":"http:\/\/www.his.puc-rio.br\/pb\/dissertacoes-e-teses\/#breadcrumb","itemListElement":[{"@type":"ListItem","position":1,"name":"In\u00edcio","item":"http:\/\/www.his.puc-rio.br\/pb\/"},{"@type":"ListItem","position":2,"name":"Disserta\u00e7\u00f5es e Teses"}]},{"@type":"WebSite","@id":"http:\/\/www.his.puc-rio.br\/pb\/#website","url":"http:\/\/www.his.puc-rio.br\/pb\/","name":"Departamento de Hist\u00f3ria da PUC-Rio","description":"Cursos de Gradua\u00e7\u00e3o, P\u00f3s-gradua\u00e7\u00e3o, Mestrado e Doutorado","potentialAction":[{"@type":"SearchAction","target":{"@type":"EntryPoint","urlTemplate":"http:\/\/www.his.puc-rio.br\/pb\/?s={search_term_string}"},"query-input":{"@type":"PropertyValueSpecification","valueRequired":true,"valueName":"search_term_string"}}],"inLanguage":"pt-BR"}]}},"_links":{"self":[{"href":"https:\/\/www.his.puc-rio.br\/pb\/wp-json\/wp\/v2\/pages\/2384"}],"collection":[{"href":"https:\/\/www.his.puc-rio.br\/pb\/wp-json\/wp\/v2\/pages"}],"about":[{"href":"https:\/\/www.his.puc-rio.br\/pb\/wp-json\/wp\/v2\/types\/page"}],"author":[{"embeddable":true,"href":"https:\/\/www.his.puc-rio.br\/pb\/wp-json\/wp\/v2\/users\/1"}],"replies":[{"embeddable":true,"href":"https:\/\/www.his.puc-rio.br\/pb\/wp-json\/wp\/v2\/comments?post=2384"}],"version-history":[{"count":17,"href":"https:\/\/www.his.puc-rio.br\/pb\/wp-json\/wp\/v2\/pages\/2384\/revisions"}],"predecessor-version":[{"id":4983,"href":"https:\/\/www.his.puc-rio.br\/pb\/wp-json\/wp\/v2\/pages\/2384\/revisions\/4983"}],"wp:attachment":[{"href":"https:\/\/www.his.puc-rio.br\/pb\/wp-json\/wp\/v2\/media?parent=2384"}],"curies":[{"name":"wp","href":"https:\/\/api.w.org\/{rel}","templated":true}]}}