{"id":25,"date":"2016-10-17T12:42:59","date_gmt":"2016-10-17T14:42:59","guid":{"rendered":"http:\/\/wwwt.his.puc-rio.br\/his\/graduacao\/sobre-o-curso\/"},"modified":"2025-12-30T18:04:20","modified_gmt":"2025-12-30T21:04:20","slug":"sobre-o-curso","status":"publish","type":"page","link":"https:\/\/www.his.puc-rio.br\/pb\/graduacao\/sobre-o-curso\/","title":{"rendered":"SOBRE O CURSO"},"content":{"rendered":"<h2 class=\"wp-block-heading\" style=\"user-select: text;\"><span style=\"color: #000000;\">Sobre o curso: Bacharelado e Licenciatura<\/span><\/h2>\r\n\r\n\r\n\r\n<p style=\"user-select: text;\"><span style=\"color: #000000;\">O curso de gradua\u00e7\u00e3o em Hist\u00f3ria prepara o aluno para lidar com as m\u00faltiplas dimens\u00f5es tem\u00e1ticas, te\u00f3ricas, metodol\u00f3gicas e profissionais que envolvem as pr\u00e1ticas do historiador. <\/span><br style=\"user-select: text;\" \/><span style=\"color: #000000;\">O estudante tem \u00e0 sua disposi\u00e7\u00e3o duas habilita\u00e7\u00f5es: a licenciatura, cujo objetivo \u00e9 o de formar o futuro profissional da educa\u00e7\u00e3o, seja em suas atividades de ensino, seja no suporte pedag\u00f3gico \u00e0 doc\u00eancia (administra\u00e7\u00e3o, planejamento, pesquisa, produ\u00e7\u00e3o de material did\u00e1tico etc); e o bacharelado, cujo fim \u00e9 o de preparar o educando para atividades de pesquisa relacionadas ao diversificado mercado de trabalho (em \u00e1reas como o patrim\u00f4nio, a curadoria, a consultoria, o mercado editorial entre outras). Para as duas habilita\u00e7\u00f5es, por\u00e9m, o Departamento de Hist\u00f3ria entende que as atividades de pesquisa, ensino e extens\u00e3o s\u00e3o indissoci\u00e1veis.<\/span><\/p>\r\n\r\n\r\n\r\n<p style=\"user-select: text;\"><span style=\"color: #000000;\">Por esse motivo, o \u201cProjeto Pedag\u00f3gico\u201d do curso busca construir, para todos os estudantes, um ambiente de trabalho prop\u00edcio ao aprimoramento das pr\u00e1ticas investigativas; ao acolhimento da diversidade \u00e9tnico-racial e cultural; ao exerc\u00edcio de atividades culturais; ao ensino de uma pr\u00e1tica perme\u00e1vel a conte\u00fados complementares como patrim\u00f4nio, museologia, urbanismo, direitos humanos; \u00e0 inova\u00e7\u00e3o te\u00f3rico-metodol\u00f3gica; ao incentivo \u00e0 reflexividade e \u00e0 autonomia do aluno no exerc\u00edcio de seu livre pensamento e na elei\u00e7\u00e3o de suas prioridades de estudo.<\/span><\/p>\r\n\r\n\r\n\r\n<p style=\"user-select: text;\"><span style=\"color: #000000;\">Nesse sentido, a trajet\u00f3ria curricular (para as duas habilita\u00e7\u00f5es) se divide em duas partes. Na primeira, os alunos passam por um conjunto de disciplinas obrigat\u00f3rias de \u00e1rea e cursos de forma\u00e7\u00e3o geral. Na segunda parte, os alunos t\u00eam ao seu dispor (majoritariamente) uma ampla oferta de disciplinas optativas. Entende-se que essa estrutura curricular \u00e9 a maneira mais apropriada de se responder aos fatores de diversidade do campo profissional e \u00e0 desejada abertura de escolhas flex\u00edveis.<\/span><\/p>\r\n\r\n\r\n\r\n<p style=\"user-select: text;\"><span style=\"color: #000000;\">Veja<\/span> <a style=\"user-select: text;\" href=\"http:\/\/www.puc-rio.br\/ensinopesq\/ccg\/historia.html\" target=\"_blank\" rel=\"noopener\"><strong style=\"user-select: text;\"><span style=\"color: #ff9900;\"><span style=\"color: #0000ff;\">aqui<\/span><\/span><\/strong><\/a> <span style=\"color: #000000;\">toda grade curricular em bacharelado e licenciatura de Hist\u00f3ria.<\/span><\/p>\r\n\r\n\r\n\r\n\r\n\r\n<p style=\"user-select: text;\"><span style=\"color: #0000ff;\"><a style=\"color: #0000ff;\" href=\"http:\/\/www.his.puc-rio.br\/wp-content\/uploads\/Plano-de-Curso-LICENCIATURA-VERS\u00c3O-FINAL.pdf\" target=\"_blank\" rel=\"noopener\">Plano de Curso Licenciatura<\/a><\/span><\/p>\r\n\r\n\r\n\r\n\r\n\r\n<p style=\"user-select: text;\"><span style=\"color: #0000ff;\"><a style=\"color: #0000ff;\" href=\"http:\/\/www.his.puc-rio.br\/wp-content\/uploads\/Plano-de-Curso-BACHARELADO-VERS\u00c3O-FINAL.pdf\" target=\"_blank\" rel=\"noopener\">Plano de Curso Bacharelado<\/a><\/span><\/p>\r\n<p><span style=\"color: #000000;\">Veja<\/span> <span style=\"color: #0000ff;\"><a style=\"color: #0000ff;\" href=\"https:\/\/www.his.puc-rio.br\/pb\/material-monografia-tcc\/\">aqui<\/a><\/span> <span style=\"color: #000000;\">o material para Monografia Final<\/span><\/p>\r\n\r\n\r\n\r\n<p style=\"user-select: text;\">\u00a0<\/p>","protected":false},"excerpt":{"rendered":"<p>Sobre o curso: Bacharelado e Licenciatura O curso de gradua\u00e7\u00e3o em Hist\u00f3ria prepara o aluno para lidar com as m\u00faltiplas dimens\u00f5es tem\u00e1ticas, te\u00f3ricas, metodol\u00f3gicas e profissionais que envolvem as pr\u00e1ticas do historiador. O estudante tem \u00e0 sua disposi\u00e7\u00e3o duas habilita\u00e7\u00f5es:<a class=\"moretag\" href=\"https:\/\/www.his.puc-rio.br\/pb\/graduacao\/sobre-o-curso\/\">&#8230;<\/a><\/br><a href=\"https:\/\/www.his.puc-rio.br\/pb\/graduacao\/sobre-o-curso\/\" class=\"read-more\">Leia mais..  <span class=\"glyphicon glyphicon-chevron-right\" ><\/span><\/a><\/p>\n","protected":false},"author":1,"featured_media":0,"parent":17,"menu_order":11,"comment_status":"open","ping_status":"open","template":"page-templates\/full-width.php","meta":{"footnotes":""},"yoast_head":"<!-- This site is optimized with the Yoast SEO plugin v23.5 - https:\/\/yoast.com\/wordpress\/plugins\/seo\/ -->\n<title>SOBRE O CURSO - Departamento de Hist\u00f3ria da PUC-Rio<\/title>\n<meta name=\"robots\" content=\"index, follow, max-snippet:-1, max-image-preview:large, max-video-preview:-1\" \/>\n<link rel=\"canonical\" href=\"http:\/\/www.his.puc-rio.br\/pb\/graduacao\/sobre-o-curso\/\" \/>\n<meta property=\"og:locale\" content=\"pt_BR\" \/>\n<meta property=\"og:type\" content=\"article\" \/>\n<meta property=\"og:title\" content=\"SOBRE O CURSO - Departamento de Hist\u00f3ria da PUC-Rio\" \/>\n<meta property=\"og:description\" content=\"Sobre o curso: Bacharelado e Licenciatura O curso de gradua\u00e7\u00e3o em Hist\u00f3ria prepara o aluno para lidar com as m\u00faltiplas dimens\u00f5es tem\u00e1ticas, te\u00f3ricas, metodol\u00f3gicas e profissionais que envolvem as pr\u00e1ticas do historiador. O estudante tem \u00e0 sua disposi\u00e7\u00e3o duas habilita\u00e7\u00f5es:...Leia mais..\" \/>\n<meta property=\"og:url\" content=\"http:\/\/www.his.puc-rio.br\/pb\/graduacao\/sobre-o-curso\/\" \/>\n<meta property=\"og:site_name\" content=\"Departamento de Hist\u00f3ria da PUC-Rio\" \/>\n<meta property=\"article:modified_time\" content=\"2025-12-30T21:04:20+00:00\" \/>\n<meta name=\"twitter:card\" content=\"summary_large_image\" \/>\n<meta name=\"twitter:label1\" content=\"Est. tempo de leitura\" \/>\n\t<meta name=\"twitter:data1\" content=\"2 minutos\" \/>\n<script type=\"application\/ld+json\" class=\"yoast-schema-graph\">{\"@context\":\"https:\/\/schema.org\",\"@graph\":[{\"@type\":\"WebPage\",\"@id\":\"http:\/\/www.his.puc-rio.br\/pb\/graduacao\/sobre-o-curso\/\",\"url\":\"http:\/\/www.his.puc-rio.br\/pb\/graduacao\/sobre-o-curso\/\",\"name\":\"SOBRE O CURSO - Departamento de Hist\u00f3ria da PUC-Rio\",\"isPartOf\":{\"@id\":\"http:\/\/www.his.puc-rio.br\/pb\/#website\"},\"datePublished\":\"2016-10-17T14:42:59+00:00\",\"dateModified\":\"2025-12-30T21:04:20+00:00\",\"breadcrumb\":{\"@id\":\"http:\/\/www.his.puc-rio.br\/pb\/graduacao\/sobre-o-curso\/#breadcrumb\"},\"inLanguage\":\"pt-BR\",\"potentialAction\":[{\"@type\":\"ReadAction\",\"target\":[[\"http:\/\/www.his.puc-rio.br\/pb\/graduacao\/sobre-o-curso\/\"]]}]},{\"@type\":\"BreadcrumbList\",\"@id\":\"http:\/\/www.his.puc-rio.br\/pb\/graduacao\/sobre-o-curso\/#breadcrumb\",\"itemListElement\":[{\"@type\":\"ListItem\",\"position\":1,\"name\":\"In\u00edcio\",\"item\":\"http:\/\/www.his.puc-rio.br\/pb\/\"},{\"@type\":\"ListItem\",\"position\":2,\"name\":\"GRADUA\u00c7\u00c3O\",\"item\":\"http:\/\/www.his.puc-rio.br\/pb\/graduacao\/\"},{\"@type\":\"ListItem\",\"position\":3,\"name\":\"SOBRE O CURSO\"}]},{\"@type\":\"WebSite\",\"@id\":\"http:\/\/www.his.puc-rio.br\/pb\/#website\",\"url\":\"http:\/\/www.his.puc-rio.br\/pb\/\",\"name\":\"Departamento de Hist\u00f3ria da PUC-Rio\",\"description\":\"Cursos de Gradua\u00e7\u00e3o, P\u00f3s-gradua\u00e7\u00e3o, Mestrado e Doutorado\",\"potentialAction\":[{\"@type\":\"SearchAction\",\"target\":{\"@type\":\"EntryPoint\",\"urlTemplate\":\"http:\/\/www.his.puc-rio.br\/pb\/?s={search_term_string}\"},\"query-input\":{\"@type\":\"PropertyValueSpecification\",\"valueRequired\":true,\"valueName\":\"search_term_string\"}}],\"inLanguage\":\"pt-BR\"}]}<\/script>\n<!-- \/ Yoast SEO plugin. -->","yoast_head_json":{"title":"SOBRE O CURSO - Departamento de Hist\u00f3ria da PUC-Rio","robots":{"index":"index","follow":"follow","max-snippet":"max-snippet:-1","max-image-preview":"max-image-preview:large","max-video-preview":"max-video-preview:-1"},"canonical":"http:\/\/www.his.puc-rio.br\/pb\/graduacao\/sobre-o-curso\/","og_locale":"pt_BR","og_type":"article","og_title":"SOBRE O CURSO - Departamento de Hist\u00f3ria da PUC-Rio","og_description":"Sobre o curso: Bacharelado e Licenciatura O curso de gradua\u00e7\u00e3o em Hist\u00f3ria prepara o aluno para lidar com as m\u00faltiplas dimens\u00f5es tem\u00e1ticas, te\u00f3ricas, metodol\u00f3gicas e profissionais que envolvem as pr\u00e1ticas do historiador. O estudante tem \u00e0 sua disposi\u00e7\u00e3o duas habilita\u00e7\u00f5es:...Leia mais..","og_url":"http:\/\/www.his.puc-rio.br\/pb\/graduacao\/sobre-o-curso\/","og_site_name":"Departamento de Hist\u00f3ria da PUC-Rio","article_modified_time":"2025-12-30T21:04:20+00:00","twitter_card":"summary_large_image","twitter_misc":{"Est. tempo de leitura":"2 minutos"},"schema":{"@context":"https:\/\/schema.org","@graph":[{"@type":"WebPage","@id":"http:\/\/www.his.puc-rio.br\/pb\/graduacao\/sobre-o-curso\/","url":"http:\/\/www.his.puc-rio.br\/pb\/graduacao\/sobre-o-curso\/","name":"SOBRE O CURSO - Departamento de Hist\u00f3ria da PUC-Rio","isPartOf":{"@id":"http:\/\/www.his.puc-rio.br\/pb\/#website"},"datePublished":"2016-10-17T14:42:59+00:00","dateModified":"2025-12-30T21:04:20+00:00","breadcrumb":{"@id":"http:\/\/www.his.puc-rio.br\/pb\/graduacao\/sobre-o-curso\/#breadcrumb"},"inLanguage":"pt-BR","potentialAction":[{"@type":"ReadAction","target":[["http:\/\/www.his.puc-rio.br\/pb\/graduacao\/sobre-o-curso\/"]]}]},{"@type":"BreadcrumbList","@id":"http:\/\/www.his.puc-rio.br\/pb\/graduacao\/sobre-o-curso\/#breadcrumb","itemListElement":[{"@type":"ListItem","position":1,"name":"In\u00edcio","item":"http:\/\/www.his.puc-rio.br\/pb\/"},{"@type":"ListItem","position":2,"name":"GRADUA\u00c7\u00c3O","item":"http:\/\/www.his.puc-rio.br\/pb\/graduacao\/"},{"@type":"ListItem","position":3,"name":"SOBRE O CURSO"}]},{"@type":"WebSite","@id":"http:\/\/www.his.puc-rio.br\/pb\/#website","url":"http:\/\/www.his.puc-rio.br\/pb\/","name":"Departamento de Hist\u00f3ria da PUC-Rio","description":"Cursos de Gradua\u00e7\u00e3o, P\u00f3s-gradua\u00e7\u00e3o, Mestrado e Doutorado","potentialAction":[{"@type":"SearchAction","target":{"@type":"EntryPoint","urlTemplate":"http:\/\/www.his.puc-rio.br\/pb\/?s={search_term_string}"},"query-input":{"@type":"PropertyValueSpecification","valueRequired":true,"valueName":"search_term_string"}}],"inLanguage":"pt-BR"}]}},"_links":{"self":[{"href":"https:\/\/www.his.puc-rio.br\/pb\/wp-json\/wp\/v2\/pages\/25"}],"collection":[{"href":"https:\/\/www.his.puc-rio.br\/pb\/wp-json\/wp\/v2\/pages"}],"about":[{"href":"https:\/\/www.his.puc-rio.br\/pb\/wp-json\/wp\/v2\/types\/page"}],"author":[{"embeddable":true,"href":"https:\/\/www.his.puc-rio.br\/pb\/wp-json\/wp\/v2\/users\/1"}],"replies":[{"embeddable":true,"href":"https:\/\/www.his.puc-rio.br\/pb\/wp-json\/wp\/v2\/comments?post=25"}],"version-history":[{"count":22,"href":"https:\/\/www.his.puc-rio.br\/pb\/wp-json\/wp\/v2\/pages\/25\/revisions"}],"predecessor-version":[{"id":5183,"href":"https:\/\/www.his.puc-rio.br\/pb\/wp-json\/wp\/v2\/pages\/25\/revisions\/5183"}],"up":[{"embeddable":true,"href":"https:\/\/www.his.puc-rio.br\/pb\/wp-json\/wp\/v2\/pages\/17"}],"wp:attachment":[{"href":"https:\/\/www.his.puc-rio.br\/pb\/wp-json\/wp\/v2\/media?parent=25"}],"curies":[{"name":"wp","href":"https:\/\/api.w.org\/{rel}","templated":true}]}}