{"id":28,"date":"2016-08-17T12:42:59","date_gmt":"2016-08-17T15:42:59","guid":{"rendered":"http:\/\/wwwt.his.puc-rio.br\/his\/graduacao\/pibid-pibic-pet\/"},"modified":"2021-04-14T16:27:59","modified_gmt":"2021-04-14T19:27:59","slug":"pibid-pibic-pet","status":"publish","type":"page","link":"https:\/\/www.his.puc-rio.br\/pb\/graduacao\/pibid-pibic-pet\/","title":{"rendered":"PIBID \/ PIBIC \/ PET"},"content":{"rendered":"<p><\/p>\n<h2 style=\"text-align: justify;\"><span style=\"color: #000000;\">Programa Institucional de Bolsa de Inicia\u00e7\u00e3o \u00e0 Doc\u00eancia (PIBID)<\/span><\/h2>\n<p>&nbsp;<\/p>\n<p style=\"text-align: justify;\"><span style=\"color: #000000;\">O PIBID \u2013 Programa Institucional de Bolsa de Inicia\u00e7\u00e3o \u00e0 Doc\u00eancia, institu\u00eddo pelo MEC e gerido pela CAPES \u2013 tem por objetivo o aperfei\u00e7oamento e a valoriza\u00e7\u00e3o da forma\u00e7\u00e3o de professores para a Educa\u00e7\u00e3o B\u00e1sica. Um desafio cujo ponto de partida \u00e9 a troca de saberes e pr\u00e1ticas entre a universidade e a escola p\u00fablica, a qual se torna poss\u00edvel pela concess\u00e3o de bolsas aos alunos de licenciatura e aos professores regentes de turma da unidade escolar. Mas um desafio que, no Curso de Licenciatura em Hist\u00f3ria da PUC-Rio, se transforma na possibilidade de formar professores de hist\u00f3ria cuja marca distintiva consiste em serem Autores de uma aula. Porque se alguns contam hist\u00f3rias para seus leitores por meio de textos escritos, outros contam hist\u00f3rias para um audit\u00f3rio especial \u2013 os alunos de uma turma \u2013 por meio de um Texto diferente \u2013 a Aula de hist\u00f3ria -, tecido a partir de quest\u00f5es que se apresentam a cada dia: por que contar, para quem contar, o que contar, como contar. Somos os professores de hist\u00f3ria.Por meio de pr\u00e1ticas diversas, individuais e coletivas, que refor\u00e7am o nexo indissoci\u00e1vel e rec\u00edproco entre o que ensina e aquele que aprende, no ambiente universit\u00e1rio e na unidade escolar, cada licenciando dever\u00e1 se tornar capaz de narrar uma, v\u00e1rias, muitas experi\u00eancias vividas por homens e mulheres, em diferentes tempos e lugares.<\/span><\/p>\n<p>&nbsp;<\/p>\n<h2 style=\"text-align: justify;\"><span style=\"color: #000000;\">Programa de Educa\u00e7\u00e3o Tutorial (PET)<\/span><\/h2>\n<p>&nbsp;<\/p>\n<p style=\"text-align: justify;\"><span style=\"color: #000000;\">O Programa de Educa\u00e7\u00e3o Tutorial (PET) \u00e9 um projeto do governo federal de est\u00edmulo a atividades de pesquisa, ensino e extens\u00e3o universit\u00e1rias, no n\u00edvel de gradua\u00e7\u00e3o. O programa \u00e9 subordinado \u00e0 Secretaria de Ensino Superior (SESu) do Minist\u00e9rio da Educa\u00e7\u00e3o (MEC). O PET foi criado em 1979 com o nome original de Programa Especial de Treinamento. Em 2004, o nome foi alterado para Programa de Educa\u00e7\u00e3o Tutorial. Segundo a SESu, seus objetivos s\u00e3o: \u201ca melhoria do ensino de gradua\u00e7\u00e3o, a forma\u00e7\u00e3o acad\u00eamica ampla do aluno, a interdisciplinaridade, a atua\u00e7\u00e3o coletiva e o planejamento e a execu\u00e7\u00e3o, em grupos sob tutoria, de um programa diversificado de atividades acad\u00eamicas.\u201d O PET oferece bolsas a grupos de at\u00e9 12 estudantes de gradua\u00e7\u00e3o, os bolsistas, denominados \u201cpetianos\u201d, s\u00e3o estimulados a desenvolver projetos e trabalhos em pesquisa, ensino e extens\u00e3o. Historicamente, o PET funciona tamb\u00e9m como um forma de prepara\u00e7\u00e3o para a carreira acad\u00eamica. Atualmente o programa conta com 842 grupos distribu\u00eddos em 121 institui\u00e7\u00f5es de ensino superior (IES) em todo o Brasil.<\/span><\/p>\n<p style=\"text-align: justify;\"><span style=\"color: #000000;\">Com proposta aprovada em 2007, o PET-Hist\u00f3ria da PUC-Rio \u00e9 um dos primeiros do Estado do Rio de Janeiro e contribuiu para a forma\u00e7\u00e3o de dezenas de alunos. O grupo se re\u00fane duas vezes por semana para a elabora\u00e7\u00e3o de seus projetos e atividades. Em rela\u00e7\u00e3o \u00e0 pesquisa, cada aluno desenvolve um trabalho na \u00e1rea de seu interesse. Al\u00e9m disso, o grupo realiza leituras coletivas de textos e obras de refer\u00eancia. Quanto ao ensino e \u00e0 extens\u00e3o, o PET tem realizado parcerias com diversas ONGs e escolas para desenvolver programas de qualifica\u00e7\u00e3o dos seus alunos.<\/span><\/p>\n<p>&nbsp;<\/p>\n<h2 style=\"text-align: justify;\"><span style=\"color: #000000;\">Programa Institucional de Bolsas de Inicia\u00e7\u00e3o Cientifica (PIBIC)<\/span><\/h2>\n<p>&nbsp;<\/p>\n<p style=\"text-align: justify;\"><span style=\"color: #000000;\">O Departamento de Hist\u00f3ria desenvolve atividades de Inicia\u00e7\u00e3o Cient\u00edfica, que consiste em dar oportunidade ao aluno de gradua\u00e7\u00e3o de participar de pesquisas acad\u00eamicas em v\u00e1rias \u00e1reas do conhecimento cient\u00edfico. Um dos programas mais efetivos \u00e9 o PIBIC \u2013 Programa Institucional de Inicia\u00e7\u00e3o Cient\u00edfica do CNPq que visa despertar voca\u00e7\u00e3o cient\u00edfica e incentivar novos talentos potenciais entre estudantes de gradua\u00e7\u00e3o.<\/span><\/p>\n<p style=\"text-align: justify;\"><span style=\"color: #000000;\">A crescente e expressiva participa\u00e7\u00e3o discente nos Projetos de Pesquisa coordenados por professores do Departamento de Hist\u00f3ria permite do ponto de vista qualitativo, ganhos acad\u00eamicos significativos para a integra\u00e7\u00e3o entre a gradua\u00e7\u00e3o e a p\u00f3s-gradua\u00e7\u00e3o expressos na intera\u00e7\u00e3o sistem\u00e1tica desses alunos de gradua\u00e7\u00e3o com professores e p\u00f3s-graduandos do Programa de P\u00f3s-Gradua\u00e7\u00e3o em Hist\u00f3ria Social da Cultura.<\/span><\/p>\n<p style=\"text-align: justify;\"><span style=\"color: #000000;\">Desde seu in\u00edcio, a participa\u00e7\u00e3o dos alunos de gradua\u00e7\u00e3o de Hist\u00f3ria nos Projetos de Pesquisa desenvolvidos por professores do Departamento \u00e9 significativa. No \u00e2mbito da Universidade, a Hist\u00f3ria \u00e9 um dos cursos que mais oferece vagas para os alunos com cerca de 1\/3 dos alunos matriculados na gradua\u00e7\u00e3o presencial com condi\u00e7\u00f5es de candidatar-se a bolsas de Inicia\u00e7\u00e3o Cient\u00edfica em suas v\u00e1rias modalidades. As atividades de pesquisa implicam num compromisso de 20 horas semanais e a participa\u00e7\u00e3o nas Jornadas PIBIC da PUC-Rio, sejam eles benefici\u00e1rios de bolsas de Inicia\u00e7\u00e3o Cient\u00edfica ou pesquisadores volunt\u00e1rios.<\/span><\/p>\n<p style=\"text-align: justify;\">\n<p><\/p>","protected":false},"excerpt":{"rendered":"<p>Programa Institucional de Bolsa de Inicia\u00e7\u00e3o \u00e0 Doc\u00eancia (PIBID) &nbsp; O PIBID \u2013 Programa Institucional de Bolsa de Inicia\u00e7\u00e3o \u00e0 Doc\u00eancia, institu\u00eddo pelo MEC e gerido pela CAPES \u2013 tem por objetivo o aperfei\u00e7oamento e a valoriza\u00e7\u00e3o da forma\u00e7\u00e3o de<a class=\"moretag\" href=\"https:\/\/www.his.puc-rio.br\/pb\/graduacao\/pibid-pibic-pet\/\">&#8230;<\/a><\/br><a href=\"https:\/\/www.his.puc-rio.br\/pb\/graduacao\/pibid-pibic-pet\/\" class=\"read-more\">Leia mais..  <span class=\"glyphicon glyphicon-chevron-right\" ><\/span><\/a><\/p>\n","protected":false},"author":1,"featured_media":0,"parent":17,"menu_order":14,"comment_status":"open","ping_status":"open","template":"page-templates\/full-width.php","meta":{"footnotes":""},"yoast_head":"<!-- This site is optimized with the Yoast SEO plugin v23.5 - https:\/\/yoast.com\/wordpress\/plugins\/seo\/ -->\n<title>PIBID \/ PIBIC \/ PET - Departamento de Hist\u00f3ria da PUC-Rio<\/title>\n<meta name=\"robots\" content=\"index, follow, max-snippet:-1, max-image-preview:large, max-video-preview:-1\" \/>\n<link rel=\"canonical\" href=\"http:\/\/www.his.puc-rio.br\/pb\/graduacao\/pibid-pibic-pet\/\" \/>\n<meta property=\"og:locale\" content=\"pt_BR\" \/>\n<meta property=\"og:type\" content=\"article\" \/>\n<meta property=\"og:title\" content=\"PIBID \/ PIBIC \/ PET - Departamento de Hist\u00f3ria da PUC-Rio\" \/>\n<meta property=\"og:description\" content=\"Programa Institucional de Bolsa de Inicia\u00e7\u00e3o \u00e0 Doc\u00eancia (PIBID) &nbsp; O PIBID \u2013 Programa Institucional de Bolsa de Inicia\u00e7\u00e3o \u00e0 Doc\u00eancia, institu\u00eddo pelo MEC e gerido pela CAPES \u2013 tem por objetivo o aperfei\u00e7oamento e a valoriza\u00e7\u00e3o da forma\u00e7\u00e3o de...Leia mais..\" \/>\n<meta property=\"og:url\" content=\"http:\/\/www.his.puc-rio.br\/pb\/graduacao\/pibid-pibic-pet\/\" \/>\n<meta property=\"og:site_name\" content=\"Departamento de Hist\u00f3ria da PUC-Rio\" \/>\n<meta property=\"article:modified_time\" content=\"2021-04-14T19:27:59+00:00\" \/>\n<meta name=\"twitter:card\" content=\"summary_large_image\" \/>\n<meta name=\"twitter:label1\" content=\"Est. tempo de leitura\" \/>\n\t<meta name=\"twitter:data1\" content=\"8 minutos\" \/>\n<script type=\"application\/ld+json\" class=\"yoast-schema-graph\">{\"@context\":\"https:\/\/schema.org\",\"@graph\":[{\"@type\":\"WebPage\",\"@id\":\"http:\/\/www.his.puc-rio.br\/pb\/graduacao\/pibid-pibic-pet\/\",\"url\":\"http:\/\/www.his.puc-rio.br\/pb\/graduacao\/pibid-pibic-pet\/\",\"name\":\"PIBID \/ PIBIC \/ PET - Departamento de Hist\u00f3ria da PUC-Rio\",\"isPartOf\":{\"@id\":\"http:\/\/www.his.puc-rio.br\/pb\/#website\"},\"datePublished\":\"2016-08-17T15:42:59+00:00\",\"dateModified\":\"2021-04-14T19:27:59+00:00\",\"breadcrumb\":{\"@id\":\"http:\/\/www.his.puc-rio.br\/pb\/graduacao\/pibid-pibic-pet\/#breadcrumb\"},\"inLanguage\":\"pt-BR\",\"potentialAction\":[{\"@type\":\"ReadAction\",\"target\":[[\"http:\/\/www.his.puc-rio.br\/pb\/graduacao\/pibid-pibic-pet\/\"]]}]},{\"@type\":\"BreadcrumbList\",\"@id\":\"http:\/\/www.his.puc-rio.br\/pb\/graduacao\/pibid-pibic-pet\/#breadcrumb\",\"itemListElement\":[{\"@type\":\"ListItem\",\"position\":1,\"name\":\"In\u00edcio\",\"item\":\"http:\/\/www.his.puc-rio.br\/pb\/\"},{\"@type\":\"ListItem\",\"position\":2,\"name\":\"GRADUA\u00c7\u00c3O\",\"item\":\"http:\/\/www.his.puc-rio.br\/pb\/graduacao\/\"},{\"@type\":\"ListItem\",\"position\":3,\"name\":\"PIBID \/ PIBIC \/ PET\"}]},{\"@type\":\"WebSite\",\"@id\":\"http:\/\/www.his.puc-rio.br\/pb\/#website\",\"url\":\"http:\/\/www.his.puc-rio.br\/pb\/\",\"name\":\"Departamento de Hist\u00f3ria da PUC-Rio\",\"description\":\"Cursos de Gradua\u00e7\u00e3o, P\u00f3s-gradua\u00e7\u00e3o, Mestrado e Doutorado\",\"potentialAction\":[{\"@type\":\"SearchAction\",\"target\":{\"@type\":\"EntryPoint\",\"urlTemplate\":\"http:\/\/www.his.puc-rio.br\/pb\/?s={search_term_string}\"},\"query-input\":{\"@type\":\"PropertyValueSpecification\",\"valueRequired\":true,\"valueName\":\"search_term_string\"}}],\"inLanguage\":\"pt-BR\"}]}<\/script>\n<!-- \/ Yoast SEO plugin. -->","yoast_head_json":{"title":"PIBID \/ PIBIC \/ PET - Departamento de Hist\u00f3ria da PUC-Rio","robots":{"index":"index","follow":"follow","max-snippet":"max-snippet:-1","max-image-preview":"max-image-preview:large","max-video-preview":"max-video-preview:-1"},"canonical":"http:\/\/www.his.puc-rio.br\/pb\/graduacao\/pibid-pibic-pet\/","og_locale":"pt_BR","og_type":"article","og_title":"PIBID \/ PIBIC \/ PET - Departamento de Hist\u00f3ria da PUC-Rio","og_description":"Programa Institucional de Bolsa de Inicia\u00e7\u00e3o \u00e0 Doc\u00eancia (PIBID) &nbsp; O PIBID \u2013 Programa Institucional de Bolsa de Inicia\u00e7\u00e3o \u00e0 Doc\u00eancia, institu\u00eddo pelo MEC e gerido pela CAPES \u2013 tem por objetivo o aperfei\u00e7oamento e a valoriza\u00e7\u00e3o da forma\u00e7\u00e3o de...Leia mais..","og_url":"http:\/\/www.his.puc-rio.br\/pb\/graduacao\/pibid-pibic-pet\/","og_site_name":"Departamento de Hist\u00f3ria da PUC-Rio","article_modified_time":"2021-04-14T19:27:59+00:00","twitter_card":"summary_large_image","twitter_misc":{"Est. tempo de leitura":"8 minutos"},"schema":{"@context":"https:\/\/schema.org","@graph":[{"@type":"WebPage","@id":"http:\/\/www.his.puc-rio.br\/pb\/graduacao\/pibid-pibic-pet\/","url":"http:\/\/www.his.puc-rio.br\/pb\/graduacao\/pibid-pibic-pet\/","name":"PIBID \/ PIBIC \/ PET - Departamento de Hist\u00f3ria da PUC-Rio","isPartOf":{"@id":"http:\/\/www.his.puc-rio.br\/pb\/#website"},"datePublished":"2016-08-17T15:42:59+00:00","dateModified":"2021-04-14T19:27:59+00:00","breadcrumb":{"@id":"http:\/\/www.his.puc-rio.br\/pb\/graduacao\/pibid-pibic-pet\/#breadcrumb"},"inLanguage":"pt-BR","potentialAction":[{"@type":"ReadAction","target":[["http:\/\/www.his.puc-rio.br\/pb\/graduacao\/pibid-pibic-pet\/"]]}]},{"@type":"BreadcrumbList","@id":"http:\/\/www.his.puc-rio.br\/pb\/graduacao\/pibid-pibic-pet\/#breadcrumb","itemListElement":[{"@type":"ListItem","position":1,"name":"In\u00edcio","item":"http:\/\/www.his.puc-rio.br\/pb\/"},{"@type":"ListItem","position":2,"name":"GRADUA\u00c7\u00c3O","item":"http:\/\/www.his.puc-rio.br\/pb\/graduacao\/"},{"@type":"ListItem","position":3,"name":"PIBID \/ PIBIC \/ PET"}]},{"@type":"WebSite","@id":"http:\/\/www.his.puc-rio.br\/pb\/#website","url":"http:\/\/www.his.puc-rio.br\/pb\/","name":"Departamento de Hist\u00f3ria da PUC-Rio","description":"Cursos de Gradua\u00e7\u00e3o, P\u00f3s-gradua\u00e7\u00e3o, Mestrado e Doutorado","potentialAction":[{"@type":"SearchAction","target":{"@type":"EntryPoint","urlTemplate":"http:\/\/www.his.puc-rio.br\/pb\/?s={search_term_string}"},"query-input":{"@type":"PropertyValueSpecification","valueRequired":true,"valueName":"search_term_string"}}],"inLanguage":"pt-BR"}]}},"_links":{"self":[{"href":"https:\/\/www.his.puc-rio.br\/pb\/wp-json\/wp\/v2\/pages\/28"}],"collection":[{"href":"https:\/\/www.his.puc-rio.br\/pb\/wp-json\/wp\/v2\/pages"}],"about":[{"href":"https:\/\/www.his.puc-rio.br\/pb\/wp-json\/wp\/v2\/types\/page"}],"author":[{"embeddable":true,"href":"https:\/\/www.his.puc-rio.br\/pb\/wp-json\/wp\/v2\/users\/1"}],"replies":[{"embeddable":true,"href":"https:\/\/www.his.puc-rio.br\/pb\/wp-json\/wp\/v2\/comments?post=28"}],"version-history":[{"count":13,"href":"https:\/\/www.his.puc-rio.br\/pb\/wp-json\/wp\/v2\/pages\/28\/revisions"}],"predecessor-version":[{"id":2959,"href":"https:\/\/www.his.puc-rio.br\/pb\/wp-json\/wp\/v2\/pages\/28\/revisions\/2959"}],"up":[{"embeddable":true,"href":"https:\/\/www.his.puc-rio.br\/pb\/wp-json\/wp\/v2\/pages\/17"}],"wp:attachment":[{"href":"https:\/\/www.his.puc-rio.br\/pb\/wp-json\/wp\/v2\/media?parent=28"}],"curies":[{"name":"wp","href":"https:\/\/api.w.org\/{rel}","templated":true}]}}