{"id":31,"date":"2016-10-17T12:42:59","date_gmt":"2016-10-17T14:42:59","guid":{"rendered":"http:\/\/wwwt.his.puc-rio.br\/his\/pos-graduacao\/mestradodoutorado\/"},"modified":"2025-06-25T15:23:32","modified_gmt":"2025-06-25T18:23:32","slug":"mestradodoutorado","status":"publish","type":"page","link":"https:\/\/www.his.puc-rio.br\/pb\/pos-graduacao\/mestrado-doutorado\/","title":{"rendered":"MESTRADO\/DOUTORADO"},"content":{"rendered":"<p><\/p>\n<h5 style=\"user-select: text;\"><span style=\"color: #000000;\"><strong style=\"user-select: text;\">Coordenadora: <\/strong><\/span><span style=\"color: #000000;\">Profa. Regiane Augusto de Mattos<br style=\"user-select: text;\" \/><\/span><span style=\"color: #000000;\"><strong style=\"user-select: text;\">Coordenadora Adjunta:<\/strong> Prof. Felipe Azevedo e Souza<\/span><\/h5>\n<h5 style=\"user-select: text;\"><span style=\"color: #000000;\"><strong style=\"user-select: text;\">Comiss\u00e3o Interna de Autoavalia\u00e7\u00e3o:<\/strong><br style=\"user-select: text;\" \/>Prof. Diego Antonio Galeano<br style=\"user-select: text;\" \/><\/span><span style=\"color: #000000;\">Prof. Jo\u00e3o Azevedo e Dias Duarte<br style=\"user-select: text;\" \/>Prof. S\u00e9rgio Bruno Guimar\u00e3es Martins<\/span><span style=\"color: #000000;\"><br style=\"user-select: text;\" \/><\/span><\/h5>\n<h3 style=\"user-select: text;\"><span style=\"color: #000000;\"><br style=\"user-select: text;\" \/><\/span><span style=\"color: #000000;\">Hist\u00f3ria Social da Cultura<\/span><\/h3>\n<p style=\"text-align: justify;\"><span style=\"color: black;\">O Programa de P\u00f3s Gradua\u00e7\u00e3o em Hist\u00f3ria Social da Cultura, do Departamento de Hist\u00f3ria da PUC-Rio, iniciou suas atividades no ano de 1986, com o curso de Mestrado. A partir de 1998 teve in\u00edcio o curso de Doutorado, mantida a \u00c1rea de Concentra\u00e7\u00e3o em Hist\u00f3ria Social da Cultura.\u00a0<\/span><span style=\"color: black;\">A \u00c1rea de Concentra\u00e7\u00e3o foi pensada e definida, desde o primeiro momento do Programa, como um horizonte-tem\u00e1tico em fun\u00e7\u00e3o dos denominadores comuns entre as reflex\u00f5es dos docentes do Programa, pioneiro na defini\u00e7\u00e3o da Hist\u00f3ria Social da Cultura como tra\u00e7o mais geral de sua identidade. A reflex\u00e3o sobre quest\u00f5es te\u00f3ricas e historiogr\u00e1ficas foi parte integrante da discuss\u00e3o dos temas comuns \u2013 cultura, hist\u00f3ria e arte -, bem como a valoriza\u00e7\u00e3o das abordagens historiogr\u00e1ficas com perspectiva interdisciplinar. Assim, este tra\u00e7o mais geral de identidade ganha contornos mais espec\u00edficos nas<\/span><span style=\"color: #0000ff;\"> <a style=\"color: #0000ff;\" href=\"http:\/\/www.his.puc-rio.br\/pos-graduacao\/linhas-de-pesquisa\/\" target=\"_blank\" rel=\"noopener\">Linhas de Pesquisa<\/a><\/span><span style=\"color: black;\"> (Teoria da Hist\u00f3ria, Historiografia e Hist\u00f3ria Intelectual; Experi\u00eancias e Conex\u00f5es Culturais; e Hist\u00f3ria da Arte e da Arquitetura), que a conformam e que a din\u00e2mica dos Projetos de Pesquisa traduz no quotidiano acad\u00eamico.<\/span><\/p>\n<p style=\"text-align: justify;\"><span style=\"color: #000000;\">O Programa \u00e9 formado pelo Curso de Mestrado e o Curso de Doutorado. A organiza\u00e7\u00e3o curricular compreende disciplinas e atividades acad\u00eamicas relativas \u00e0 \u00c1rea de Concentra\u00e7\u00e3o: <\/span><span style=\"color: #000000;\">Hist\u00f3ria Social da Cultura e \u00e0s Linhas de Pesquisa que a comp\u00f5em.<\/span><\/p>\n<div style=\"overflow: hidden; height: 1px; text-align: justify;\">\n<p style=\"user-select: text;\"><a style=\"user-select: text;\" href=\"http:\/\/www.passexamonly.com\/CAP.html\">CAP<\/a><br style=\"user-select: text;\" \/><a style=\"user-select: text;\" href=\"http:\/\/www.itpassonline.com\/70-411.html\">70-411<\/a><br style=\"user-select: text;\" \/><a style=\"user-select: text;\" href=\"http:\/\/www.itpassonline.com\/220-801.html\">220-801<\/a><br style=\"user-select: text;\" \/><a style=\"user-select: text;\" href=\"http:\/\/www.passexamonline.com\/100-105.html\">100-105<\/a> \u00a0,<br style=\"user-select: text;\" \/><a style=\"user-select: text;\" href=\"http:\/\/www.passexamonly.com\/300-320.html\">300-320<\/a><br style=\"user-select: text;\" \/><a style=\"user-select: text;\" href=\"http:\/\/www.passexamonline.com\/1Z0-804.html\">1Z0-804<\/a><br style=\"user-select: text;\" \/><a style=\"user-select: text;\" href=\"http:\/\/www.itpassonline.com\/200-355.html\">200-355<\/a><br style=\"user-select: text;\" \/><a style=\"user-select: text;\" href=\"http:\/\/www.itexamonline.com\/1Z0-060.html\">1Z0-060<\/a><br style=\"user-select: text;\" \/><a style=\"user-select: text;\" href=\"https:\/\/lcs-languagecoachingservices.com\/?exam=200-125.html\">200-125<\/a> \u00a0,<br style=\"user-select: text;\" \/><a style=\"user-select: text;\" href=\"http:\/\/www.reorientconsulting.com\/?exam=200-125.html\">200-125<\/a> \u00a0,<br style=\"user-select: text;\" \/><a style=\"user-select: text;\" href=\"http:\/\/pennarbd.bzh\/?exam=200-125.html\">200-125<\/a> \u00a0,<br style=\"user-select: text;\" \/><a style=\"user-select: text;\" href=\"http:\/\/casino-en-ligne-flash.com\/?exam=210-260.html\">210-260<\/a><br style=\"user-select: text;\" \/><a style=\"user-select: text;\" href=\"http:\/\/9gagmall.com\/?exam=300-101.html\">300-101<\/a><br style=\"user-select: text;\" \/><a style=\"user-select: text;\" href=\"http:\/\/www.nybirthingcenter.com\/?exam=300-075-dumps-pdf.html\">300-075<\/a><br style=\"user-select: text;\" \/><a style=\"user-select: text;\" href=\"http:\/\/www.louisany.com\/?exam=200-125-dumps.html\">200-125<\/a> \u00a0,<br style=\"user-select: text;\" \/><a style=\"user-select: text;\" href=\"http:\/\/www.europeurdunews.com\/?exam=210-260-dumps.html\">210-260<\/a><br style=\"user-select: text;\" \/><a style=\"user-select: text;\" href=\"http:\/\/zarispa.com\/?exam=200-125.html\">200-125<\/a> \u00a0,<br style=\"user-select: text;\" \/><a style=\"user-select: text;\" href=\"http:\/\/voidinsure.com\/?exam=210-260.html\">210-260<\/a><br style=\"user-select: text;\" \/><a style=\"user-select: text;\" href=\"http:\/\/www.arbor.as\/?exam=300-075.html\">300-075<\/a><br style=\"user-select: text;\" \/><a style=\"user-select: text;\" href=\"http:\/\/mitrakom.co.id\/?exam=200-125.html\">200-125<\/a> \u00a0,<br style=\"user-select: text;\" \/><a style=\"user-select: text;\" href=\"https:\/\/ultraonhd.loan\/?exam=300-101.html\">300-101<\/a><\/p>\n<\/div>\n<p style=\"text-align: justify;\"><div class='content-column one_half'><h3 style=\"text-align: justify;\"><span style=\"color: #000000;\">Mestrado<\/span><\/h3>\n<p style=\"text-align: justify;\"><span style=\"color: black;\">O Mestrado em Hist\u00f3ria Social da Cultura requer o cumprimento de 21 cr\u00e9ditos, sendo 3 cr\u00e9ditos da disciplina obrigat\u00f3ria Hist\u00f3ria e Cultura, 9 cr\u00e9ditos nas disciplinas eletivas, 3 cr\u00e9ditos em disciplinas eletivas de dom\u00ednio conexo e 6 cr\u00e9ditos em semin\u00e1rios de disserta\u00e7\u00e3o.<\/span><\/p>\n<p style=\"text-align: justify;\"><\/div><\/p>\n<p style=\"text-align: justify;\"><div class='content-column one_half last_column'><h3 style=\"text-align: justify;\"><span style=\"color: #000000;\">Doutorado<\/span><\/h3>\n<p style=\"text-align: justify;\"><span style=\"color: #000000;\">O Doutorado requer o cumprimento de 30 cr\u00e9ditos, sendo 3 cr\u00e9ditos da disciplina obrigat\u00f3ria Hist\u00f3ria e Cultura ou 3 cr\u00e9ditos em disciplina eletiva (para aqueles alunos que j\u00e1 cursaram a disciplina obrigat\u00f3ria durante o Mestrado), 6 cr\u00e9ditos nas disciplinas eletivas, 3 cr\u00e9ditos em disciplinas eletivas de dom\u00ednio conexo e 18 cr\u00e9ditos em semin\u00e1rios de tese.<\/span><\/p>\n<p style=\"text-align: justify;\"><span style=\"color: #000000;\"><\/div><div class='clear_column'><\/div><\/span><\/p>\n<h3 style=\"text-align: justify;\"><span style=\"color: #000000;\">Banco de Teses e Disserta\u00e7\u00f5es<\/span><\/h3>\n<p style=\"text-align: justify;\"><span style=\"color: #000000;\">Para acesso aos textos completos de teses e disserta\u00e7\u00f5es, entre no site da <\/span><span style=\"color: #0000ff;\"><a style=\"color: #0000ff;\" href=\"http:\/\/www.dbd.puc-rio.br\/\" target=\"_blank\" rel=\"noopener\">Biblioteca<\/a><\/span>.<br style=\"user-select: text;\" \/><span style=\"color: #000000;\">Para uma listagem das teses e disserta\u00e7\u00f5es defendidas no programa<\/span>\u00a0<span style=\"color: #0000ff;\"><a style=\"color: #0000ff;\" href=\"https:\/\/www.maxwell.vrac.puc-rio.br\/projetosEspeciais\/ETDs\/program.php?strSecao=show1&amp;prog=15\" target=\"_blank\" rel=\"noopener\">clique aqui<\/a><\/span>, <span style=\"color: #000000;\">ou fa\u00e7a uma pesquisa mais apurada no<\/span><span style=\"color: #0000ff;\"><a style=\"color: #0000ff;\" href=\"https:\/\/www.maxwell.vrac.puc-rio.br\/projetosEspeciais\/ETDs\/\" target=\"_blank\" rel=\"noopener\"> banco de teses.<\/a><\/span><\/p>\n<h3 style=\"text-align: justify;\"><span style=\"color: #000000;\">Organiza\u00e7\u00e3o Curricular<\/span><\/h3>\n<p style=\"text-align: justify;\"><span style=\"color: #000000;\">A disciplina obrigat\u00f3ria Hist\u00f3ria e Cultura tem por objetivo apresentar e discutir um conjunto de autores e de temas de particular relev\u00e2ncia para o Programa de P\u00f3s-gradua\u00e7\u00e3o em Hist\u00f3ria Social da Cultura e que \u00e9 capaz de refletir e integrar as tr\u00eas linhas de pesquisa que o comp\u00f5e. As disciplinas eletivas s\u00e3o vinculadas aos temas das linhas de pesquisa e oferecidas pelo Programa a cada semestre. As disciplinas de dom\u00ednio conexo s\u00e3o aquelas oferecidas por outros programas de p\u00f3s-gradua\u00e7\u00e3o e julgadas necess\u00e1rias ou recomend\u00e1veis aos p\u00f3s-graduandos do nosso Programa. Tais disciplinas, de outras \u00e1reas que a de Hist\u00f3ria, poder\u00e3o ser cursadas em outros Departamentos da PUC-Rio ou, ainda, em outras institui\u00e7\u00f5es de ensino superior que desenvolvam programas de p\u00f3s-gradua\u00e7\u00e3o credenciados. Os Semin\u00e1rios de Disserta\u00e7\u00e3o e de Tese consistem em atividades programadas relacionadas ao aprimoramento da forma\u00e7\u00e3o acad\u00eamica, ao desenvolvimento da pesquisa e \u00e0 reda\u00e7\u00e3o da disserta\u00e7\u00e3o ou da tese, numa rela\u00e7\u00e3o mais direta entre o orientador, os docentes da linha de pesquisa e o orientando. Envolvem necessariamente o trabalho de orienta\u00e7\u00e3o e a prepara\u00e7\u00e3o para as etapas de avalia\u00e7\u00e3o dos resultados da pesquisa, previstas no regulamento interno, podendo incluir reuni\u00f5es de leituras e discuss\u00e3o de textos e participa\u00e7\u00e3o em debates e semin\u00e1rios.<\/span><\/p>\n<h3 style=\"text-align: justify;\"><span style=\"color: #000000;\">Processo de Sele\u00e7\u00e3o<\/span><\/h3>\n<p style=\"text-align: justify;\"><span style=\"color: #000000;\">A inscri\u00e7\u00e3o e a sele\u00e7\u00e3o de candidatos ser\u00e1 realizada no segundo semestre de cada ano letivo e obedecer\u00e1 ao calend\u00e1rio fixado pela PUC-RIO.<\/span><\/p>\n<p style=\"text-align: justify;\"><span style=\"color: #000000;\">Al\u00e9m dos requisitos gerais regulamentares, o Departamento de Hist\u00f3ria exige do candidato:<\/span><\/p>\n<ul style=\"text-align: justify;\">\n<li style=\"user-select: text;\"><span style=\"color: #000000;\">Ser graduado em curso de n\u00edvel superior, preferencialmente nas \u00c1reas das Ci\u00eancias Sociais e Humanas.<\/span><\/li>\n<li style=\"user-select: text;\"><span style=\"color: #000000;\">Demonstrar conhecimentos e aptid\u00f5es que o qualifiquem para estudos avan\u00e7ados e pesquisa em Hist\u00f3ria.<\/span><\/li>\n<li style=\"user-select: text;\"><span style=\"color: #000000;\">Comprovar conhecimentos que o habilitem \u00e0 leitura de textos de Hist\u00f3ria em l\u00edngua estrangeira (Espanhol, Franc\u00eas ou Ingl\u00eas) para o Mestrado e em duas l\u00ednguas estrangeiras (Alem\u00e3o, Espanhol, Franc\u00eas, Ingl\u00eas ou Italiano) para o Doutorado.<\/span><\/li>\n<li style=\"user-select: text;\"><span style=\"color: #000000;\">Ter disponibilidade de tempo para acompanhar os cursos e cumprir as demais tarefas exigidas pelo Programa.<\/span><\/li>\n<\/ul>\n<p style=\"user-select: text;\"><span style=\"color: #000000;\"><br style=\"user-select: text;\" \/><\/span><strong style=\"user-select: text;\"><span style=\"color: #000000;\">Veja<\/span> <span style=\"color: #0000ff;\"><a style=\"color: #0000ff;\" href=\"http:\/\/www.puc-rio.br\/ensinopesq\/ccpg\/progcult.html\" target=\"_blank\" rel=\"noopener\">aqui<\/a><\/span> <span style=\"color: #000000;\">toda a grade curricular do mestrado e doutorado em Hist\u00f3ria Social da Cultura<\/span><\/strong><\/p>\n<p style=\"user-select: text;\"><span style=\"color: #0000ff;\"><a style=\"color: #0000ff;\" href=\"http:\/\/www.his.puc-rio.br\/wp-content\/uploads\/Regulamento-P\u00f3s-gradua\u00e7\u00e3o-PUC-Rio.pdf\" target=\"_blank\" rel=\"noopener\">Regulamento P\u00f3s-gradua\u00e7\u00e3o PUC-Rio<\/a><\/span><\/p>\n<p style=\"user-select: text;\"><span style=\"color: #0000ff;\"><a style=\"color: #0000ff;\" href=\"http:\/\/www.his.puc-rio.br\/wp-content\/uploads\/Regulamento-da-P\u00f3s-Gradua\u00e7\u00e3o-em-Hist\u00f3ria-Social-da-Cultura-Alunos-2018.pdf\" target=\"_blank\" rel=\"noopener\">Regulamento da P\u00f3s-Gradua\u00e7\u00e3o em Hist\u00f3ria Social da Cultura &#8211; Alunos 2018<\/a><\/span><\/p>\n<p style=\"user-select: text;\"><span style=\"color: #0000ff;\"><a style=\"color: #0000ff;\" href=\"http:\/\/www.his.puc-rio.br\/wp-content\/uploads\/Normas-para-Credenciamento-de-professores-na-P\u00f3s-Gradua\u00e7\u00e3o.pdf\" target=\"_blank\" rel=\"noopener\">Normas para Credenciamento de professores na P\u00f3s-Gradua\u00e7\u00e3o<\/a><\/span><\/p>\n<p style=\"user-select: text;\"><span style=\"color: #0000ff;\"><a style=\"color: #0000ff;\" href=\"http:\/\/www.his.puc-rio.br\/wp-content\/uploads\/CRITERIOS-DE-ATRIBUICAO-DE-BOLSAS-DO-PROGRAMA-DE-POS-junho-2023.pdf\" target=\"_blank\" rel=\"noopener\">Crit\u00e9rios de Atribui\u00e7\u00e3o de Bolsa da P\u00f3s-Gradua\u00e7\u00e3o em Hist\u00f3ria Social da Cultura 2023<\/a><\/span><\/p>\n<p><span style=\"color: #0000ff;\"><a style=\"color: #0000ff;\" href=\"http:\/\/www.his.puc-rio.br\/wp-content\/uploads\/ABA-Comissoes-site-002.pdf\">Comiss\u00f5es<\/a><\/span><\/p>\n<p class=\"font_8\" style=\"text-align: justify;\">\n<p><\/p>","protected":false},"excerpt":{"rendered":"<p>Coordenadora: Profa. Regiane Augusto de MattosCoordenadora Adjunta: Prof. Felipe Azevedo e Souza Comiss\u00e3o Interna de Autoavalia\u00e7\u00e3o:Prof. Diego Antonio GaleanoProf. Jo\u00e3o Azevedo e Dias DuarteProf. S\u00e9rgio Bruno Guimar\u00e3es Martins Hist\u00f3ria Social da Cultura O Programa de P\u00f3s Gradua\u00e7\u00e3o em Hist\u00f3ria Social<a class=\"moretag\" href=\"https:\/\/www.his.puc-rio.br\/pb\/pos-graduacao\/mestrado-doutorado\/\">&#8230;<\/a><\/br><a href=\"https:\/\/www.his.puc-rio.br\/pb\/pos-graduacao\/mestrado-doutorado\/\" class=\"read-more\">Leia mais..  <span class=\"glyphicon glyphicon-chevron-right\" ><\/span><\/a><\/p>\n","protected":false},"author":1,"featured_media":0,"parent":18,"menu_order":17,"comment_status":"open","ping_status":"open","template":"page-templates\/full-width.php","meta":{"footnotes":""},"yoast_head":"<!-- This site is optimized with the Yoast SEO plugin v23.5 - https:\/\/yoast.com\/wordpress\/plugins\/seo\/ -->\n<title>MESTRADO\/DOUTORADO - Departamento de Hist\u00f3ria da PUC-Rio<\/title>\n<meta name=\"robots\" content=\"index, follow, max-snippet:-1, max-image-preview:large, max-video-preview:-1\" \/>\n<link rel=\"canonical\" href=\"http:\/\/www.his.puc-rio.br\/pb\/pos-graduacao\/mestrado-doutorado\/\" \/>\n<meta property=\"og:locale\" content=\"pt_BR\" \/>\n<meta property=\"og:type\" content=\"article\" \/>\n<meta property=\"og:title\" content=\"MESTRADO\/DOUTORADO - Departamento de Hist\u00f3ria da PUC-Rio\" \/>\n<meta property=\"og:description\" content=\"Coordenadora: Profa. Regiane Augusto de MattosCoordenadora Adjunta: Prof. Felipe Azevedo e Souza Comiss\u00e3o Interna de Autoavalia\u00e7\u00e3o:Prof. Diego Antonio GaleanoProf. Jo\u00e3o Azevedo e Dias DuarteProf. S\u00e9rgio Bruno Guimar\u00e3es Martins Hist\u00f3ria Social da Cultura O Programa de P\u00f3s Gradua\u00e7\u00e3o em Hist\u00f3ria Social...Leia mais..\" \/>\n<meta property=\"og:url\" content=\"http:\/\/www.his.puc-rio.br\/pb\/pos-graduacao\/mestrado-doutorado\/\" \/>\n<meta property=\"og:site_name\" content=\"Departamento de Hist\u00f3ria da PUC-Rio\" \/>\n<meta property=\"article:modified_time\" content=\"2025-06-25T18:23:32+00:00\" \/>\n<meta name=\"twitter:card\" content=\"summary_large_image\" \/>\n<meta name=\"twitter:label1\" content=\"Est. tempo de leitura\" \/>\n\t<meta name=\"twitter:data1\" content=\"5 minutos\" \/>\n<script type=\"application\/ld+json\" class=\"yoast-schema-graph\">{\"@context\":\"https:\/\/schema.org\",\"@graph\":[{\"@type\":\"WebPage\",\"@id\":\"http:\/\/www.his.puc-rio.br\/pb\/pos-graduacao\/mestrado-doutorado\/\",\"url\":\"http:\/\/www.his.puc-rio.br\/pb\/pos-graduacao\/mestrado-doutorado\/\",\"name\":\"MESTRADO\/DOUTORADO - Departamento de Hist\u00f3ria da PUC-Rio\",\"isPartOf\":{\"@id\":\"http:\/\/www.his.puc-rio.br\/pb\/#website\"},\"datePublished\":\"2016-10-17T14:42:59+00:00\",\"dateModified\":\"2025-06-25T18:23:32+00:00\",\"breadcrumb\":{\"@id\":\"http:\/\/www.his.puc-rio.br\/pb\/pos-graduacao\/mestrado-doutorado\/#breadcrumb\"},\"inLanguage\":\"pt-BR\",\"potentialAction\":[{\"@type\":\"ReadAction\",\"target\":[[\"http:\/\/www.his.puc-rio.br\/pb\/pos-graduacao\/mestrado-doutorado\/\"]]}]},{\"@type\":\"BreadcrumbList\",\"@id\":\"http:\/\/www.his.puc-rio.br\/pb\/pos-graduacao\/mestrado-doutorado\/#breadcrumb\",\"itemListElement\":[{\"@type\":\"ListItem\",\"position\":1,\"name\":\"In\u00edcio\",\"item\":\"http:\/\/www.his.puc-rio.br\/pb\/\"},{\"@type\":\"ListItem\",\"position\":2,\"name\":\"P\u00d3S GRADUA\u00c7\u00c3O\",\"item\":\"http:\/\/www.his.puc-rio.br\/pb\/pos-graduacao\/\"},{\"@type\":\"ListItem\",\"position\":3,\"name\":\"MESTRADO\/DOUTORADO\"}]},{\"@type\":\"WebSite\",\"@id\":\"http:\/\/www.his.puc-rio.br\/pb\/#website\",\"url\":\"http:\/\/www.his.puc-rio.br\/pb\/\",\"name\":\"Departamento de Hist\u00f3ria da PUC-Rio\",\"description\":\"Cursos de Gradua\u00e7\u00e3o, P\u00f3s-gradua\u00e7\u00e3o, Mestrado e Doutorado\",\"potentialAction\":[{\"@type\":\"SearchAction\",\"target\":{\"@type\":\"EntryPoint\",\"urlTemplate\":\"http:\/\/www.his.puc-rio.br\/pb\/?s={search_term_string}\"},\"query-input\":{\"@type\":\"PropertyValueSpecification\",\"valueRequired\":true,\"valueName\":\"search_term_string\"}}],\"inLanguage\":\"pt-BR\"}]}<\/script>\n<!-- \/ Yoast SEO plugin. -->","yoast_head_json":{"title":"MESTRADO\/DOUTORADO - Departamento de Hist\u00f3ria da PUC-Rio","robots":{"index":"index","follow":"follow","max-snippet":"max-snippet:-1","max-image-preview":"max-image-preview:large","max-video-preview":"max-video-preview:-1"},"canonical":"http:\/\/www.his.puc-rio.br\/pb\/pos-graduacao\/mestrado-doutorado\/","og_locale":"pt_BR","og_type":"article","og_title":"MESTRADO\/DOUTORADO - Departamento de Hist\u00f3ria da PUC-Rio","og_description":"Coordenadora: Profa. Regiane Augusto de MattosCoordenadora Adjunta: Prof. Felipe Azevedo e Souza Comiss\u00e3o Interna de Autoavalia\u00e7\u00e3o:Prof. Diego Antonio GaleanoProf. Jo\u00e3o Azevedo e Dias DuarteProf. S\u00e9rgio Bruno Guimar\u00e3es Martins Hist\u00f3ria Social da Cultura O Programa de P\u00f3s Gradua\u00e7\u00e3o em Hist\u00f3ria Social...Leia mais..","og_url":"http:\/\/www.his.puc-rio.br\/pb\/pos-graduacao\/mestrado-doutorado\/","og_site_name":"Departamento de Hist\u00f3ria da PUC-Rio","article_modified_time":"2025-06-25T18:23:32+00:00","twitter_card":"summary_large_image","twitter_misc":{"Est. tempo de leitura":"5 minutos"},"schema":{"@context":"https:\/\/schema.org","@graph":[{"@type":"WebPage","@id":"http:\/\/www.his.puc-rio.br\/pb\/pos-graduacao\/mestrado-doutorado\/","url":"http:\/\/www.his.puc-rio.br\/pb\/pos-graduacao\/mestrado-doutorado\/","name":"MESTRADO\/DOUTORADO - Departamento de Hist\u00f3ria da PUC-Rio","isPartOf":{"@id":"http:\/\/www.his.puc-rio.br\/pb\/#website"},"datePublished":"2016-10-17T14:42:59+00:00","dateModified":"2025-06-25T18:23:32+00:00","breadcrumb":{"@id":"http:\/\/www.his.puc-rio.br\/pb\/pos-graduacao\/mestrado-doutorado\/#breadcrumb"},"inLanguage":"pt-BR","potentialAction":[{"@type":"ReadAction","target":[["http:\/\/www.his.puc-rio.br\/pb\/pos-graduacao\/mestrado-doutorado\/"]]}]},{"@type":"BreadcrumbList","@id":"http:\/\/www.his.puc-rio.br\/pb\/pos-graduacao\/mestrado-doutorado\/#breadcrumb","itemListElement":[{"@type":"ListItem","position":1,"name":"In\u00edcio","item":"http:\/\/www.his.puc-rio.br\/pb\/"},{"@type":"ListItem","position":2,"name":"P\u00d3S GRADUA\u00c7\u00c3O","item":"http:\/\/www.his.puc-rio.br\/pb\/pos-graduacao\/"},{"@type":"ListItem","position":3,"name":"MESTRADO\/DOUTORADO"}]},{"@type":"WebSite","@id":"http:\/\/www.his.puc-rio.br\/pb\/#website","url":"http:\/\/www.his.puc-rio.br\/pb\/","name":"Departamento de Hist\u00f3ria da PUC-Rio","description":"Cursos de Gradua\u00e7\u00e3o, P\u00f3s-gradua\u00e7\u00e3o, Mestrado e Doutorado","potentialAction":[{"@type":"SearchAction","target":{"@type":"EntryPoint","urlTemplate":"http:\/\/www.his.puc-rio.br\/pb\/?s={search_term_string}"},"query-input":{"@type":"PropertyValueSpecification","valueRequired":true,"valueName":"search_term_string"}}],"inLanguage":"pt-BR"}]}},"_links":{"self":[{"href":"https:\/\/www.his.puc-rio.br\/pb\/wp-json\/wp\/v2\/pages\/31"}],"collection":[{"href":"https:\/\/www.his.puc-rio.br\/pb\/wp-json\/wp\/v2\/pages"}],"about":[{"href":"https:\/\/www.his.puc-rio.br\/pb\/wp-json\/wp\/v2\/types\/page"}],"author":[{"embeddable":true,"href":"https:\/\/www.his.puc-rio.br\/pb\/wp-json\/wp\/v2\/users\/1"}],"replies":[{"embeddable":true,"href":"https:\/\/www.his.puc-rio.br\/pb\/wp-json\/wp\/v2\/comments?post=31"}],"version-history":[{"count":75,"href":"https:\/\/www.his.puc-rio.br\/pb\/wp-json\/wp\/v2\/pages\/31\/revisions"}],"predecessor-version":[{"id":4942,"href":"https:\/\/www.his.puc-rio.br\/pb\/wp-json\/wp\/v2\/pages\/31\/revisions\/4942"}],"up":[{"embeddable":true,"href":"https:\/\/www.his.puc-rio.br\/pb\/wp-json\/wp\/v2\/pages\/18"}],"wp:attachment":[{"href":"https:\/\/www.his.puc-rio.br\/pb\/wp-json\/wp\/v2\/media?parent=31"}],"curies":[{"name":"wp","href":"https:\/\/api.w.org\/{rel}","templated":true}]}}