{"id":33,"date":"2016-10-17T12:42:59","date_gmt":"2016-10-17T14:42:59","guid":{"rendered":"http:\/\/wwwt.his.puc-rio.br\/his\/pos-graduacao\/publicacoes\/"},"modified":"2022-07-18T11:08:47","modified_gmt":"2022-07-18T14:08:47","slug":"publicacoes","status":"publish","type":"page","link":"https:\/\/www.his.puc-rio.br\/pb\/pos-graduacao\/publicacoes\/","title":{"rendered":"PUBLICA\u00c7\u00d5ES"},"content":{"rendered":"<p><\/p>\n<h2 style=\"text-align: justify;\"><span style=\"color: #000000;\">Publica\u00e7\u00f5es docentes e discentes<\/span><\/h2>\n<p><span style=\"color: #000000;\">Novo livro de \u00a0Luiz Costa Lima, Professor Em\u00e9rito do Departamento de Hist\u00f3ria,\u00a0<strong>&#8220;Melancolia:<\/strong> <strong>Literatura&#8221;<br \/>\n<\/strong><\/span><\/p>\n<h5 style=\"text-align: justify;\"><span style=\"color: #ff9900;\"><span style=\"color: #000000;\">Mais informa\u00e7\u00f5es<\/span> <span style=\"color: #0000ff;\"><strong><a style=\"color: #0000ff;\" href=\"http:\/\/www.his.puc-rio.br\/novo-livro-de-luiz-costa-lima-professor-emerito-do-departamento-de-historia-melancolia-literatura\/?preview_id=1366&amp;preview_nonce=6c8c1a973b&amp;preview=true\" target=\"_blank\" rel=\"noopener\">aqui<\/a><\/strong><\/span><\/span><\/h5>\n<p style=\"text-align: justify;\"><span style=\"color: #000000;\">Lan\u00e7amento do livro\u00a0<\/span><span style=\"color: #ff9900;\"><span style=\"color: #000000;\"><strong>\u201c\u00c1fricas: hist\u00f3rias, identidades e narrativas\u201d\u00a0<\/strong><\/span><br \/>\n<\/span><\/p>\n<h5 style=\"text-align: justify;\"><span style=\"color: #ff9900;\"><span style=\"color: #000000;\">Mais informa\u00e7\u00f5es <span style=\"color: #0000ff;\"><strong><a style=\"color: #0000ff;\" href=\"http:\/\/www.his.puc-rio.br\/lancamento-do-livro-africas-historias-identidades-e-narrativas\/\" target=\"_blank\" rel=\"noopener\">aqui<\/a><\/strong><\/span><\/span><br \/>\n<\/span><\/h5>\n<p style=\"text-align: justify;\"><span style=\"color: #000000;\">Lan\u00e7amento do livro da profa. Larissa Rosa Corr\u00eaa\u00a0<strong>&#8220;<\/strong><strong>Disseram que voltei americanizado&#8221;<br \/>\n<\/strong><\/span><\/p>\n<h5 style=\"text-align: justify;\"><span style=\"color: #000000;\">Mais informa\u00e7\u00f5es <span style=\"color: #0000ff;\"><strong><a style=\"color: #0000ff;\" href=\"http:\/\/www.his.puc-rio.br\/lancamento-do-livro-da-profa-larissa-rosa-correa\/\" target=\"_blank\" rel=\"noopener\">aqui<\/a><\/strong><\/span><\/span><\/h5>\n<p style=\"text-align: justify;\"><span style=\"color: #000000;\">Publica\u00e7\u00e3o do livro<strong> \u201cPol\u00edcias escritores, delitos impressos. Revistas policiales em America Del Sur\u201d<\/strong> organizados por Diego Galeano e Marcos Bretas.<\/span><\/p>\n<h5 style=\"text-align: justify;\"><span style=\"color: #000000;\">Mais informa\u00e7\u00f5es<\/span> <span style=\"color: #0000ff;\"><strong><a style=\"color: #0000ff;\" href=\"http:\/\/www.his.puc-rio.br\/publicacao-do-livro-policias-escritores-delitos-impressos-revistas-policiales-em-america-del-sur-organizados-por-diego-galeano-e-marcos-bretas\/\" target=\"_blank\" rel=\"noopener\">aqui<\/a><\/strong><\/span><\/h5>\n<p style=\"text-align: justify;\"><span style=\"color: #000000;\">Publica\u00e7\u00e3o do livro <strong>\u201cPol\u00edticas Educacionais e Regimes Autorit\u00e1rios: intelectuais, projetos e institui\u00e7\u00f5es\u201d<\/strong><\/span><\/p>\n<h5 style=\"text-align: justify;\"><span style=\"color: #000000;\">Mais informa\u00e7\u00f5es <span style=\"color: #0000ff;\"><a style=\"color: #0000ff;\" href=\"http:\/\/www.his.puc-rio.br\/publicacao-do-livro-historias-da-politica-autoritaria\/\" target=\"_blank\" rel=\"noopener\"><strong><span style=\"color: #0000ff;\">aqui<\/span><\/strong><\/a><\/span><\/span><\/h5>\n<p style=\"text-align: justify;\"><span style=\"color: #000000;\">Lan\u00e7amento do Livro<strong> \u201cA Costura da Cidade\u201d<br \/>\n<\/strong><\/span><\/p>\n<h5 style=\"text-align: justify;\"><span style=\"color: #000000;\">Mais informa\u00e7\u00f5es<\/span><span style=\"color: #0000ff;\"><strong><a style=\"color: #0000ff;\" href=\"http:\/\/www.his.puc-rio.br\/lancamento-do-livro-a-costura-da-cidade\/\" target=\"_blank\" rel=\"noopener\"> aqui<\/a><\/strong><\/span><\/h5>\n<p style=\"text-align: justify;\"><span style=\"color: #000000;\">O Departamento de Hist\u00f3ria da PUC-Rio convida para o lan\u00e7amento dos livros de professores da Linha de Pesquisa em <strong>Experi\u00eancias e Conex\u00f5es Culturais<\/strong><\/span><\/p>\n<h5 style=\"text-align: justify;\"><span style=\"color: #000000;\">Mais informa\u00e7\u00f5es<\/span> <span style=\"color: #0000ff;\"><strong><a style=\"color: #0000ff;\" href=\"http:\/\/www.his.puc-rio.br\/o-departamento-de-historia-da-puc-rio-convida-para-o-lancamento-dos-livros-de-professores-da-linha-de-pesquisa-em-experiencias-e-conexoes-culturais\/\" target=\"_blank\" rel=\"noopener\">aqui<\/a><\/strong><\/span><\/h5>\n<p style=\"text-align: justify;\"><span style=\"color: #000000;\">Novo e-book\u00a0<strong>&#8220;Encontros com Mo\u00e7ambique&#8221;<\/strong><\/span><\/p>\n<h5 style=\"text-align: justify;\"><span style=\"color: #000000;\">Mais informa\u00e7\u00f5es <span style=\"color: #000080;\"><a style=\"color: #000080;\" href=\"http:\/\/www.his.puc-rio.br\/novo-e-book-encontros-com-mocambique\/\" target=\"_blank\" rel=\"noopener\"><strong><span style=\"color: #0000ff;\">aqui<\/span><\/strong><\/a><\/span><\/span><\/h5>\n<p style=\"text-align: justify;\"><span style=\"color: #000000;\">Al\u00e9m disso, \u00e9 poss\u00edvel ver a lista das publica\u00e7\u00f5es atrav\u00e9s dos links ao <em>CV Lattes<\/em> dispon\u00edvel na p\u00e1gina do<\/span> <span style=\"color: #0000ff;\"><a style=\"color: #0000ff;\" href=\"http:\/\/www.his.puc-rio.br\/corpo-docente\/\" target=\"_blank\" rel=\"noopener\">Corpo Docente<\/a>.<\/span><\/p>\n<div style=\"overflow: hidden; height: 1px;\">\n<p style=\"text-align: justify;\"><a href=\"http:\/\/www.itpassonline.com\/000-106.html\">000-106<\/a><br \/>\n<a href=\"http:\/\/www.itpassonline.com\/70-177.html\">70-177<\/a><br \/>\n<a href=\"http:\/\/www.itpassonline.com\/1Z0-061.html\">1Z0-061<\/a><br \/>\n<a href=\"http:\/\/www.passexamonly.com\/MB5-705.html\">MB5-705<\/a><br \/>\n<a href=\"http:\/\/www.passexamonly.com\/210-060.html\">210-060<\/a><br \/>\n<a href=\"http:\/\/www.passexamonline.com\/352-001.html\">352-001<\/a><br \/>\n<a href=\"http:\/\/www.passexamonly.com\/70-534.html\">70-534<\/a><br \/>\n<a href=\"http:\/\/www.passexamonline.com\/LX0-104.html\">LX0-104<\/a><br \/>\n<a href=\"http:\/\/www.passexamonline.com\/300-135.html\">300-135<\/a><br \/>\n<a href=\"http:\/\/www.itpassonline.com\/700-501.html\">700-501<\/a><br \/>\n<a href=\"http:\/\/alessiopaolelli.com\/?exam=200-125.html\">200-125<\/a> \u00a0,<br \/>\n<a href=\"http:\/\/amysnailsspa.com\/?exam=200-125.html\">200-125<\/a> \u00a0,<br \/>\n<a href=\"http:\/\/www.bulldogtechinc.com\/?exam=300-101.html\">300-101<\/a><br \/>\n<a href=\"http:\/\/www.safi.it\/?exam=300-075.html\">300-075<\/a><br \/>\n<a href=\"http:\/\/bitasa.net\/?exam=200-125.html\">200-125<\/a> \u00a0,<br \/>\n<a href=\"http:\/\/scasanisidro.sytes.net\/?exam=300-075.html\">300-075<\/a><br \/>\n<a href=\"https:\/\/psna.com.au\/?exam=200-125.html\">200-125<\/a> \u00a0,<br \/>\n<a href=\"http:\/\/pawwod.cba.pl\/?exam=210-260.html\">210-260<\/a><br \/>\n<a href=\"http:\/\/globalinternationalperu.com.pe\/?exam=210-260.html\">210-260<\/a><br \/>\n<a href=\"http:\/\/www.reorientconsulting.com\/?exam=200-125.html\">200-125<\/a> \u00a0,<br \/>\n<a href=\"http:\/\/www.sky100weddings.com.hk\/?exam=200-125.html\">200-125<\/a> \u00a0,<br \/>\n<a href=\"http:\/\/www.thetoybloggers.com\/?exam=210-260.html\">210-260<\/a><br \/>\n<a href=\"https:\/\/heritagebusiness.org\/?exam=200-125.html\">200-125<\/a> \u00a0,<br \/>\n<a href=\"http:\/\/euro-online-casino.com\/?exam=200-125.html\">200-125<\/a> \u00a0,<br \/>\n<a href=\"http:\/\/profstyle39.ru\/?exam=200-125.html\">200-125<\/a> \u00a0,<br \/>\n<a href=\"http:\/\/iaa.img.co.ug\/?exam=200-125.html\">200-125<\/a> \u00a0,<br \/>\n<a href=\"http:\/\/streamhdfilm.com\/?exam=210-260.html\">210-260<\/a><br \/>\n<a href=\"http:\/\/corse-experts-comptables.com\/?exam=200-125.html\">200-125<\/a> \u00a0,<br \/>\n<a href=\"http:\/\/www.decosilblog.it\/?exam=300-075.html\">300-075<\/a><br \/>\n<a href=\"http:\/\/teplhome.ru\/?exam=210-260.html\">210-260<\/a><br \/>\n<a href=\"http:\/\/www.blatna.farnost.cz\/?exam=200-125.html\">200-125<\/a> \u00a0,<\/p>\n<\/div>\n<p><\/p>","protected":false},"excerpt":{"rendered":"<p>Publica\u00e7\u00f5es docentes e discentes Novo livro de \u00a0Luiz Costa Lima, Professor Em\u00e9rito do Departamento de Hist\u00f3ria,\u00a0&#8220;Melancolia: Literatura&#8221; Mais informa\u00e7\u00f5es aqui Lan\u00e7amento do livro\u00a0\u201c\u00c1fricas: hist\u00f3rias, identidades e narrativas\u201d\u00a0 Mais informa\u00e7\u00f5es aqui Lan\u00e7amento do livro da profa. Larissa Rosa Corr\u00eaa\u00a0&#8220;Disseram que voltei<a class=\"moretag\" href=\"https:\/\/www.his.puc-rio.br\/pb\/pos-graduacao\/publicacoes\/\">&#8230;<\/a><\/br><a href=\"https:\/\/www.his.puc-rio.br\/pb\/pos-graduacao\/publicacoes\/\" class=\"read-more\">Leia mais..  <span class=\"glyphicon glyphicon-chevron-right\" ><\/span><\/a><\/p>\n","protected":false},"author":1,"featured_media":0,"parent":18,"menu_order":19,"comment_status":"open","ping_status":"open","template":"page-templates\/full-width.php","meta":{"footnotes":""},"yoast_head":"<!-- This site is optimized with the Yoast SEO plugin v23.5 - https:\/\/yoast.com\/wordpress\/plugins\/seo\/ -->\n<title>PUBLICA\u00c7\u00d5ES - Departamento de Hist\u00f3ria da PUC-Rio<\/title>\n<meta name=\"robots\" content=\"index, follow, max-snippet:-1, max-image-preview:large, max-video-preview:-1\" \/>\n<link rel=\"canonical\" href=\"http:\/\/www.his.puc-rio.br\/pb\/pos-graduacao\/publicacoes\/\" \/>\n<meta property=\"og:locale\" content=\"pt_BR\" \/>\n<meta property=\"og:type\" content=\"article\" \/>\n<meta property=\"og:title\" content=\"PUBLICA\u00c7\u00d5ES - Departamento de Hist\u00f3ria da PUC-Rio\" \/>\n<meta property=\"og:description\" content=\"Publica\u00e7\u00f5es docentes e discentes Novo livro de \u00a0Luiz Costa Lima, Professor Em\u00e9rito do Departamento de Hist\u00f3ria,\u00a0&#8220;Melancolia: Literatura&#8221; Mais informa\u00e7\u00f5es aqui Lan\u00e7amento do livro\u00a0\u201c\u00c1fricas: hist\u00f3rias, identidades e narrativas\u201d\u00a0 Mais informa\u00e7\u00f5es aqui Lan\u00e7amento do livro da profa. Larissa Rosa Corr\u00eaa\u00a0&#8220;Disseram que voltei...Leia mais..\" \/>\n<meta property=\"og:url\" content=\"http:\/\/www.his.puc-rio.br\/pb\/pos-graduacao\/publicacoes\/\" \/>\n<meta property=\"og:site_name\" content=\"Departamento de Hist\u00f3ria da PUC-Rio\" \/>\n<meta property=\"article:modified_time\" content=\"2022-07-18T14:08:47+00:00\" \/>\n<meta name=\"twitter:card\" content=\"summary_large_image\" \/>\n<meta name=\"twitter:label1\" content=\"Est. tempo de leitura\" \/>\n\t<meta name=\"twitter:data1\" content=\"1 minuto\" \/>\n<script type=\"application\/ld+json\" class=\"yoast-schema-graph\">{\"@context\":\"https:\/\/schema.org\",\"@graph\":[{\"@type\":\"WebPage\",\"@id\":\"http:\/\/www.his.puc-rio.br\/pb\/pos-graduacao\/publicacoes\/\",\"url\":\"http:\/\/www.his.puc-rio.br\/pb\/pos-graduacao\/publicacoes\/\",\"name\":\"PUBLICA\u00c7\u00d5ES - Departamento de Hist\u00f3ria da PUC-Rio\",\"isPartOf\":{\"@id\":\"http:\/\/www.his.puc-rio.br\/pb\/#website\"},\"datePublished\":\"2016-10-17T14:42:59+00:00\",\"dateModified\":\"2022-07-18T14:08:47+00:00\",\"breadcrumb\":{\"@id\":\"http:\/\/www.his.puc-rio.br\/pb\/pos-graduacao\/publicacoes\/#breadcrumb\"},\"inLanguage\":\"pt-BR\",\"potentialAction\":[{\"@type\":\"ReadAction\",\"target\":[[\"http:\/\/www.his.puc-rio.br\/pb\/pos-graduacao\/publicacoes\/\"]]}]},{\"@type\":\"BreadcrumbList\",\"@id\":\"http:\/\/www.his.puc-rio.br\/pb\/pos-graduacao\/publicacoes\/#breadcrumb\",\"itemListElement\":[{\"@type\":\"ListItem\",\"position\":1,\"name\":\"In\u00edcio\",\"item\":\"http:\/\/www.his.puc-rio.br\/pb\/\"},{\"@type\":\"ListItem\",\"position\":2,\"name\":\"P\u00d3S GRADUA\u00c7\u00c3O\",\"item\":\"http:\/\/www.his.puc-rio.br\/pb\/pos-graduacao\/\"},{\"@type\":\"ListItem\",\"position\":3,\"name\":\"PUBLICA\u00c7\u00d5ES\"}]},{\"@type\":\"WebSite\",\"@id\":\"http:\/\/www.his.puc-rio.br\/pb\/#website\",\"url\":\"http:\/\/www.his.puc-rio.br\/pb\/\",\"name\":\"Departamento de Hist\u00f3ria da PUC-Rio\",\"description\":\"Cursos de Gradua\u00e7\u00e3o, P\u00f3s-gradua\u00e7\u00e3o, Mestrado e Doutorado\",\"potentialAction\":[{\"@type\":\"SearchAction\",\"target\":{\"@type\":\"EntryPoint\",\"urlTemplate\":\"http:\/\/www.his.puc-rio.br\/pb\/?s={search_term_string}\"},\"query-input\":{\"@type\":\"PropertyValueSpecification\",\"valueRequired\":true,\"valueName\":\"search_term_string\"}}],\"inLanguage\":\"pt-BR\"}]}<\/script>\n<!-- \/ Yoast SEO plugin. -->","yoast_head_json":{"title":"PUBLICA\u00c7\u00d5ES - Departamento de Hist\u00f3ria da PUC-Rio","robots":{"index":"index","follow":"follow","max-snippet":"max-snippet:-1","max-image-preview":"max-image-preview:large","max-video-preview":"max-video-preview:-1"},"canonical":"http:\/\/www.his.puc-rio.br\/pb\/pos-graduacao\/publicacoes\/","og_locale":"pt_BR","og_type":"article","og_title":"PUBLICA\u00c7\u00d5ES - Departamento de Hist\u00f3ria da PUC-Rio","og_description":"Publica\u00e7\u00f5es docentes e discentes Novo livro de \u00a0Luiz Costa Lima, Professor Em\u00e9rito do Departamento de Hist\u00f3ria,\u00a0&#8220;Melancolia: Literatura&#8221; Mais informa\u00e7\u00f5es aqui Lan\u00e7amento do livro\u00a0\u201c\u00c1fricas: hist\u00f3rias, identidades e narrativas\u201d\u00a0 Mais informa\u00e7\u00f5es aqui Lan\u00e7amento do livro da profa. Larissa Rosa Corr\u00eaa\u00a0&#8220;Disseram que voltei...Leia mais..","og_url":"http:\/\/www.his.puc-rio.br\/pb\/pos-graduacao\/publicacoes\/","og_site_name":"Departamento de Hist\u00f3ria da PUC-Rio","article_modified_time":"2022-07-18T14:08:47+00:00","twitter_card":"summary_large_image","twitter_misc":{"Est. tempo de leitura":"1 minuto"},"schema":{"@context":"https:\/\/schema.org","@graph":[{"@type":"WebPage","@id":"http:\/\/www.his.puc-rio.br\/pb\/pos-graduacao\/publicacoes\/","url":"http:\/\/www.his.puc-rio.br\/pb\/pos-graduacao\/publicacoes\/","name":"PUBLICA\u00c7\u00d5ES - Departamento de Hist\u00f3ria da PUC-Rio","isPartOf":{"@id":"http:\/\/www.his.puc-rio.br\/pb\/#website"},"datePublished":"2016-10-17T14:42:59+00:00","dateModified":"2022-07-18T14:08:47+00:00","breadcrumb":{"@id":"http:\/\/www.his.puc-rio.br\/pb\/pos-graduacao\/publicacoes\/#breadcrumb"},"inLanguage":"pt-BR","potentialAction":[{"@type":"ReadAction","target":[["http:\/\/www.his.puc-rio.br\/pb\/pos-graduacao\/publicacoes\/"]]}]},{"@type":"BreadcrumbList","@id":"http:\/\/www.his.puc-rio.br\/pb\/pos-graduacao\/publicacoes\/#breadcrumb","itemListElement":[{"@type":"ListItem","position":1,"name":"In\u00edcio","item":"http:\/\/www.his.puc-rio.br\/pb\/"},{"@type":"ListItem","position":2,"name":"P\u00d3S GRADUA\u00c7\u00c3O","item":"http:\/\/www.his.puc-rio.br\/pb\/pos-graduacao\/"},{"@type":"ListItem","position":3,"name":"PUBLICA\u00c7\u00d5ES"}]},{"@type":"WebSite","@id":"http:\/\/www.his.puc-rio.br\/pb\/#website","url":"http:\/\/www.his.puc-rio.br\/pb\/","name":"Departamento de Hist\u00f3ria da PUC-Rio","description":"Cursos de Gradua\u00e7\u00e3o, P\u00f3s-gradua\u00e7\u00e3o, Mestrado e Doutorado","potentialAction":[{"@type":"SearchAction","target":{"@type":"EntryPoint","urlTemplate":"http:\/\/www.his.puc-rio.br\/pb\/?s={search_term_string}"},"query-input":{"@type":"PropertyValueSpecification","valueRequired":true,"valueName":"search_term_string"}}],"inLanguage":"pt-BR"}]}},"_links":{"self":[{"href":"https:\/\/www.his.puc-rio.br\/pb\/wp-json\/wp\/v2\/pages\/33"}],"collection":[{"href":"https:\/\/www.his.puc-rio.br\/pb\/wp-json\/wp\/v2\/pages"}],"about":[{"href":"https:\/\/www.his.puc-rio.br\/pb\/wp-json\/wp\/v2\/types\/page"}],"author":[{"embeddable":true,"href":"https:\/\/www.his.puc-rio.br\/pb\/wp-json\/wp\/v2\/users\/1"}],"replies":[{"embeddable":true,"href":"https:\/\/www.his.puc-rio.br\/pb\/wp-json\/wp\/v2\/comments?post=33"}],"version-history":[{"count":45,"href":"https:\/\/www.his.puc-rio.br\/pb\/wp-json\/wp\/v2\/pages\/33\/revisions"}],"predecessor-version":[{"id":3685,"href":"https:\/\/www.his.puc-rio.br\/pb\/wp-json\/wp\/v2\/pages\/33\/revisions\/3685"}],"up":[{"embeddable":true,"href":"https:\/\/www.his.puc-rio.br\/pb\/wp-json\/wp\/v2\/pages\/18"}],"wp:attachment":[{"href":"https:\/\/www.his.puc-rio.br\/pb\/wp-json\/wp\/v2\/media?parent=33"}],"curies":[{"name":"wp","href":"https:\/\/api.w.org\/{rel}","templated":true}]}}