{"id":36,"date":"2016-05-17T12:42:59","date_gmt":"2016-05-17T15:42:59","guid":{"rendered":"http:\/\/wwwt.his.puc-rio.br\/his\/pos-graduacao\/linhas-de-pesquisa\/"},"modified":"2025-06-10T10:10:51","modified_gmt":"2025-06-10T13:10:51","slug":"linhas-de-pesquisa","status":"publish","type":"page","link":"https:\/\/www.his.puc-rio.br\/pb\/pos-graduacao\/linhas-de-pesquisa\/","title":{"rendered":"LINHAS DE PESQUISA"},"content":{"rendered":"<p><\/p>\n<h2 style=\"text-align: justify;\"><span style=\"color: #000000;\">Linhas de Pesquisa<\/span><\/h2>\n<p>&nbsp;<\/p>\n<h4 style=\"text-align: justify;\"><span style=\"color: #000000; font-size: 1rem;\">Os Programas de mestrado e de doutorado t\u00eam por \u00e1rea de concentra\u00e7\u00e3o a Hist\u00f3ria Social da Cultura, e tr\u00eas linhas de pesquisa:<\/span><\/h4>\n<p>&nbsp;<\/p>\n<h3 style=\"text-align: justify;\"><span style=\"color: #000000;\"><strong>Linhas de pesquisa 1:\u00a0Teoria, Historiografia e Hist\u00f3ria Intelectual<\/strong><\/span><\/h3>\n<p>&nbsp;<\/p>\n<p style=\"text-align: justify;\"><span style=\"color: #000000;\">Esta linha de pesquisa tem por interesse, por um lado, dispensar um tratamento historiogr\u00e1fico \u00e0s quest\u00f5es vinculadas aos debates em Teoria da Hist\u00f3ria, o que nos permite analis\u00e1-la de uma perspectiva atenta ao seu car\u00e1ter n\u00e3o normativo, descont\u00ednuo e constru\u00eddo. Por outro, desenvolver uma Hist\u00f3ria Intelectual voltada ao exame de categorias \u2013 como \u201cexemplo\u201d e \u201cnarrativa\u201d \u2013, de protocolos intelectuais t\u00edpicos da tradi\u00e7\u00e3o historiogr\u00e1fica e de conceitos e discursos que constituem seus objetos mais espec\u00edficos. Assim sendo, esta linha de pesquisa incorpora as discuss\u00f5es te\u00f3ricas acerca da no\u00e7\u00e3o de cultura travadas no conjunto das ci\u00eancias humanas. <\/span><\/p>\n<p style=\"text-align: justify;\"><span style=\"color: #000000;\">Os docentes que comp\u00f5em esta linha s\u00e3o<strong>: <\/strong>Eduardo Wright Cardoso, Henrique Estrada, Jo\u00e3o de Azevedo e Dias Duarte, Marcelo Jasmin, Maria Elisa Noronha de S\u00e1 e Maur\u00edcio Parada.<\/span><\/p>\n<p>&nbsp;<\/p>\n<p>&nbsp;<\/p>\n<h3 style=\"text-align: justify;\"><span style=\"color: #000000;\"><strong>Linhas de pesquisa 2:\u00a0Experi\u00eancias e Conex\u00f5es Culturais<\/strong><\/span><\/h3>\n<p>&nbsp;<\/p>\n<p style=\"text-align: justify;\"><span style=\"color: #000000;\">Esta linha de pesquisa tem por foco pesquisar costumes, ideias e cren\u00e7as compartilhadas por diferentes sujeitos e grupos, em seus processos de comunica\u00e7\u00e3o, troca e conex\u00e3o cultural. No rastro das possibilidades abertas pelas abordagens transnacionais, comparadas e conectadas, assim como da cr\u00edtica \u00e0 suposta totalidade compreendida no conceito de cultura, re\u00fane estudos que desnaturalizam e problematizam as m\u00faltiplas identidades forjadas a partir dele. Atrav\u00e9s do cont\u00ednuo di\u00e1logo com as demais ci\u00eancias humanas e sociais, notadamente a Antropologia, a Geografia, os Estudos da Linguagem e a Educa\u00e7\u00e3o, prop\u00f5e-se a refletir sobre as vari\u00e1veis dos processos de constru\u00e7\u00e3o de identidades e alteridades. Para isso privilegia-se a dimens\u00e3o da experi\u00eancia, na tentativa de compreender, de forma integrada, tanto as elabora\u00e7\u00f5es intelectuais e art\u00edsticas dos diversos sujeitos e grupos quanto as perspectivas expressas em suas pr\u00e1ticas, viv\u00eancias e rela\u00e7\u00f5es cotidianas. <\/span><\/p>\n<p style=\"text-align: justify;\"><span style=\"color: #000000;\">S\u00e3o docentes desta linha: Crislayne Gloss Mar\u00e3o Alfagali, Diego Antonio Galeano, Felipe Azevedo e Souza, Ju\u00e7ara Barbosa, Larissa Rosa Correa, Leonardo A. M. Pereira e Regiane Augusto de Mattos.<\/span><\/p>\n<p>&nbsp;<\/p>\n<p>&nbsp;<\/p>\n<h3 style=\"text-align: justify;\"><span style=\"color: #000000;\"><strong>Linhas de pesquisa 3:\u00a0Hist\u00f3ria da Arte e da Arquitetura<\/strong><\/span><\/h3>\n<p>&nbsp;<\/p>\n<p style=\"text-align: justify;\"><span style=\"color: #000000;\">A motiva\u00e7\u00e3o b\u00e1sica desta linha de pesquisa \u00e9 promover uma reflex\u00e3o cr\u00edtica sobre a arte e a arquitetura, com \u00eanfase nas suas formas de historicidade e com aten\u00e7\u00e3o\u00a0 para a produ\u00e7\u00e3o historiogr\u00e1fica. Longe de priorizar uma leitura exclusivamente interna da hist\u00f3ria da arte, procura tecer enlaces com campos da Filosofia, da Est\u00e9tica, da Cultura, da Antropologia e demais \u00e1reas das ci\u00eancias sociais e humanas. O foco principal (mas n\u00e3o exclusivo) das pesquisas envolve o desenvolvimento hist\u00f3rico da arte na modernidade e contemporaneidade. <\/span><\/p>\n<p style=\"text-align: justify;\"><span style=\"color: #000000;\">S\u00e3o docentes desta linha: Jo\u00e3o Masao Kamita, Otavio Leon\u00eddio Ribeiro, Pedro Duarte de Andrade e Sergio Bruno Martins.<\/span><\/p>\n<p style=\"text-align: justify;\">\n<p><\/p>","protected":false},"excerpt":{"rendered":"<p>Linhas de Pesquisa &nbsp; Os Programas de mestrado e de doutorado t\u00eam por \u00e1rea de concentra\u00e7\u00e3o a Hist\u00f3ria Social da Cultura, e tr\u00eas linhas de pesquisa: &nbsp; Linhas de pesquisa 1:\u00a0Teoria, Historiografia e Hist\u00f3ria Intelectual &nbsp; Esta linha de pesquisa<a class=\"moretag\" href=\"https:\/\/www.his.puc-rio.br\/pb\/pos-graduacao\/linhas-de-pesquisa\/\">&#8230;<\/a><\/br><a href=\"https:\/\/www.his.puc-rio.br\/pb\/pos-graduacao\/linhas-de-pesquisa\/\" class=\"read-more\">Leia mais..  <span class=\"glyphicon glyphicon-chevron-right\" ><\/span><\/a><\/p>\n","protected":false},"author":1,"featured_media":0,"parent":18,"menu_order":22,"comment_status":"closed","ping_status":"closed","template":"page-templates\/full-width.php","meta":{"footnotes":""},"yoast_head":"<!-- This site is optimized with the Yoast SEO plugin v23.5 - https:\/\/yoast.com\/wordpress\/plugins\/seo\/ -->\n<title>LINHAS DE PESQUISA - Departamento de Hist\u00f3ria da PUC-Rio<\/title>\n<meta name=\"robots\" content=\"index, follow, max-snippet:-1, max-image-preview:large, max-video-preview:-1\" \/>\n<link rel=\"canonical\" href=\"http:\/\/www.his.puc-rio.br\/pb\/pos-graduacao\/linhas-de-pesquisa\/\" \/>\n<meta property=\"og:locale\" content=\"pt_BR\" \/>\n<meta property=\"og:type\" content=\"article\" \/>\n<meta property=\"og:title\" content=\"LINHAS DE PESQUISA - Departamento de Hist\u00f3ria da PUC-Rio\" \/>\n<meta property=\"og:description\" content=\"Linhas de Pesquisa &nbsp; Os Programas de mestrado e de doutorado t\u00eam por \u00e1rea de concentra\u00e7\u00e3o a Hist\u00f3ria Social da Cultura, e tr\u00eas linhas de pesquisa: &nbsp; Linhas de pesquisa 1:\u00a0Teoria, Historiografia e Hist\u00f3ria Intelectual &nbsp; Esta linha de pesquisa...Leia mais..\" \/>\n<meta property=\"og:url\" content=\"http:\/\/www.his.puc-rio.br\/pb\/pos-graduacao\/linhas-de-pesquisa\/\" \/>\n<meta property=\"og:site_name\" content=\"Departamento de Hist\u00f3ria da PUC-Rio\" \/>\n<meta property=\"article:modified_time\" content=\"2025-06-10T13:10:51+00:00\" \/>\n<meta name=\"twitter:card\" content=\"summary_large_image\" \/>\n<meta name=\"twitter:label1\" content=\"Est. tempo de leitura\" \/>\n\t<meta name=\"twitter:data1\" content=\"3 minutos\" \/>\n<script type=\"application\/ld+json\" class=\"yoast-schema-graph\">{\"@context\":\"https:\/\/schema.org\",\"@graph\":[{\"@type\":\"WebPage\",\"@id\":\"http:\/\/www.his.puc-rio.br\/pb\/pos-graduacao\/linhas-de-pesquisa\/\",\"url\":\"http:\/\/www.his.puc-rio.br\/pb\/pos-graduacao\/linhas-de-pesquisa\/\",\"name\":\"LINHAS DE PESQUISA - Departamento de Hist\u00f3ria da PUC-Rio\",\"isPartOf\":{\"@id\":\"http:\/\/www.his.puc-rio.br\/pb\/#website\"},\"datePublished\":\"2016-05-17T15:42:59+00:00\",\"dateModified\":\"2025-06-10T13:10:51+00:00\",\"breadcrumb\":{\"@id\":\"http:\/\/www.his.puc-rio.br\/pb\/pos-graduacao\/linhas-de-pesquisa\/#breadcrumb\"},\"inLanguage\":\"pt-BR\",\"potentialAction\":[{\"@type\":\"ReadAction\",\"target\":[[\"http:\/\/www.his.puc-rio.br\/pb\/pos-graduacao\/linhas-de-pesquisa\/\"]]}]},{\"@type\":\"BreadcrumbList\",\"@id\":\"http:\/\/www.his.puc-rio.br\/pb\/pos-graduacao\/linhas-de-pesquisa\/#breadcrumb\",\"itemListElement\":[{\"@type\":\"ListItem\",\"position\":1,\"name\":\"In\u00edcio\",\"item\":\"http:\/\/www.his.puc-rio.br\/pb\/\"},{\"@type\":\"ListItem\",\"position\":2,\"name\":\"P\u00d3S GRADUA\u00c7\u00c3O\",\"item\":\"http:\/\/www.his.puc-rio.br\/pb\/pos-graduacao\/\"},{\"@type\":\"ListItem\",\"position\":3,\"name\":\"LINHAS DE PESQUISA\"}]},{\"@type\":\"WebSite\",\"@id\":\"http:\/\/www.his.puc-rio.br\/pb\/#website\",\"url\":\"http:\/\/www.his.puc-rio.br\/pb\/\",\"name\":\"Departamento de Hist\u00f3ria da PUC-Rio\",\"description\":\"Cursos de Gradua\u00e7\u00e3o, P\u00f3s-gradua\u00e7\u00e3o, Mestrado e Doutorado\",\"potentialAction\":[{\"@type\":\"SearchAction\",\"target\":{\"@type\":\"EntryPoint\",\"urlTemplate\":\"http:\/\/www.his.puc-rio.br\/pb\/?s={search_term_string}\"},\"query-input\":{\"@type\":\"PropertyValueSpecification\",\"valueRequired\":true,\"valueName\":\"search_term_string\"}}],\"inLanguage\":\"pt-BR\"}]}<\/script>\n<!-- \/ Yoast SEO plugin. -->","yoast_head_json":{"title":"LINHAS DE PESQUISA - Departamento de Hist\u00f3ria da PUC-Rio","robots":{"index":"index","follow":"follow","max-snippet":"max-snippet:-1","max-image-preview":"max-image-preview:large","max-video-preview":"max-video-preview:-1"},"canonical":"http:\/\/www.his.puc-rio.br\/pb\/pos-graduacao\/linhas-de-pesquisa\/","og_locale":"pt_BR","og_type":"article","og_title":"LINHAS DE PESQUISA - Departamento de Hist\u00f3ria da PUC-Rio","og_description":"Linhas de Pesquisa &nbsp; Os Programas de mestrado e de doutorado t\u00eam por \u00e1rea de concentra\u00e7\u00e3o a Hist\u00f3ria Social da Cultura, e tr\u00eas linhas de pesquisa: &nbsp; Linhas de pesquisa 1:\u00a0Teoria, Historiografia e Hist\u00f3ria Intelectual &nbsp; Esta linha de pesquisa...Leia mais..","og_url":"http:\/\/www.his.puc-rio.br\/pb\/pos-graduacao\/linhas-de-pesquisa\/","og_site_name":"Departamento de Hist\u00f3ria da PUC-Rio","article_modified_time":"2025-06-10T13:10:51+00:00","twitter_card":"summary_large_image","twitter_misc":{"Est. tempo de leitura":"3 minutos"},"schema":{"@context":"https:\/\/schema.org","@graph":[{"@type":"WebPage","@id":"http:\/\/www.his.puc-rio.br\/pb\/pos-graduacao\/linhas-de-pesquisa\/","url":"http:\/\/www.his.puc-rio.br\/pb\/pos-graduacao\/linhas-de-pesquisa\/","name":"LINHAS DE PESQUISA - Departamento de Hist\u00f3ria da PUC-Rio","isPartOf":{"@id":"http:\/\/www.his.puc-rio.br\/pb\/#website"},"datePublished":"2016-05-17T15:42:59+00:00","dateModified":"2025-06-10T13:10:51+00:00","breadcrumb":{"@id":"http:\/\/www.his.puc-rio.br\/pb\/pos-graduacao\/linhas-de-pesquisa\/#breadcrumb"},"inLanguage":"pt-BR","potentialAction":[{"@type":"ReadAction","target":[["http:\/\/www.his.puc-rio.br\/pb\/pos-graduacao\/linhas-de-pesquisa\/"]]}]},{"@type":"BreadcrumbList","@id":"http:\/\/www.his.puc-rio.br\/pb\/pos-graduacao\/linhas-de-pesquisa\/#breadcrumb","itemListElement":[{"@type":"ListItem","position":1,"name":"In\u00edcio","item":"http:\/\/www.his.puc-rio.br\/pb\/"},{"@type":"ListItem","position":2,"name":"P\u00d3S GRADUA\u00c7\u00c3O","item":"http:\/\/www.his.puc-rio.br\/pb\/pos-graduacao\/"},{"@type":"ListItem","position":3,"name":"LINHAS DE PESQUISA"}]},{"@type":"WebSite","@id":"http:\/\/www.his.puc-rio.br\/pb\/#website","url":"http:\/\/www.his.puc-rio.br\/pb\/","name":"Departamento de Hist\u00f3ria da PUC-Rio","description":"Cursos de Gradua\u00e7\u00e3o, P\u00f3s-gradua\u00e7\u00e3o, Mestrado e Doutorado","potentialAction":[{"@type":"SearchAction","target":{"@type":"EntryPoint","urlTemplate":"http:\/\/www.his.puc-rio.br\/pb\/?s={search_term_string}"},"query-input":{"@type":"PropertyValueSpecification","valueRequired":true,"valueName":"search_term_string"}}],"inLanguage":"pt-BR"}]}},"_links":{"self":[{"href":"https:\/\/www.his.puc-rio.br\/pb\/wp-json\/wp\/v2\/pages\/36"}],"collection":[{"href":"https:\/\/www.his.puc-rio.br\/pb\/wp-json\/wp\/v2\/pages"}],"about":[{"href":"https:\/\/www.his.puc-rio.br\/pb\/wp-json\/wp\/v2\/types\/page"}],"author":[{"embeddable":true,"href":"https:\/\/www.his.puc-rio.br\/pb\/wp-json\/wp\/v2\/users\/1"}],"replies":[{"embeddable":true,"href":"https:\/\/www.his.puc-rio.br\/pb\/wp-json\/wp\/v2\/comments?post=36"}],"version-history":[{"count":34,"href":"https:\/\/www.his.puc-rio.br\/pb\/wp-json\/wp\/v2\/pages\/36\/revisions"}],"predecessor-version":[{"id":4897,"href":"https:\/\/www.his.puc-rio.br\/pb\/wp-json\/wp\/v2\/pages\/36\/revisions\/4897"}],"up":[{"embeddable":true,"href":"https:\/\/www.his.puc-rio.br\/pb\/wp-json\/wp\/v2\/pages\/18"}],"wp:attachment":[{"href":"https:\/\/www.his.puc-rio.br\/pb\/wp-json\/wp\/v2\/media?parent=36"}],"curies":[{"name":"wp","href":"https:\/\/api.w.org\/{rel}","templated":true}]}}